{"id":21771,"date":"2021-02-21T14:44:51","date_gmt":"2021-02-21T14:44:51","guid":{"rendered":"https:\/\/www.autonvaraosahaku.fi\/?product=dakatec-130016-alapallonivel"},"modified":"2021-02-21T14:44:53","modified_gmt":"2021-02-21T14:44:53","slug":"dakatec-130016-alapallonivel","status":"publish","type":"product","link":"https:\/\/www.autonvaraosahaku.fi\/?product=dakatec-130016-alapallonivel","title":{"rendered":"DAKAtec 130016 Alapallonivel"},"content":{"rendered":"<p>Kiinnitysmalli: Kumimetallilaakeri; Asennuspuoli: Taka-akseli, molemminpuolinen; Sis\u00e4l\u00e4pimitta [mm]: 16; Ulkol\u00e4pimitta [mm]: 57,0; Paino [g]: 560; BMW: 5 E39,5 E60,5 Touring E61,5 Touring E39,X5 E53,7 E38,7 E65, E66, E67,6 E63,6 Cabriolet E64,Z8 E52; 1095631, 33321090504, 33321095631, 33326767748, 6767748; Pallonivel<\/p>\n","protected":false},"excerpt":{"rendered":"<p>DAKAtec Alapallonivel 130016 Pallonivel BMW,5 E39,5 E60,5 Touring E61,5 Touring E39,X5 E53,7 E38,7 E65, E66, E67,6 E63,6 Cabriolet E64,Z8 E52<\/p>\n","protected":false},"featured_media":0,"template":"","meta":{"site-sidebar-layout":"default","site-content-layout":"default","ast-global-header-display":"","ast-main-header-display":"","ast-hfb-above-header-display":"","ast-hfb-below-header-display":"","ast-hfb-mobile-header-display":"","site-post-title":"","ast-breadcrumbs-content":"","ast-featured-img":"","footer-sml-layout":"","theme-transparent-header-meta":"","adv-header-id-meta":"","stick-header-meta":"","header-above-stick-meta":"","header-main-stick-meta":"","header-below-stick-meta":""},"pwb-brand":[283],"product_cat":[93],"product_tag":[],"class_list":{"0":"post-21771","1":"product","2":"type-product","3":"status-publish","5":"pwb-brand-dakatec","6":"product_cat-alapallonivel","7":"desktop-align-left","8":"tablet-align-left","9":"mobile-align-left","11":"first","12":"instock","13":"product-type-external"},"brands":[{"id":283,"name":"DAKAtec","slug":"dakatec"}],"_links":{"self":[{"href":"https:\/\/www.autonvaraosahaku.fi\/index.php?rest_route=\/wp\/v2\/product\/21771","targetHints":{"allow":["GET"]}}],"collection":[{"href":"https:\/\/www.autonvaraosahaku.fi\/index.php?rest_route=\/wp\/v2\/product"}],"about":[{"href":"https:\/\/www.autonvaraosahaku.fi\/index.php?rest_route=\/wp\/v2\/types\/product"}],"wp:attachment":[{"href":"https:\/\/www.autonvaraosahaku.fi\/index.php?rest_route=%2Fwp%2Fv2%2Fmedia&parent=21771"}],"wp:term":[{"taxonomy":"pwb-brand","embeddable":true,"href":"https:\/\/www.autonvaraosahaku.fi\/index.php?rest_route=%2Fwp%2Fv2%2Fpwb-brand&post=21771"},{"taxonomy":"product_cat","embeddable":true,"href":"https:\/\/www.autonvaraosahaku.fi\/index.php?rest_route=%2Fwp%2Fv2%2Fproduct_cat&post=21771"},{"taxonomy":"product_tag","embeddable":true,"href":"https:\/\/www.autonvaraosahaku.fi\/index.php?rest_route=%2Fwp%2Fv2%2Fproduct_tag&post=21771"}],"curies":[{"name":"wp","href":"https:\/\/api.w.org\/{rel}","templated":true}]}}