{"id":21778,"date":"2021-02-21T14:44:51","date_gmt":"2021-02-21T14:44:51","guid":{"rendered":"https:\/\/www.autonvaraosahaku.fi\/?product=hella-6pu-013-122-621-kampiakselin-asentotunnistin"},"modified":"2021-02-21T14:44:54","modified_gmt":"2021-02-21T14:44:54","slug":"hella-6pu-013-122-621-kampiakselin-asentotunnistin","status":"publish","type":"product","link":"https:\/\/www.autonvaraosahaku.fi\/?product=hella-6pu-013-122-621-kampiakselin-asentotunnistin","title":{"rendered":"HELLA 6PU 013 122-621 Kampiakselin asentotunnistin"},"content":{"rendered":"<p>Napojen m\u00e4\u00e4r\u00e4: 3; Tunnistinmalli: Hall-anturi; Korvaava tuote\/korvaava tiedote 2: Tiivisterenkaalla; NISSAN: PATHFINDER R51,350 Z Z33,MURANO Z50,350 Z Roadster Z33; INFINITI: FX,QX56,M35; RENAULT: ESPACE IV JK0\/1_,VEL SATIS BJ0_; 237317Y000, 237317Y001, 23731AJ616, 23731AL615, 23731AL616, 23731AL61A; Nokka Akselin Anturi,Nokka Akselin Tunnistin,Tunnistin, Nokka-Akselin Ajoitus<\/p>\n","protected":false},"excerpt":{"rendered":"<p>HELLA Nokka Akselin Asentotunnistin 6PU 013 122-621 Nokka Akselin Anturi,Nokka Akselin Tunnistin NISSAN,INFINITI,RENAULT,PATHFINDER R51,350 Z Z33<\/p>\n","protected":false},"featured_media":0,"template":"","meta":{"site-sidebar-layout":"default","site-content-layout":"default","ast-global-header-display":"","ast-main-header-display":"","ast-hfb-above-header-display":"","ast-hfb-below-header-display":"","ast-hfb-mobile-header-display":"","site-post-title":"","ast-breadcrumbs-content":"","ast-featured-img":"","footer-sml-layout":"","theme-transparent-header-meta":"","adv-header-id-meta":"","stick-header-meta":"","header-above-stick-meta":"","header-main-stick-meta":"","header-below-stick-meta":""},"pwb-brand":[24],"product_cat":[184],"product_tag":[],"class_list":{"0":"post-21778","1":"product","2":"type-product","3":"status-publish","5":"pwb-brand-hella","6":"product_cat-kampiakselin-asentotunnistin","7":"desktop-align-left","8":"tablet-align-left","9":"mobile-align-left","11":"first","12":"instock","13":"product-type-external"},"brands":[{"id":24,"name":"HELLA","slug":"hella"}],"_links":{"self":[{"href":"https:\/\/www.autonvaraosahaku.fi\/index.php?rest_route=\/wp\/v2\/product\/21778","targetHints":{"allow":["GET"]}}],"collection":[{"href":"https:\/\/www.autonvaraosahaku.fi\/index.php?rest_route=\/wp\/v2\/product"}],"about":[{"href":"https:\/\/www.autonvaraosahaku.fi\/index.php?rest_route=\/wp\/v2\/types\/product"}],"wp:attachment":[{"href":"https:\/\/www.autonvaraosahaku.fi\/index.php?rest_route=%2Fwp%2Fv2%2Fmedia&parent=21778"}],"wp:term":[{"taxonomy":"pwb-brand","embeddable":true,"href":"https:\/\/www.autonvaraosahaku.fi\/index.php?rest_route=%2Fwp%2Fv2%2Fpwb-brand&post=21778"},{"taxonomy":"product_cat","embeddable":true,"href":"https:\/\/www.autonvaraosahaku.fi\/index.php?rest_route=%2Fwp%2Fv2%2Fproduct_cat&post=21778"},{"taxonomy":"product_tag","embeddable":true,"href":"https:\/\/www.autonvaraosahaku.fi\/index.php?rest_route=%2Fwp%2Fv2%2Fproduct_tag&post=21778"}],"curies":[{"name":"wp","href":"https:\/\/api.w.org\/{rel}","templated":true}]}}