{"id":21831,"date":"2021-02-21T14:45:03","date_gmt":"2021-02-21T14:45:03","guid":{"rendered":"https:\/\/www.autonvaraosahaku.fi\/?product=topran-502-926-muut-luokat"},"modified":"2021-02-21T14:45:05","modified_gmt":"2021-02-21T14:45:05","slug":"topran-502-926-muut-luokat","status":"publish","type":"product","link":"https:\/\/www.autonvaraosahaku.fi\/?product=topran-502-926-muut-luokat","title":{"rendered":"TOPRAN 502 926 Muut luokat"},"content":{"rendered":"<p>Napojen m\u00e4\u00e4r\u00e4: 2; Lis\u00e4tarvike\/lis\u00e4tieto: Tiivisteill\u00e4; Huomioi ajoneuvovalmistajan vaatimukset: ; Moottorinumero: CooperS; BMW: 1 F20,3 Touring F31,3 F30, F35, F80,1 F21; MINI: MINI R56,MINI CLUBMAN R55,MINI Cabriolet R57,MINI COUNTRYMAN R60,MINI Coupe R58,MINI Roadster R59,MINI PACEMAN R61; 11367564734, 11367566652, 11367587760, 11367604292, 11368610388, 7564734, 7566652, 7587760, 7604292, 8610388, 11367564734, 11367566652, 11367587760, 11367604292, 11368610388, 7564734, 7566652, 7587760, 7604292, 8610388<\/p>\n","protected":false},"excerpt":{"rendered":"<p>TOPRAN S\u00e4\u00e4t\u00f6venttiili, Nokka-Akselin Ajoitus (Vvt) 502 926  BMW,MINI,1 F20,3 Touring F31,3 F30, F35, F80,1 F21,MINI R56,MINI CLUBMAN R55<\/p>\n","protected":false},"featured_media":0,"template":"","meta":{"site-sidebar-layout":"default","site-content-layout":"default","ast-global-header-display":"","ast-main-header-display":"","ast-hfb-above-header-display":"","ast-hfb-below-header-display":"","ast-hfb-mobile-header-display":"","site-post-title":"","ast-breadcrumbs-content":"","ast-featured-img":"","footer-sml-layout":"","theme-transparent-header-meta":"","adv-header-id-meta":"","stick-header-meta":"","header-above-stick-meta":"","header-main-stick-meta":"","header-below-stick-meta":""},"pwb-brand":[18],"product_cat":[37],"product_tag":[],"class_list":{"0":"post-21831","1":"product","2":"type-product","3":"status-publish","5":"pwb-brand-topran","6":"product_cat-muut-luokat","7":"desktop-align-left","8":"tablet-align-left","9":"mobile-align-left","11":"first","12":"instock","13":"product-type-external"},"brands":[{"id":18,"name":"TOPRAN","slug":"topran"}],"_links":{"self":[{"href":"https:\/\/www.autonvaraosahaku.fi\/index.php?rest_route=\/wp\/v2\/product\/21831","targetHints":{"allow":["GET"]}}],"collection":[{"href":"https:\/\/www.autonvaraosahaku.fi\/index.php?rest_route=\/wp\/v2\/product"}],"about":[{"href":"https:\/\/www.autonvaraosahaku.fi\/index.php?rest_route=\/wp\/v2\/types\/product"}],"wp:attachment":[{"href":"https:\/\/www.autonvaraosahaku.fi\/index.php?rest_route=%2Fwp%2Fv2%2Fmedia&parent=21831"}],"wp:term":[{"taxonomy":"pwb-brand","embeddable":true,"href":"https:\/\/www.autonvaraosahaku.fi\/index.php?rest_route=%2Fwp%2Fv2%2Fpwb-brand&post=21831"},{"taxonomy":"product_cat","embeddable":true,"href":"https:\/\/www.autonvaraosahaku.fi\/index.php?rest_route=%2Fwp%2Fv2%2Fproduct_cat&post=21831"},{"taxonomy":"product_tag","embeddable":true,"href":"https:\/\/www.autonvaraosahaku.fi\/index.php?rest_route=%2Fwp%2Fv2%2Fproduct_tag&post=21831"}],"curies":[{"name":"wp","href":"https:\/\/api.w.org\/{rel}","templated":true}]}}