{"id":21881,"date":"2021-02-21T14:45:17","date_gmt":"2021-02-21T14:45:17","guid":{"rendered":"https:\/\/www.autonvaraosahaku.fi\/?product=diederichs-dcc1955-ilmastoinnin-lauhdutin"},"modified":"2021-02-21T14:45:18","modified_gmt":"2021-02-21T14:45:18","slug":"diederichs-dcc1955-ilmastoinnin-lauhdutin","status":"publish","type":"product","link":"https:\/\/www.autonvaraosahaku.fi\/?product=diederichs-dcc1955-ilmastoinnin-lauhdutin","title":{"rendered":"DIEDERICHS DCC1955 Ilmastoinnin lauhdutin"},"content":{"rendered":"<p>Ulostulon l\u00e4pimitta [mm]: 10,2; Sis\u00e4\u00e4ntulol\u00e4pimitta [mm]: 15,5; Materiaali: Alumiini; Kylm\u00e4aine: R 134a; Laatu: ManZai; Korvaava tuote\/korvaava tiedote 2: Vedenerottimella, Vedenerottimella; lis\u00e4tieto: Climate; OPEL: VIVARO Combi,VIVARO Kasten,VIVARO Pritsche\/Fahrgestell; RENAULT: TRAFIC III Kasten,TRAFIC III Bus,TRAFIC III Pritsche\/Fahrgestell EG_; VAUXHALL: VIVARO Kasten,VIVARO Combi; 4422250, 4422251, 93868375, 93868376, 921000022R, 921008178R, 4422250, 4422251, 93868375, 93868376; Lauhdutin, Ilmastointilaite<\/p>\n","protected":false},"excerpt":{"rendered":"<p>DIEDERICHS Ilmastoinnin Lauhdutin DCC1955 Lauhdutin, Ilmastointilaite OPEL,RENAULT,VAUXHALL,VIVARO Combi,VIVARO Kasten,VIVARO Pritsche\/Fahrgestell<\/p>\n","protected":false},"featured_media":0,"template":"","meta":{"site-sidebar-layout":"default","site-content-layout":"default","ast-global-header-display":"","ast-main-header-display":"","ast-hfb-above-header-display":"","ast-hfb-below-header-display":"","ast-hfb-mobile-header-display":"","site-post-title":"","ast-breadcrumbs-content":"","ast-featured-img":"","footer-sml-layout":"","theme-transparent-header-meta":"","adv-header-id-meta":"","stick-header-meta":"","header-above-stick-meta":"","header-main-stick-meta":"","header-below-stick-meta":""},"pwb-brand":[227],"product_cat":[453],"product_tag":[],"class_list":{"0":"post-21881","1":"product","2":"type-product","3":"status-publish","5":"pwb-brand-diederichs","6":"product_cat-ilmastoinnin-lauhdutin","7":"desktop-align-left","8":"tablet-align-left","9":"mobile-align-left","11":"first","12":"instock","13":"product-type-external"},"brands":[{"id":227,"name":"DIEDERICHS","slug":"diederichs"}],"_links":{"self":[{"href":"https:\/\/www.autonvaraosahaku.fi\/index.php?rest_route=\/wp\/v2\/product\/21881","targetHints":{"allow":["GET"]}}],"collection":[{"href":"https:\/\/www.autonvaraosahaku.fi\/index.php?rest_route=\/wp\/v2\/product"}],"about":[{"href":"https:\/\/www.autonvaraosahaku.fi\/index.php?rest_route=\/wp\/v2\/types\/product"}],"wp:attachment":[{"href":"https:\/\/www.autonvaraosahaku.fi\/index.php?rest_route=%2Fwp%2Fv2%2Fmedia&parent=21881"}],"wp:term":[{"taxonomy":"pwb-brand","embeddable":true,"href":"https:\/\/www.autonvaraosahaku.fi\/index.php?rest_route=%2Fwp%2Fv2%2Fpwb-brand&post=21881"},{"taxonomy":"product_cat","embeddable":true,"href":"https:\/\/www.autonvaraosahaku.fi\/index.php?rest_route=%2Fwp%2Fv2%2Fproduct_cat&post=21881"},{"taxonomy":"product_tag","embeddable":true,"href":"https:\/\/www.autonvaraosahaku.fi\/index.php?rest_route=%2Fwp%2Fv2%2Fproduct_tag&post=21881"}],"curies":[{"name":"wp","href":"https:\/\/api.w.org\/{rel}","templated":true}]}}