{"id":21963,"date":"2021-02-21T14:45:34","date_gmt":"2021-02-21T14:45:34","guid":{"rendered":"https:\/\/www.autonvaraosahaku.fi\/?product=ridex-3938e0052-anturit-sensorit"},"modified":"2021-02-21T14:45:34","modified_gmt":"2021-02-21T14:45:34","slug":"ridex-3938e0052-anturit-sensorit","status":"publish","type":"product","link":"https:\/\/www.autonvaraosahaku.fi\/?product=ridex-3938e0052-anturit-sensorit","title":{"rendered":"RIDEX 3938E0052 Anturit (sensorit)"},"content":{"rendered":"<p>Kaapelinmitta (mm): 315; Napojen m\u00e4\u00e4r\u00e4: 2; Pakoputkisto: vor Turbolader; MERCEDES-BENZ: C-CLASS W204,A-CLASS W169,B-CLASS W245,C-CLASS T-Model S204,E-CLASS T-Model S211,E-CLASS W212,VIANO W639,B-CLASS W246, W242,E-CLASS T-Model S212,GLK-CLASS X204,VITO Bus W639,A-CLASS W176,VITO \/ MIXTO Kasten W639,SPRINTER 3,5-t Kasten 906,S-CLASS W221,R-CLASS W251, V251,M-CLASS W166,E-CLASS Coupe C207,C-CLASS Coupe C204,SPRINTER 3,5-t Bus 906,SPRINTER 3-t Kasten 906,SLK R172,E-CLASS Cabriolet A207,GL-CLASS X164,CLS C218,SPRINTER 3,5-t Pritsche\/Fahrgestell 906,SPRINTER 3-t Pritsche\/Fahrgestell 903,SPRINTER 3-t Bus 906,CLS Shooting Brake X218,S-CLASS W222, V222, X222,SPRINTER 2-t Pritsche\/Fahrgestell 901, 902,SPRINTER 5-t Kasten 906,SPRINTER 5-t Pritsche\/Fahrgestell 906,SPRINTER 3-t Pritsche\/Fahrgestell 906,SPRINTER 4,6-t Pritsche\/Fahrgestell 906,C-CLASS T-Model S205,SPRINTER 4,6-t Kasten 906,C-CLASS W205,V-CLASS W447,VITO Tourer W447,VITO Kasten W447,GLE W166,VITO Mixto W447; 0009056404, 0081532228, A0009056404, A0081532228<\/p>\n","protected":false},"excerpt":{"rendered":"<p>RIDEX Tunnistin Pakokaasul\u00e4mp\u00f6tila 3938E0052  MERCEDES-BENZ,C-CLASS W204,A-CLASS W169,B-CLASS W245,C-CLASS T-Model S204,E-CLASS T-Model S211<\/p>\n","protected":false},"featured_media":0,"template":"","meta":{"site-sidebar-layout":"default","site-content-layout":"default","ast-global-header-display":"","ast-main-header-display":"","ast-hfb-above-header-display":"","ast-hfb-below-header-display":"","ast-hfb-mobile-header-display":"","site-post-title":"","ast-breadcrumbs-content":"","ast-featured-img":"","footer-sml-layout":"","theme-transparent-header-meta":"","adv-header-id-meta":"","stick-header-meta":"","header-above-stick-meta":"","header-main-stick-meta":"","header-below-stick-meta":""},"pwb-brand":[157],"product_cat":[98],"product_tag":[],"class_list":{"0":"post-21963","1":"product","2":"type-product","3":"status-publish","5":"pwb-brand-ridex","6":"product_cat-anturit-sensorit","7":"desktop-align-left","8":"tablet-align-left","9":"mobile-align-left","11":"first","12":"instock","13":"product-type-external"},"brands":[{"id":157,"name":"RIDEX","slug":"ridex"}],"_links":{"self":[{"href":"https:\/\/www.autonvaraosahaku.fi\/index.php?rest_route=\/wp\/v2\/product\/21963","targetHints":{"allow":["GET"]}}],"collection":[{"href":"https:\/\/www.autonvaraosahaku.fi\/index.php?rest_route=\/wp\/v2\/product"}],"about":[{"href":"https:\/\/www.autonvaraosahaku.fi\/index.php?rest_route=\/wp\/v2\/types\/product"}],"wp:attachment":[{"href":"https:\/\/www.autonvaraosahaku.fi\/index.php?rest_route=%2Fwp%2Fv2%2Fmedia&parent=21963"}],"wp:term":[{"taxonomy":"pwb-brand","embeddable":true,"href":"https:\/\/www.autonvaraosahaku.fi\/index.php?rest_route=%2Fwp%2Fv2%2Fpwb-brand&post=21963"},{"taxonomy":"product_cat","embeddable":true,"href":"https:\/\/www.autonvaraosahaku.fi\/index.php?rest_route=%2Fwp%2Fv2%2Fproduct_cat&post=21963"},{"taxonomy":"product_tag","embeddable":true,"href":"https:\/\/www.autonvaraosahaku.fi\/index.php?rest_route=%2Fwp%2Fv2%2Fproduct_tag&post=21963"}],"curies":[{"name":"wp","href":"https:\/\/api.w.org\/{rel}","templated":true}]}}