{"id":21964,"date":"2021-02-21T14:45:34","date_gmt":"2021-02-21T14:45:34","guid":{"rendered":"https:\/\/www.autonvaraosahaku.fi\/?product=master-sport-6546-set-ms-pyoranlaakerit"},"modified":"2021-02-21T14:45:35","modified_gmt":"2021-02-21T14:45:35","slug":"master-sport-6546-set-ms-pyoranlaakerit","status":"publish","type":"product","link":"https:\/\/www.autonvaraosahaku.fi\/?product=master-sport-6546-set-ms-pyoranlaakerit","title":{"rendered":"MASTER-SPORT 6546-SET-MS Py\u00f6r\u00e4nlaakerit"},"content":{"rendered":"<p>Leveys (mm): 42,25; Sis\u00e4l\u00e4pimitta [mm]: 45; Nettopaino [kg]: 1,93; Bruttopaino [kg]: 2,03; Asennuspuoli: Vorderachse; VW: PHAETON 3D_; AUDI: A6 Avant 4F5, C6,A6 4F2, C6,A8 4E_,A8 4D2, 4D8,A6 Allroad 4FH, C6,R8 42,R8 Spyder; 4E0407623, 4E0407625D, 4E0498625B, 4F0498625A, 4F0598625A, 4F0598625B, 8E0407643B, WHT000237, 3D0498607, 3D0498607A, 4D0505445, 4E0505445, 8E0407643B; Py\u00f6r\u00e4nlaakerisarja<\/p>\n","protected":false},"excerpt":{"rendered":"<p>MASTER-SPORT Py\u00f6r\u00e4nlaakerit 6546-SET-MS Py\u00f6r\u00e4nlaakerisarja VW,AUDI,PHAETON 3D_,A6 Avant 4F5, C6,A6 4F2, C6,A8 4E_,A8 4D2, 4D8,A6 Allroad 4FH, C6,R8 42<\/p>\n","protected":false},"featured_media":0,"template":"","meta":{"site-sidebar-layout":"default","site-content-layout":"default","ast-global-header-display":"","ast-main-header-display":"","ast-hfb-above-header-display":"","ast-hfb-below-header-display":"","ast-hfb-mobile-header-display":"","site-post-title":"","ast-breadcrumbs-content":"","ast-featured-img":"","footer-sml-layout":"","theme-transparent-header-meta":"","adv-header-id-meta":"","stick-header-meta":"","header-above-stick-meta":"","header-main-stick-meta":"","header-below-stick-meta":""},"pwb-brand":[61],"product_cat":[83],"product_tag":[],"class_list":{"0":"post-21964","1":"product","2":"type-product","3":"status-publish","5":"pwb-brand-master-sport","6":"product_cat-pyoranlaakerit","7":"desktop-align-left","8":"tablet-align-left","9":"mobile-align-left","11":"first","12":"instock","13":"product-type-external"},"brands":[{"id":61,"name":"MASTER-SPORT","slug":"master-sport"}],"_links":{"self":[{"href":"https:\/\/www.autonvaraosahaku.fi\/index.php?rest_route=\/wp\/v2\/product\/21964","targetHints":{"allow":["GET"]}}],"collection":[{"href":"https:\/\/www.autonvaraosahaku.fi\/index.php?rest_route=\/wp\/v2\/product"}],"about":[{"href":"https:\/\/www.autonvaraosahaku.fi\/index.php?rest_route=\/wp\/v2\/types\/product"}],"wp:attachment":[{"href":"https:\/\/www.autonvaraosahaku.fi\/index.php?rest_route=%2Fwp%2Fv2%2Fmedia&parent=21964"}],"wp:term":[{"taxonomy":"pwb-brand","embeddable":true,"href":"https:\/\/www.autonvaraosahaku.fi\/index.php?rest_route=%2Fwp%2Fv2%2Fpwb-brand&post=21964"},{"taxonomy":"product_cat","embeddable":true,"href":"https:\/\/www.autonvaraosahaku.fi\/index.php?rest_route=%2Fwp%2Fv2%2Fproduct_cat&post=21964"},{"taxonomy":"product_tag","embeddable":true,"href":"https:\/\/www.autonvaraosahaku.fi\/index.php?rest_route=%2Fwp%2Fv2%2Fproduct_tag&post=21964"}],"curies":[{"name":"wp","href":"https:\/\/api.w.org\/{rel}","templated":true}]}}