{"id":21967,"date":"2021-02-21T14:45:34","date_gmt":"2021-02-21T14:45:34","guid":{"rendered":"https:\/\/www.autonvaraosahaku.fi\/?product=hella-4ra-933-791-161-muut-luokat"},"modified":"2021-02-21T14:45:35","modified_gmt":"2021-02-21T14:45:35","slug":"hella-4ra-933-791-161-muut-luokat","status":"publish","type":"product","link":"https:\/\/www.autonvaraosahaku.fi\/?product=hella-4ra-933-791-161-muut-luokat","title":{"rendered":"HELLA 4RA 933 791-161 Muut luokat"},"content":{"rendered":"<p>Nimellisj\u00e4nnite (V): 12; Kuormitusraja 12V: 40A; Napojen m\u00e4\u00e4r\u00e4: 5; Yhdistelm\u00e4kytkintoiminto: Sulkija; L\u00e4mp\u00f6alue alkaen [\u00b0C]: -40; L\u00e4mp\u00f6tila-alue korkeintaan [\u00b0C]: 125; Induktiivinen kuorma [A]: 15; Kapasitiivinen kuorma: 5; Nimellisvirta [A]: 40; Ohmikuorma [A]: 40; Reletoiminto: K\u00e4ynnistin, Mukavuusvarusteet; M\u00e4\u00e4r\u00e4: 1; KIA: SPORTAGE SL,SPORTAGE JE_, KM_,SPORTAGE K00; MERCEDES-BENZ: VITO Bus 638,G-CLASS W460,SPRINTER 3-t Kasten 903,SPRINTER 2-t Bus 901, 902,V-CLASS 638\/2,G-CLASS W461,SPRINTER 2-t Kasten 901, 902,SPRINTER 3-t Bus 903,SPRINTER 3-t Pritsche\/Fahrgestell 903,T1 Bus 601,VITO Kasten 638,T1 Pritsche\/Fahrgestell 602,T1 Kasten 602,SPRINTER 4-t Pritsche\/Fahrgestell 904,T1 Pritsche\/Fahrgestell 601,T2\/LN1 Kasten\/Kombi,VARIO Kasten\/Kombi,SPRINTER 2-t Pritsche\/Fahrgestell 901, 902,T1 Kasten 601,VARIO Pritsche\/Fahrgestell,SPRINTER 4-t Kasten 904,T1 Bus 602,VARIO Kipper,T2\/LN1 Pritsche\/Fahrgestell,SPRINTER 4-t Bus 904,VARIO Bus,T2\/LN1 Kipper,VARIO Triebkopf,T2\/LN1 Triebkopf; LANCIA: Y 840A; FIAT: DUCATO Pritsche\/Fahrgestell 230,DUCATO Bus 230,PUNTO 176,CROMA 194,DUCATO Kasten 290,DUCATO Pritsche\/Fahrgestell 290,DUCATO Kasten 230L,DUCATO Kasten 280,DUCATO Pritsche\/Fahrgestell 280,DUCATO Panorama 280,BRAVO I 182,BRAVA 182,PUNTO Cabriolet 176C,MAREA Weekend 185,DUCATO Panorama 290,TIPO 160,CROMA 154,MAREA 185,TEMPRA 159,PUNTO Van 176L,TEMPRA S.W. 159,BRAVA Kombi US; ALFA ROMEO: 156 Sportwagon 932,156 932,SPIDER 916S_,SPIDER 115,SPIDER 939,145 930,155 167,146 930,SPIDER 105,SZ,RZ; MASERATI: 3200 GT Coupe,GHIBLI II; NEW HOLLAND: Boomer,Series 90,T1500,T3000,T4 (PowerStar),T4000,T5,T5000,T6,T7,T8,T9,TB,TD 5,TD3.50,TD4000F,TL,TL-A,TM,TN,TN-A,TNF-A,TS-A,TS100,TS110,TS90,WORKMASTER; FENDT: Farmer,Favorit,GT; CASE IH: MAXXUM,PUMA; 1243207, 61311243207, 04013007, 313320134, 4339372, 7612321, 82003697, 0K01118811, 0K9A018811, 39900580029, 0005458005, 0015423219, 0025451905, A0005458005, A0015423219, A0025451905, 99965700990<\/p>\n","protected":false},"excerpt":{"rendered":"<p>HELLA Rele, Ty\u00f6virta 4RA 933 791-161  KIA,MERCEDES-BENZ,LANCIA,SPORTAGE SL,SPORTAGE JE_, KM_,SPORTAGE K00,VITO Bus 638,G-CLASS W460<\/p>\n","protected":false},"featured_media":0,"template":"","meta":{"site-sidebar-layout":"default","site-content-layout":"default","ast-global-header-display":"","ast-main-header-display":"","ast-hfb-above-header-display":"","ast-hfb-below-header-display":"","ast-hfb-mobile-header-display":"","site-post-title":"","ast-breadcrumbs-content":"","ast-featured-img":"","footer-sml-layout":"","theme-transparent-header-meta":"","adv-header-id-meta":"","stick-header-meta":"","header-above-stick-meta":"","header-main-stick-meta":"","header-below-stick-meta":""},"pwb-brand":[24],"product_cat":[37],"product_tag":[],"class_list":{"0":"post-21967","1":"product","2":"type-product","3":"status-publish","5":"pwb-brand-hella","6":"product_cat-muut-luokat","7":"desktop-align-left","8":"tablet-align-left","9":"mobile-align-left","11":"first","12":"instock","13":"product-type-external"},"brands":[{"id":24,"name":"HELLA","slug":"hella"}],"_links":{"self":[{"href":"https:\/\/www.autonvaraosahaku.fi\/index.php?rest_route=\/wp\/v2\/product\/21967","targetHints":{"allow":["GET"]}}],"collection":[{"href":"https:\/\/www.autonvaraosahaku.fi\/index.php?rest_route=\/wp\/v2\/product"}],"about":[{"href":"https:\/\/www.autonvaraosahaku.fi\/index.php?rest_route=\/wp\/v2\/types\/product"}],"wp:attachment":[{"href":"https:\/\/www.autonvaraosahaku.fi\/index.php?rest_route=%2Fwp%2Fv2%2Fmedia&parent=21967"}],"wp:term":[{"taxonomy":"pwb-brand","embeddable":true,"href":"https:\/\/www.autonvaraosahaku.fi\/index.php?rest_route=%2Fwp%2Fv2%2Fpwb-brand&post=21967"},{"taxonomy":"product_cat","embeddable":true,"href":"https:\/\/www.autonvaraosahaku.fi\/index.php?rest_route=%2Fwp%2Fv2%2Fproduct_cat&post=21967"},{"taxonomy":"product_tag","embeddable":true,"href":"https:\/\/www.autonvaraosahaku.fi\/index.php?rest_route=%2Fwp%2Fv2%2Fproduct_tag&post=21967"}],"curies":[{"name":"wp","href":"https:\/\/api.w.org\/{rel}","templated":true}]}}