{"id":21968,"date":"2021-02-21T14:45:34","date_gmt":"2021-02-21T14:45:34","guid":{"rendered":"https:\/\/www.autonvaraosahaku.fi\/?product=meyle-626-725-0015-iskunvaimennin"},"modified":"2021-02-21T14:45:35","modified_gmt":"2021-02-21T14:45:35","slug":"meyle-626-725-0015-iskunvaimennin","status":"publish","type":"product","link":"https:\/\/www.autonvaraosahaku.fi\/?product=meyle-626-725-0015-iskunvaimennin","title":{"rendered":"MEYLE 626 725 0015 Iskunvaimennin"},"content":{"rendered":"<p>Asennuspuoli: Taka-akseli; Iskunvaimennin tyyppi: Kaasupaine; Iskunvaimennusj\u00e4rjestelm\u00e4: Kaksiputki; Iskunvaimennin malli: Teleskooppi-iskunvaimentaja; Iskunvaimennin asennustapa: Tappi ylh\u00e4\u00e4ll\u00e4, Silmukka alhaalla; Suositellun tarvikkeen tuotenumero: 714 740 0000; lis\u00e4tieto: ORIGINAL Quality; Alustarakenne: f\u00fcr Fahrzeuge ohne elektr. D\u00e4mpferregulierung; CHEVROLET: AVEO Schr\u00e4gheck T300,AVEO Stufenheck T300; OPEL: CORSA D,CORSA D Van; FIAT: GRANDE PUNTO 199,PUNTO EVO 199,PUNTO 199,PUNTO Van 199; ALFA ROMEO: MITO 955; VAUXHALL: CORSA Mk III D L_8; 95479781, 55700452, 55700608, 0436387, 0436388, 436387, 436388, 93189035, 93189036; Iskarit,Iskunvaimennin<\/p>\n","protected":false},"excerpt":{"rendered":"<p>MEYLE Iskunvaimentimet 626 725 0015 Iskarit,Iskunvaimennin CHEVROLET,OPEL,FIAT,AVEO Schr\u00e4gheck T300,AVEO Stufenheck T300,CORSA D,CORSA D Van<\/p>\n","protected":false},"featured_media":0,"template":"","meta":{"site-sidebar-layout":"default","site-content-layout":"default","ast-global-header-display":"","ast-main-header-display":"","ast-hfb-above-header-display":"","ast-hfb-below-header-display":"","ast-hfb-mobile-header-display":"","site-post-title":"","ast-breadcrumbs-content":"","ast-featured-img":"","footer-sml-layout":"","theme-transparent-header-meta":"","adv-header-id-meta":"","stick-header-meta":"","header-above-stick-meta":"","header-main-stick-meta":"","header-below-stick-meta":""},"pwb-brand":[84],"product_cat":[80],"product_tag":[],"class_list":{"0":"post-21968","1":"product","2":"type-product","3":"status-publish","5":"pwb-brand-meyle","6":"product_cat-iskunvaimennin","7":"desktop-align-left","8":"tablet-align-left","9":"mobile-align-left","11":"first","12":"instock","13":"product-type-external"},"brands":[{"id":84,"name":"MEYLE","slug":"meyle"}],"_links":{"self":[{"href":"https:\/\/www.autonvaraosahaku.fi\/index.php?rest_route=\/wp\/v2\/product\/21968","targetHints":{"allow":["GET"]}}],"collection":[{"href":"https:\/\/www.autonvaraosahaku.fi\/index.php?rest_route=\/wp\/v2\/product"}],"about":[{"href":"https:\/\/www.autonvaraosahaku.fi\/index.php?rest_route=\/wp\/v2\/types\/product"}],"wp:attachment":[{"href":"https:\/\/www.autonvaraosahaku.fi\/index.php?rest_route=%2Fwp%2Fv2%2Fmedia&parent=21968"}],"wp:term":[{"taxonomy":"pwb-brand","embeddable":true,"href":"https:\/\/www.autonvaraosahaku.fi\/index.php?rest_route=%2Fwp%2Fv2%2Fpwb-brand&post=21968"},{"taxonomy":"product_cat","embeddable":true,"href":"https:\/\/www.autonvaraosahaku.fi\/index.php?rest_route=%2Fwp%2Fv2%2Fproduct_cat&post=21968"},{"taxonomy":"product_tag","embeddable":true,"href":"https:\/\/www.autonvaraosahaku.fi\/index.php?rest_route=%2Fwp%2Fv2%2Fproduct_tag&post=21968"}],"curies":[{"name":"wp","href":"https:\/\/api.w.org\/{rel}","templated":true}]}}