{"id":21987,"date":"2021-02-21T14:45:38","date_gmt":"2021-02-21T14:45:38","guid":{"rendered":"https:\/\/www.autonvaraosahaku.fi\/?product=ridex-592o0034-oljypohja"},"modified":"2021-02-21T14:45:39","modified_gmt":"2021-02-21T14:45:39","slug":"ridex-592o0034-oljypohja","status":"publish","type":"product","link":"https:\/\/www.autonvaraosahaku.fi\/?product=ridex-592o0034-oljypohja","title":{"rendered":"RIDEX 592O0034 \u00d6ljypohja"},"content":{"rendered":"<p>Pituus (mm): 305; \u00d6ljypohjan materiaali: Ter\u00e4slevy; Korvaava tuote\/korvaava tiedote 2: ilman \u00f6ljypohjan tiivistett\u00e4, Tiivisterenkaalla; Lis\u00e4tarvike\/lis\u00e4tieto: \u00d6ljynp\u00e4\u00e4st\u00f6ruuvilla; Leveys (mm): 255; Huomioi j\u00e4rjestelm\u00e4-t\u00e4ytt\u00f6m\u00e4\u00e4r\u00e4: ; Korkeus (mm): 60; Osa: Ala osa; Paino [kg]: 1,221; Pakkaussyvyys [cm]: 28,6; OPEL: CORSA D,CORSA C F08, F68,ASTRA H Caravan L35,MERIVA,ASTRA G CC F48_, F08_,ASTRA H L48,ASTRA G Caravan F35_,ASTRA H GTC L08,COMBO Kasten\/Kombi,ASTRA G Stufenheck F69_,COMBO Tour,CORSA C Kasten F08, W5L; VAUXHALL: ASTRA Mk V H CC,CORSA Mk II C W5L, F08,ASTRA Mk V H Estate,ASTRA Mk IV G CC,CORSAVAN Mk II C,ASTRA Mk IV G Sedan,MERIVA Mk I A,ASTRAVAN Mk IV G,COMBO Mk II C Kasten\/Kombi F25,ASTRA Mk IV G Estate; 0652023, 0652067, 0652307, 5652017, 652023, 652307, 97186834, 97350738, 98020764, 98020765<\/p>\n","protected":false},"excerpt":{"rendered":"<p>RIDEX \u00d6ljypohja 592O0034  OPEL,VAUXHALL,CORSA D,CORSA C F08, F68,ASTRA H Caravan L35,MERIVA,ASTRA G CC F48_, F08_,ASTRA H L48,ASTRA G Caravan F35_<\/p>\n","protected":false},"featured_media":0,"template":"","meta":{"site-sidebar-layout":"default","site-content-layout":"default","ast-global-header-display":"","ast-main-header-display":"","ast-hfb-above-header-display":"","ast-hfb-below-header-display":"","ast-hfb-mobile-header-display":"","site-post-title":"","ast-breadcrumbs-content":"","ast-featured-img":"","footer-sml-layout":"","theme-transparent-header-meta":"","adv-header-id-meta":"","stick-header-meta":"","header-above-stick-meta":"","header-main-stick-meta":"","header-below-stick-meta":""},"pwb-brand":[157],"product_cat":[225],"product_tag":[],"class_list":{"0":"post-21987","1":"product","2":"type-product","3":"status-publish","5":"pwb-brand-ridex","6":"product_cat-oljypohja","7":"desktop-align-left","8":"tablet-align-left","9":"mobile-align-left","11":"first","12":"instock","13":"product-type-external"},"brands":[{"id":157,"name":"RIDEX","slug":"ridex"}],"_links":{"self":[{"href":"https:\/\/www.autonvaraosahaku.fi\/index.php?rest_route=\/wp\/v2\/product\/21987","targetHints":{"allow":["GET"]}}],"collection":[{"href":"https:\/\/www.autonvaraosahaku.fi\/index.php?rest_route=\/wp\/v2\/product"}],"about":[{"href":"https:\/\/www.autonvaraosahaku.fi\/index.php?rest_route=\/wp\/v2\/types\/product"}],"wp:attachment":[{"href":"https:\/\/www.autonvaraosahaku.fi\/index.php?rest_route=%2Fwp%2Fv2%2Fmedia&parent=21987"}],"wp:term":[{"taxonomy":"pwb-brand","embeddable":true,"href":"https:\/\/www.autonvaraosahaku.fi\/index.php?rest_route=%2Fwp%2Fv2%2Fpwb-brand&post=21987"},{"taxonomy":"product_cat","embeddable":true,"href":"https:\/\/www.autonvaraosahaku.fi\/index.php?rest_route=%2Fwp%2Fv2%2Fproduct_cat&post=21987"},{"taxonomy":"product_tag","embeddable":true,"href":"https:\/\/www.autonvaraosahaku.fi\/index.php?rest_route=%2Fwp%2Fv2%2Fproduct_tag&post=21987"}],"curies":[{"name":"wp","href":"https:\/\/api.w.org\/{rel}","templated":true}]}}