{"id":22001,"date":"2021-02-21T14:45:42","date_gmt":"2021-02-21T14:45:42","guid":{"rendered":"https:\/\/www.autonvaraosahaku.fi\/?product=ridex-3886v0020-huohotin"},"modified":"2021-02-21T14:45:42","modified_gmt":"2021-02-21T14:45:42","slug":"ridex-3886v0020-huohotin","status":"publish","type":"product","link":"https:\/\/www.autonvaraosahaku.fi\/?product=ridex-3886v0020-huohotin","title":{"rendered":"RIDEX 3886V0020 Huohotin"},"content":{"rendered":"<p>Asennuspuoli: Sylinterikansi; Korkeus (mm): 90; Ruuvikanta\/mutteriprofiili: Torx, ulko, Torx; Suositeltu vaihtov\u00e4li [km]: 60000; Paino [kg]: 0,38; Kotelomateriaali: Polyamidi 6.6; Pituus (mm): 240; Leveys (mm): 75; K\u00e4ytt\u00f6: paineohjattu; Venttiilimalli: Ilmanpoistoventtiili, Kalvonventtiili; Korvaava tuote\/korvaava tiedote 2: Ruuveilla; Suositeltu vaihtov\u00e4li [vuotta]: 3; Pakkaussyvyys [cm]: 24; MERCEDES-BENZ: C-CLASS W203,E-CLASS W211,C-CLASS T-Model S203,E-CLASS T-Model S211,C-CLASS Coupe CL203,CLK C209,S-CLASS W220,CLC-CLASS CL203; 6460101462, A6460101462; Venttiili, Kampikammiotuuletus<\/p>\n","protected":false},"excerpt":{"rendered":"<p>RIDEX Huohotin 3886V0020 Venttiili, Kampikammiotuuletus MERCEDES-BENZ,C-CLASS W203,E-CLASS W211,C-CLASS T-Model S203,E-CLASS T-Model S211<\/p>\n","protected":false},"featured_media":0,"template":"","meta":{"site-sidebar-layout":"default","site-content-layout":"default","ast-global-header-display":"","ast-main-header-display":"","ast-hfb-above-header-display":"","ast-hfb-below-header-display":"","ast-hfb-mobile-header-display":"","site-post-title":"","ast-breadcrumbs-content":"","ast-featured-img":"","footer-sml-layout":"","theme-transparent-header-meta":"","adv-header-id-meta":"","stick-header-meta":"","header-above-stick-meta":"","header-main-stick-meta":"","header-below-stick-meta":""},"pwb-brand":[157],"product_cat":[125],"product_tag":[],"class_list":{"0":"post-22001","1":"product","2":"type-product","3":"status-publish","5":"pwb-brand-ridex","6":"product_cat-huohotin","7":"desktop-align-left","8":"tablet-align-left","9":"mobile-align-left","11":"first","12":"instock","13":"product-type-external"},"brands":[{"id":157,"name":"RIDEX","slug":"ridex"}],"_links":{"self":[{"href":"https:\/\/www.autonvaraosahaku.fi\/index.php?rest_route=\/wp\/v2\/product\/22001","targetHints":{"allow":["GET"]}}],"collection":[{"href":"https:\/\/www.autonvaraosahaku.fi\/index.php?rest_route=\/wp\/v2\/product"}],"about":[{"href":"https:\/\/www.autonvaraosahaku.fi\/index.php?rest_route=\/wp\/v2\/types\/product"}],"wp:attachment":[{"href":"https:\/\/www.autonvaraosahaku.fi\/index.php?rest_route=%2Fwp%2Fv2%2Fmedia&parent=22001"}],"wp:term":[{"taxonomy":"pwb-brand","embeddable":true,"href":"https:\/\/www.autonvaraosahaku.fi\/index.php?rest_route=%2Fwp%2Fv2%2Fpwb-brand&post=22001"},{"taxonomy":"product_cat","embeddable":true,"href":"https:\/\/www.autonvaraosahaku.fi\/index.php?rest_route=%2Fwp%2Fv2%2Fproduct_cat&post=22001"},{"taxonomy":"product_tag","embeddable":true,"href":"https:\/\/www.autonvaraosahaku.fi\/index.php?rest_route=%2Fwp%2Fv2%2Fproduct_tag&post=22001"}],"curies":[{"name":"wp","href":"https:\/\/api.w.org\/{rel}","templated":true}]}}