{"id":22012,"date":"2021-02-21T14:45:42","date_gmt":"2021-02-21T14:45:42","guid":{"rendered":"https:\/\/www.autonvaraosahaku.fi\/?product=dakatec-40014w-pissapojan-pumppu"},"modified":"2021-02-21T14:45:44","modified_gmt":"2021-02-21T14:45:44","slug":"dakatec-40014w-pissapojan-pumppu","status":"publish","type":"product","link":"https:\/\/www.autonvaraosahaku.fi\/?product=dakatec-40014w-pissapojan-pumppu","title":{"rendered":"DAKAtec 40014W Pissapojan pumppu"},"content":{"rendered":"<p>Pumpputyyppi: Kaksoispumppu; J\u00e4nnite (V): 12,0; K\u00e4ytt\u00f6: S\u00e4hk\u00f6inen; Paino [g]: 80; Moottorinumero: UKBA; VOLVO: V70 II SW,V50 MW,XC90 I,V70 I LV,V70 III BW,C30,XC70 CROSS COUNTRY,XC70 II; FORD: MONDEO III Kombi BWY,FOCUS II Kombi DA_,MONDEO IV Turnier BA7,FOCUS II DA_,S-MAX WA6,FOCUS C-MAX,GALAXY WA6,KUGA I,MONDEO III B5Y,C-MAX DM2,MONDEO IV BA7,MONDEO III Stufenheck B4Y,FOCUS II Stufenheck DA_; 1231600, 1355124, 1S7117K624FD, 1S7117K624FE, 30663139, 30699391, 30699952, 31349228; Pesurin Pumppu,Lasinpesurin Pumppu,Pesunestepumppu, Lasinpesu<\/p>\n","protected":false},"excerpt":{"rendered":"<p>DAKAtec Pissapojan Pumppu 40014W Pesurin Pumppu,Lasinpesurin Pumppu VOLVO,FORD,V70 II SW,V50 MW,XC90 I,V70 I LV,V70 III BW,C30,XC70 CROSS COUNTRY<\/p>\n","protected":false},"featured_media":0,"template":"","meta":{"site-sidebar-layout":"default","site-content-layout":"default","ast-global-header-display":"","ast-main-header-display":"","ast-hfb-above-header-display":"","ast-hfb-below-header-display":"","ast-hfb-mobile-header-display":"","site-post-title":"","ast-breadcrumbs-content":"","ast-featured-img":"","footer-sml-layout":"","theme-transparent-header-meta":"","adv-header-id-meta":"","stick-header-meta":"","header-above-stick-meta":"","header-main-stick-meta":"","header-below-stick-meta":""},"pwb-brand":[283],"product_cat":[182],"product_tag":[],"class_list":{"0":"post-22012","1":"product","2":"type-product","3":"status-publish","5":"pwb-brand-dakatec","6":"product_cat-pissapojan-pumppu","7":"desktop-align-left","8":"tablet-align-left","9":"mobile-align-left","11":"first","12":"instock","13":"product-type-external"},"brands":[{"id":283,"name":"DAKAtec","slug":"dakatec"}],"_links":{"self":[{"href":"https:\/\/www.autonvaraosahaku.fi\/index.php?rest_route=\/wp\/v2\/product\/22012","targetHints":{"allow":["GET"]}}],"collection":[{"href":"https:\/\/www.autonvaraosahaku.fi\/index.php?rest_route=\/wp\/v2\/product"}],"about":[{"href":"https:\/\/www.autonvaraosahaku.fi\/index.php?rest_route=\/wp\/v2\/types\/product"}],"wp:attachment":[{"href":"https:\/\/www.autonvaraosahaku.fi\/index.php?rest_route=%2Fwp%2Fv2%2Fmedia&parent=22012"}],"wp:term":[{"taxonomy":"pwb-brand","embeddable":true,"href":"https:\/\/www.autonvaraosahaku.fi\/index.php?rest_route=%2Fwp%2Fv2%2Fpwb-brand&post=22012"},{"taxonomy":"product_cat","embeddable":true,"href":"https:\/\/www.autonvaraosahaku.fi\/index.php?rest_route=%2Fwp%2Fv2%2Fproduct_cat&post=22012"},{"taxonomy":"product_tag","embeddable":true,"href":"https:\/\/www.autonvaraosahaku.fi\/index.php?rest_route=%2Fwp%2Fv2%2Fproduct_tag&post=22012"}],"curies":[{"name":"wp","href":"https:\/\/api.w.org\/{rel}","templated":true}]}}