{"id":22024,"date":"2021-02-21T14:45:46","date_gmt":"2021-02-21T14:45:46","guid":{"rendered":"https:\/\/www.autonvaraosahaku.fi\/?product=era-770059a-polttoainepumppu"},"modified":"2021-02-21T14:45:47","modified_gmt":"2021-02-21T14:45:47","slug":"era-770059a-polttoainepumppu","status":"publish","type":"product","link":"https:\/\/www.autonvaraosahaku.fi\/?product=era-770059a-polttoainepumppu","title":{"rendered":"ERA 770059A Polttoainepumppu"},"content":{"rendered":"<p>Paino [kg]: 0,298; Paine (bar): 3; K\u00e4ytt\u00f6: S\u00e4hk\u00f6inen; Liittimi\u00e4: 2; Siirtom\u00e4\u00e4r\u00e4 (l\/h): 100; MAZDA: MX-5 II NB,MX-5 I NA,626 IV Hatchback GE,MX-3 EC,XEDOS 6 CA,323 C IV BG,FAMILIA IV BF,XEDOS 9 TA,MX-6 GE,FAMILIA IV BG,MPV I LV; NISSAN: PATHFINDER R50,200 SX S14,MAXIMA QX A33,MAXIMA QX A32,MAXIMA Station Wagon; DAIHATSU: CHARADE IV G200, G202,APPLAUSE I A101, A111; OPEL: CORSA C F08, F68,ZAFIRA A F75_,ASTRA G CC F48_, F08_,OMEGA A 16_, 17_, 19_,ASTRA G Caravan F35_,CORSA B 73_, 78_, 79_,AGILA A H00,VECTRA B 36_,OMEGA B Caravan 21_, 22_, 23_,OMEGA B 25_, 26_, 27_,TIGRA TwinTop,VECTRA B Caravan 31_,ASTRA G Cabriolet F67,ASTRA G Coupe F07_,COMBO Kasten\/Kombi,ASTRA G Stufenheck F69_,VECTRA B CC 38_,COMBO Tour,TIGRA 95_,CORSA C Kasten F08, W5L,COMBO 71_,MONTEREY A UBS_,ASTRA G Kasten F70,CORSA B Kombi F35; LANCIA: ZETA 220; CITRO\u00cbN: EVASION 22, U6,ZX N2,ZX Break N2; PEUGEOT: 806 221; MITSUBISHI: GALANT VI Station Wagon EA_,GALANT VI EA_,PAJERO II V3_W, V2_W, V4_W,COLT IV CA_A,ECLIPSE II D3_A,ECLIPSE I D2_A,SPACE RUNNER N6_W,SPACE RUNNER N1_W, N2_W,3000 GT Z16A,SIGMA F2_A, F1_A,SPACE WAGON N3_W, N4_W,GALANT V Stufenheck E5_A, E7_A, E8_A,GALANT V E5_A, E7_A, E8_A,PAJERO II Canvas Top V2_W, V4_W; VAUXHALL: ZAFIRA Mk I A F75,ASTRA Mk IV G CC,CORSA Mk I B,ASTRA Mk IV G Sedan,OMEGA B,VECTRA B CC,VECTRA B Estate,VECTRA B,ASTRAVAN Mk IV G,ASTRA Mk IV G Coupe F67,TIGRA Mk I F07,OMEGA B Estate,COMBO TOUR Mk II C F25,COMBO Mk II C Kasten\/Kombi F25,ASTRA Mk IV G Convertible,ASTRA Mk IV G Estate; 170421W700, 0815037, 0815039, 09120218, 091202180, 09128644, 09200109, 092001090, 09204647, 815037, 815039, 9120218, 91202180, 9128644, 9200109, 92001090, 9204647<\/p>\n","protected":false},"excerpt":{"rendered":"<p>ERA Polttoainepumppu 770059A  MAZDA,NISSAN,DAIHATSU,MX-5 II NB,MX-5 I NA,626 IV Hatchback GE,MX-3 EC,XEDOS 6 CA,323 C IV BG,FAMILIA IV BF,XEDOS 9 TA<\/p>\n","protected":false},"featured_media":0,"template":"","meta":{"site-sidebar-layout":"default","site-content-layout":"default","ast-global-header-display":"","ast-main-header-display":"","ast-hfb-above-header-display":"","ast-hfb-below-header-display":"","ast-hfb-mobile-header-display":"","site-post-title":"","ast-breadcrumbs-content":"","ast-featured-img":"","footer-sml-layout":"","theme-transparent-header-meta":"","adv-header-id-meta":"","stick-header-meta":"","header-above-stick-meta":"","header-main-stick-meta":"","header-below-stick-meta":""},"pwb-brand":[64],"product_cat":[73],"product_tag":[],"class_list":{"0":"post-22024","1":"product","2":"type-product","3":"status-publish","5":"pwb-brand-era","6":"product_cat-polttoainepumppu","7":"desktop-align-left","8":"tablet-align-left","9":"mobile-align-left","11":"first","12":"instock","13":"product-type-external"},"brands":[{"id":64,"name":"ERA","slug":"era"}],"_links":{"self":[{"href":"https:\/\/www.autonvaraosahaku.fi\/index.php?rest_route=\/wp\/v2\/product\/22024","targetHints":{"allow":["GET"]}}],"collection":[{"href":"https:\/\/www.autonvaraosahaku.fi\/index.php?rest_route=\/wp\/v2\/product"}],"about":[{"href":"https:\/\/www.autonvaraosahaku.fi\/index.php?rest_route=\/wp\/v2\/types\/product"}],"wp:attachment":[{"href":"https:\/\/www.autonvaraosahaku.fi\/index.php?rest_route=%2Fwp%2Fv2%2Fmedia&parent=22024"}],"wp:term":[{"taxonomy":"pwb-brand","embeddable":true,"href":"https:\/\/www.autonvaraosahaku.fi\/index.php?rest_route=%2Fwp%2Fv2%2Fpwb-brand&post=22024"},{"taxonomy":"product_cat","embeddable":true,"href":"https:\/\/www.autonvaraosahaku.fi\/index.php?rest_route=%2Fwp%2Fv2%2Fproduct_cat&post=22024"},{"taxonomy":"product_tag","embeddable":true,"href":"https:\/\/www.autonvaraosahaku.fi\/index.php?rest_route=%2Fwp%2Fv2%2Fproduct_tag&post=22024"}],"curies":[{"name":"wp","href":"https:\/\/api.w.org\/{rel}","templated":true}]}}