{"id":22040,"date":"2021-02-21T14:45:50","date_gmt":"2021-02-21T14:45:50","guid":{"rendered":"https:\/\/www.autonvaraosahaku.fi\/?product=hjs-82-15-4355-pakoputken-asennussarja"},"modified":"2021-02-21T14:45:50","modified_gmt":"2021-02-21T14:45:50","slug":"hjs-82-15-4355-pakoputken-asennussarja","status":"publish","type":"product","link":"https:\/\/www.autonvaraosahaku.fi\/?product=hjs-82-15-4355-pakoputken-asennussarja","title":{"rendered":"HJS 82 15 4355 Pakoputken asennussarja"},"content":{"rendered":"<p>Pakoputkisto: Katalysaattoria varten; Asennuspuoli: Edess\u00e4; Vain jnk. yhteydess\u00e4: OE Katalysator; L\u00e4pimitta 1 [mm]: 54; Korvaava tuote\/korvaava tiedote 2: asennusosilla; Moottorinumero: B 4204 S4; MAZDA: 3 BK,3 Stufenheck BK; VOLVO: V50 MW,C30,S40 II MS; FORD: FOCUS II Kombi DA_,MONDEO IV Turnier BA7,FOCUS II DA_,S-MAX WA6,FOCUS C-MAX,GALAXY WA6,C-MAX DM2,MONDEO IV BA7,FOCUS II Stufenheck DA_,FOCUS II Cabriolet,MONDEO IV Stufenheck BA7; 1253304, 1253454, 1257251, 1257252, 1313046, 1319964, 1323234, 1332771, 1339685, 1342483, 1380396, 1380413, 1385402, 1385726, 1423957, 1454593, 1456640, 1476231, 1503019, 1503020, 1503057, 1503081, 1508664, 1512723, 1542440, 1671635, 1674686, 1675853, 1694244, 1855297, 1855298, 1891531, 3M515G232CJC, 3M515G232CJD, 3M515G232CJE, 3M515G232CKA, 4M515F297FA, 4M515F297TA, 4M515G232AA, 4M515G232BA, 4M515G232DA, 4M515G232GA, 4M515G232JA, 4M515G232MA, 4M515G232MB, 4M515G232PA, 4M515G232PB, 4M515G232RA, 4M515G232RB, 5M515G232AKA, 5M515G232AKB, 5M515G232ALA, 5M515G232ALB, 7G915G232CB, 7G915G232CC, 7G915G232CD, 7M515F297EA, 7M515G232CA, 7M515G232DA, 9G915G232MA, 9M515G232BA, 9M515G232CA, 9M515G232DA, ME3M515G232BA, Z6152050X, Z6152050XA, Z6Y32050X, Z6Y32050XA, Z6Y32050XB, Z6Y32050XC, 30650980, 36000004, 36000292, 36000739, 36000894, 36000951, 36001079, 36001344, 36002475, 36002476, 36002477, 8603323, 8603740<\/p>\n","protected":false},"excerpt":{"rendered":"<p>HJS Pidike, Pakoputkisto 82 15 4355  MAZDA,VOLVO,FORD,3 BK,3 Stufenheck BK,V50 MW,C30,S40 II MS,FOCUS II Kombi DA_,MONDEO IV Turnier BA7,FOCUS II DA_<\/p>\n","protected":false},"featured_media":0,"template":"","meta":{"site-sidebar-layout":"default","site-content-layout":"default","ast-global-header-display":"","ast-main-header-display":"","ast-hfb-above-header-display":"","ast-hfb-below-header-display":"","ast-hfb-mobile-header-display":"","site-post-title":"","ast-breadcrumbs-content":"","ast-featured-img":"","footer-sml-layout":"","theme-transparent-header-meta":"","adv-header-id-meta":"","stick-header-meta":"","header-above-stick-meta":"","header-main-stick-meta":"","header-below-stick-meta":""},"pwb-brand":[344],"product_cat":[101],"product_tag":[],"class_list":{"0":"post-22040","1":"product","2":"type-product","3":"status-publish","5":"pwb-brand-hjs","6":"product_cat-pakoputken-asennussarja","7":"desktop-align-left","8":"tablet-align-left","9":"mobile-align-left","11":"first","12":"instock","13":"product-type-external"},"brands":[{"id":344,"name":"HJS","slug":"hjs"}],"_links":{"self":[{"href":"https:\/\/www.autonvaraosahaku.fi\/index.php?rest_route=\/wp\/v2\/product\/22040","targetHints":{"allow":["GET"]}}],"collection":[{"href":"https:\/\/www.autonvaraosahaku.fi\/index.php?rest_route=\/wp\/v2\/product"}],"about":[{"href":"https:\/\/www.autonvaraosahaku.fi\/index.php?rest_route=\/wp\/v2\/types\/product"}],"wp:attachment":[{"href":"https:\/\/www.autonvaraosahaku.fi\/index.php?rest_route=%2Fwp%2Fv2%2Fmedia&parent=22040"}],"wp:term":[{"taxonomy":"pwb-brand","embeddable":true,"href":"https:\/\/www.autonvaraosahaku.fi\/index.php?rest_route=%2Fwp%2Fv2%2Fpwb-brand&post=22040"},{"taxonomy":"product_cat","embeddable":true,"href":"https:\/\/www.autonvaraosahaku.fi\/index.php?rest_route=%2Fwp%2Fv2%2Fproduct_cat&post=22040"},{"taxonomy":"product_tag","embeddable":true,"href":"https:\/\/www.autonvaraosahaku.fi\/index.php?rest_route=%2Fwp%2Fv2%2Fproduct_tag&post=22040"}],"curies":[{"name":"wp","href":"https:\/\/api.w.org\/{rel}","templated":true}]}}