{"id":22046,"date":"2021-02-21T14:45:50","date_gmt":"2021-02-21T14:45:50","guid":{"rendered":"https:\/\/www.autonvaraosahaku.fi\/?product=bugiad-bdl12902-oven-lukko"},"modified":"2021-02-21T14:45:51","modified_gmt":"2021-02-21T14:45:51","slug":"bugiad-bdl12902-oven-lukko","status":"publish","type":"product","link":"https:\/\/www.autonvaraosahaku.fi\/?product=bugiad-bdl12902-oven-lukko","title":{"rendered":"BUGIAD BDL12902 Oven lukko"},"content":{"rendered":"<p>Asennuspuoli: Etu, vasen, Takana, Vasen; Paino [g]: 0,72; J\u00e4nnite (V): 12; K\u00e4ytt\u00f6: S\u00e4hk\u00f6inen; OE-numerolle: LR011303; Napojen m\u00e4\u00e4r\u00e4: 10; LAND ROVER: FREELANDER 2 FA_,RANGE ROVER SPORT LS,RANGE ROVER EVOQUE LV,DISCOVERY III TAA,DISCOVERY IV LA,RANGE ROVER EVOQUE Cabriolet LV_; FQM000154, FQM000155, FQM000156, FQM000158, FQM500330, LR011303; Ovilukko<\/p>\n","protected":false},"excerpt":{"rendered":"<p>BUGIAD Oven Lukko BDL12902 Ovilukko LAND ROVER,FREELANDER 2 FA_,RANGE ROVER SPORT LS,RANGE ROVER EVOQUE LV,DISCOVERY III TAA,DISCOVERY IV LA<\/p>\n","protected":false},"featured_media":0,"template":"","meta":{"site-sidebar-layout":"default","site-content-layout":"default","ast-global-header-display":"","ast-main-header-display":"","ast-hfb-above-header-display":"","ast-hfb-below-header-display":"","ast-hfb-mobile-header-display":"","site-post-title":"","ast-breadcrumbs-content":"","ast-featured-img":"","footer-sml-layout":"","theme-transparent-header-meta":"","adv-header-id-meta":"","stick-header-meta":"","header-above-stick-meta":"","header-main-stick-meta":"","header-below-stick-meta":""},"pwb-brand":[373],"product_cat":[46],"product_tag":[],"class_list":{"0":"post-22046","1":"product","2":"type-product","3":"status-publish","5":"pwb-brand-bugiad","6":"product_cat-oven-lukko","7":"desktop-align-left","8":"tablet-align-left","9":"mobile-align-left","11":"first","12":"instock","13":"product-type-external"},"brands":[{"id":373,"name":"BUGIAD","slug":"bugiad"}],"_links":{"self":[{"href":"https:\/\/www.autonvaraosahaku.fi\/index.php?rest_route=\/wp\/v2\/product\/22046","targetHints":{"allow":["GET"]}}],"collection":[{"href":"https:\/\/www.autonvaraosahaku.fi\/index.php?rest_route=\/wp\/v2\/product"}],"about":[{"href":"https:\/\/www.autonvaraosahaku.fi\/index.php?rest_route=\/wp\/v2\/types\/product"}],"wp:attachment":[{"href":"https:\/\/www.autonvaraosahaku.fi\/index.php?rest_route=%2Fwp%2Fv2%2Fmedia&parent=22046"}],"wp:term":[{"taxonomy":"pwb-brand","embeddable":true,"href":"https:\/\/www.autonvaraosahaku.fi\/index.php?rest_route=%2Fwp%2Fv2%2Fpwb-brand&post=22046"},{"taxonomy":"product_cat","embeddable":true,"href":"https:\/\/www.autonvaraosahaku.fi\/index.php?rest_route=%2Fwp%2Fv2%2Fproduct_cat&post=22046"},{"taxonomy":"product_tag","embeddable":true,"href":"https:\/\/www.autonvaraosahaku.fi\/index.php?rest_route=%2Fwp%2Fv2%2Fproduct_tag&post=22046"}],"curies":[{"name":"wp","href":"https:\/\/api.w.org\/{rel}","templated":true}]}}