{"id":22075,"date":"2021-02-21T14:45:54","date_gmt":"2021-02-21T14:45:54","guid":{"rendered":"https:\/\/www.autonvaraosahaku.fi\/?product=oximo-wr307300-pyyhkijansulat"},"modified":"2021-02-21T14:45:56","modified_gmt":"2021-02-21T14:45:56","slug":"oximo-wr307300-pyyhkijansulat","status":"publish","type":"product","link":"https:\/\/www.autonvaraosahaku.fi\/?product=oximo-wr307300-pyyhkijansulat","title":{"rendered":"OXIMO WR307300 Pyyhkij\u00e4nsulat"},"content":{"rendered":"<p>Asennuspuoli: Takana; Pituus (mm): 300; Pyyhkij\u00e4nsulkatyyppi: Pyyhkij\u00e4nsulka,perinteinen runko; Valmistusvuoteen: 12\/2015; MERCEDES-BENZ: A-CLASS W169,M-CLASS W164,E-CLASS T-Model S212,GLK-CLASS X204,R-CLASS W251, V251,M-CLASS W166,GL-CLASS X164,GL-CLASS X166,GLS X166; OPEL: CORSA D,INSIGNIA Caravan,CORSA D Van; FORD: C-MAX II,GRAND C-MAX,B-MAX JK,GRAND C-MAX Van,C-MAX II Van,B-MAX Van; RENAULT: CLIO II BB0\/1\/2_, CB0\/1\/2_,CLIO III BR0\/1, CR0\/1,TWINGO II CN0_,MODUS \/ GRAND MODUS F\/JP0_,AVANTIME DE0_,DUSTER; FIAT: GRANDE PUNTO 199,PUNTO EVO 199,PUNTO 199,PUNTO Van 199; PEUGEOT: 207 SW WK_,308 4A_, 4C_,508 SW,3008,1007 KM_; HYUNDAI: ix20 JC,i20 GB; CITRO\u00cbN: C3 II; NISSAN: MICRA III K12,JUKE F15,PATHFINDER R51,QASHQAI J11, J11_,X-TRAIL T32,PULSAR Schr\u00e4gheck C13; KIA: VENGA YN; Tuulilasinpyyhkimet,Pyyhkij\u00e4t,Pyyhkij\u00e4nsulka<\/p>\n","protected":false},"excerpt":{"rendered":"<p>OXIMO Pyyhkij\u00e4nsulat WR307300 Tuulilasinpyyhkimet,Pyyhkij\u00e4t MERCEDES-BENZ,OPEL,FORD,A-CLASS W169,M-CLASS W164,E-CLASS T-Model S212,GLK-CLASS X204<\/p>\n","protected":false},"featured_media":0,"template":"","meta":{"site-sidebar-layout":"default","site-content-layout":"default","ast-global-header-display":"","ast-main-header-display":"","ast-hfb-above-header-display":"","ast-hfb-below-header-display":"","ast-hfb-mobile-header-display":"","site-post-title":"","ast-breadcrumbs-content":"","ast-featured-img":"","footer-sml-layout":"","theme-transparent-header-meta":"","adv-header-id-meta":"","stick-header-meta":"","header-above-stick-meta":"","header-main-stick-meta":"","header-below-stick-meta":""},"pwb-brand":[382],"product_cat":[33],"product_tag":[],"class_list":{"0":"post-22075","1":"product","2":"type-product","3":"status-publish","5":"pwb-brand-oximo","6":"product_cat-pyyhkijansulat","7":"desktop-align-left","8":"tablet-align-left","9":"mobile-align-left","11":"first","12":"instock","13":"product-type-external"},"brands":[{"id":382,"name":"OXIMO","slug":"oximo"}],"_links":{"self":[{"href":"https:\/\/www.autonvaraosahaku.fi\/index.php?rest_route=\/wp\/v2\/product\/22075","targetHints":{"allow":["GET"]}}],"collection":[{"href":"https:\/\/www.autonvaraosahaku.fi\/index.php?rest_route=\/wp\/v2\/product"}],"about":[{"href":"https:\/\/www.autonvaraosahaku.fi\/index.php?rest_route=\/wp\/v2\/types\/product"}],"wp:attachment":[{"href":"https:\/\/www.autonvaraosahaku.fi\/index.php?rest_route=%2Fwp%2Fv2%2Fmedia&parent=22075"}],"wp:term":[{"taxonomy":"pwb-brand","embeddable":true,"href":"https:\/\/www.autonvaraosahaku.fi\/index.php?rest_route=%2Fwp%2Fv2%2Fpwb-brand&post=22075"},{"taxonomy":"product_cat","embeddable":true,"href":"https:\/\/www.autonvaraosahaku.fi\/index.php?rest_route=%2Fwp%2Fv2%2Fproduct_cat&post=22075"},{"taxonomy":"product_tag","embeddable":true,"href":"https:\/\/www.autonvaraosahaku.fi\/index.php?rest_route=%2Fwp%2Fv2%2Fproduct_tag&post=22075"}],"curies":[{"name":"wp","href":"https:\/\/api.w.org\/{rel}","templated":true}]}}