{"id":22078,"date":"2021-02-21T14:45:54","date_gmt":"2021-02-21T14:45:54","guid":{"rendered":"https:\/\/www.autonvaraosahaku.fi\/?product=esen-skv-12skv054-kaasulappakotelo"},"modified":"2021-02-21T14:45:57","modified_gmt":"2021-02-21T14:45:57","slug":"esen-skv-12skv054-kaasulappakotelo","status":"publish","type":"product","link":"https:\/\/www.autonvaraosahaku.fi\/?product=esen-skv-12skv054-kaasulappakotelo","title":{"rendered":"ESEN SKV 12SKV054 Kaasul\u00e4pp\u00e4kotelo"},"content":{"rendered":"<p>J\u00e4nnite (V): 12; Paino [kg]: 1,06; K\u00e4ytt\u00f6: S\u00e4hk\u00f6inen; VOLVO: V50 MW,XC60,XC90 I,S60 I,V70 III BW,C30,V60,S40 II MS,XC70 CROSS COUNTRY,C70 II Cabriolet,V40 Schr\u00e4gheck,XC70 II,S80 II AS,S60 II; 31216665, 8692720; Kaasul\u00e4pp\u00e4,Kaasul\u00e4p\u00e4n Kotelo<\/p>\n","protected":false},"excerpt":{"rendered":"<p>ESEN SKV Kaasul\u00e4pp\u00e4kotelo 12SKV054 Kaasul\u00e4pp\u00e4,Kaasul\u00e4p\u00e4n Kotelo VOLVO,V50 MW,XC60,XC90 I,S60 I,V70 III BW,C30,V60,S40 II MS,XC70 CROSS COUNTRY<\/p>\n","protected":false},"featured_media":0,"template":"","meta":{"site-sidebar-layout":"default","site-content-layout":"default","ast-global-header-display":"","ast-main-header-display":"","ast-hfb-above-header-display":"","ast-hfb-below-header-display":"","ast-hfb-mobile-header-display":"","site-post-title":"","ast-breadcrumbs-content":"","ast-featured-img":"","footer-sml-layout":"","theme-transparent-header-meta":"","adv-header-id-meta":"","stick-header-meta":"","header-above-stick-meta":"","header-main-stick-meta":"","header-below-stick-meta":""},"pwb-brand":[384],"product_cat":[277],"product_tag":[],"class_list":{"0":"post-22078","1":"product","2":"type-product","3":"status-publish","5":"pwb-brand-esen-skv","6":"product_cat-kaasulappakotelo","7":"desktop-align-left","8":"tablet-align-left","9":"mobile-align-left","11":"first","12":"instock","13":"product-type-external"},"brands":[{"id":384,"name":"ESEN SKV","slug":"esen-skv"}],"_links":{"self":[{"href":"https:\/\/www.autonvaraosahaku.fi\/index.php?rest_route=\/wp\/v2\/product\/22078","targetHints":{"allow":["GET"]}}],"collection":[{"href":"https:\/\/www.autonvaraosahaku.fi\/index.php?rest_route=\/wp\/v2\/product"}],"about":[{"href":"https:\/\/www.autonvaraosahaku.fi\/index.php?rest_route=\/wp\/v2\/types\/product"}],"wp:attachment":[{"href":"https:\/\/www.autonvaraosahaku.fi\/index.php?rest_route=%2Fwp%2Fv2%2Fmedia&parent=22078"}],"wp:term":[{"taxonomy":"pwb-brand","embeddable":true,"href":"https:\/\/www.autonvaraosahaku.fi\/index.php?rest_route=%2Fwp%2Fv2%2Fpwb-brand&post=22078"},{"taxonomy":"product_cat","embeddable":true,"href":"https:\/\/www.autonvaraosahaku.fi\/index.php?rest_route=%2Fwp%2Fv2%2Fproduct_cat&post=22078"},{"taxonomy":"product_tag","embeddable":true,"href":"https:\/\/www.autonvaraosahaku.fi\/index.php?rest_route=%2Fwp%2Fv2%2Fproduct_tag&post=22078"}],"curies":[{"name":"wp","href":"https:\/\/api.w.org\/{rel}","templated":true}]}}