{"id":22081,"date":"2021-02-21T14:45:58","date_gmt":"2021-02-21T14:45:58","guid":{"rendered":"https:\/\/www.autonvaraosahaku.fi\/?product=as-pl-s5007-starttimoottori"},"modified":"2021-02-21T14:45:59","modified_gmt":"2021-02-21T14:45:59","slug":"as-pl-s5007-starttimoottori","status":"publish","type":"product","link":"https:\/\/www.autonvaraosahaku.fi\/?product=as-pl-s5007-starttimoottori","title":{"rendered":"AS-PL S5007 Starttimoottori"},"content":{"rendered":"<p>K\u00e4ynnistinmoottori teho (kW): 2,20; Pituus 1 (mm): 77,00; Pituus 2 (mm): 11,00; Py\u00f6rimissuunta: Py\u00f6rimissuunta my\u00f6t\u00e4p\u00e4iv\u00e4\u00e4n; Kiinnitysreikien lukum\u00e4\u00e4r\u00e4: 2; kierrereiki\u00e4 [kpl]: 2; J\u00e4nnite (V): 12; Hammasluku: 10; Moottorinumero: 4M40-T; MITSUBISHI: PAJERO PININ H6_W, H7_W,PAJERO III V7_W, V6_W,GALANT VI Station Wagon EA_,PAJERO IV V8_W, V9_W,PAJERO II V3_W, V2_W, V4_W,PAJERO IV Van V90, V80,PAJERO CLASSIC V2_W,PAJERO III Gel\u00e4ndewagen offen V6_W, V7_W,PAJERO SPORT II KH_, KG_,DELICA,Canter (FB7, FB8, FE7, FE8) 7.Generation,Canter (FE5, FE6) 6.Generation; 1810A050, M008T75071, M008T75071A, M008T75073, M008T75073A, M008T75074, M8T75071, M8T75071A, M8T75073, M8T75073A, M8T75074, ME201650, ME201650A, ME202424, ME202970, ME204424, ME204424A, ME204425, ME204425B; Startti,K\u00e4ynnistinmoottori<\/p>\n","protected":false},"excerpt":{"rendered":"<p>AS-PL Starttimoottori Brand new AS-PL Alternator freewheel pulley S5007 Startti,K\u00e4ynnistinmoottori MITSUBISHI,PAJERO PININ H6_W, H7_W<\/p>\n","protected":false},"featured_media":0,"template":"","meta":{"site-sidebar-layout":"default","site-content-layout":"default","ast-global-header-display":"","ast-main-header-display":"","ast-hfb-above-header-display":"","ast-hfb-below-header-display":"","ast-hfb-mobile-header-display":"","site-post-title":"","ast-breadcrumbs-content":"","ast-featured-img":"","footer-sml-layout":"","theme-transparent-header-meta":"","adv-header-id-meta":"","stick-header-meta":"","header-above-stick-meta":"","header-main-stick-meta":"","header-below-stick-meta":""},"pwb-brand":[347],"product_cat":[295],"product_tag":[],"class_list":{"0":"post-22081","1":"product","2":"type-product","3":"status-publish","5":"pwb-brand-as-pl","6":"product_cat-starttimoottori","7":"desktop-align-left","8":"tablet-align-left","9":"mobile-align-left","11":"first","12":"instock","13":"product-type-external"},"brands":[{"id":347,"name":"AS-PL","slug":"as-pl"}],"_links":{"self":[{"href":"https:\/\/www.autonvaraosahaku.fi\/index.php?rest_route=\/wp\/v2\/product\/22081","targetHints":{"allow":["GET"]}}],"collection":[{"href":"https:\/\/www.autonvaraosahaku.fi\/index.php?rest_route=\/wp\/v2\/product"}],"about":[{"href":"https:\/\/www.autonvaraosahaku.fi\/index.php?rest_route=\/wp\/v2\/types\/product"}],"wp:attachment":[{"href":"https:\/\/www.autonvaraosahaku.fi\/index.php?rest_route=%2Fwp%2Fv2%2Fmedia&parent=22081"}],"wp:term":[{"taxonomy":"pwb-brand","embeddable":true,"href":"https:\/\/www.autonvaraosahaku.fi\/index.php?rest_route=%2Fwp%2Fv2%2Fpwb-brand&post=22081"},{"taxonomy":"product_cat","embeddable":true,"href":"https:\/\/www.autonvaraosahaku.fi\/index.php?rest_route=%2Fwp%2Fv2%2Fproduct_cat&post=22081"},{"taxonomy":"product_tag","embeddable":true,"href":"https:\/\/www.autonvaraosahaku.fi\/index.php?rest_route=%2Fwp%2Fv2%2Fproduct_tag&post=22081"}],"curies":[{"name":"wp","href":"https:\/\/api.w.org\/{rel}","templated":true}]}}