{"id":22101,"date":"2021-02-21T14:46:02","date_gmt":"2021-02-21T14:46:02","guid":{"rendered":"https:\/\/www.autonvaraosahaku.fi\/?product=mahle-original-ox-1145d-oljynsuodatin"},"modified":"2021-02-21T14:46:03","modified_gmt":"2021-02-21T14:46:03","slug":"mahle-original-ox-1145d-oljynsuodatin","status":"publish","type":"product","link":"https:\/\/www.autonvaraosahaku.fi\/?product=mahle-original-ox-1145d-oljynsuodatin","title":{"rendered":"MAHLE ORIGINAL OX 1145D \u00d6ljynsuodatin"},"content":{"rendered":"<p>Suodatintyyppi: Suodatinpanos; Korkeus (mm): 125,0; Korkeus 1 (mm): 98,0; L\u00e4pimitta [mm]: 66,0; Sis\u00e4l\u00e4pimitta 1 [mm]: 26,0; Tiivisteen l\u00e4pimitta [mm]: 26,0; Paino [g]: 0,25; Korkeus (tuumaa): 4,875; Leveys (tuumaa): 2,687; Pituus (tuumaa): 2,687; JEEP: GRAND CHEROKEE IV WK, WK2; CHRYSLER: 300 C; LANCIA: THEMA LX; MASERATI: GHIBLI III M157,QUATTROPORTE VI,LEVANTE Gel\u00e4ndewagen geschlossen; 00K68109834AA, 68109834AA, 68229402AA, K68109834AA, 0000071771649, 00K68109834AA, 71771649, K68109834AA, K68229402AA, K68492616AA, 68109834AA, 68229402AA, K68109834AA, K68229402AA, K68492616AA, 673002882<\/p>\n","protected":false},"excerpt":{"rendered":"<p>MAHLE ORIGINAL \u00d6ljynsuodatin OX 1145D  JEEP,CHRYSLER,LANCIA,GRAND CHEROKEE IV WK, WK2,300 C,THEMA LX,GHIBLI III M157,QUATTROPORTE VI<\/p>\n","protected":false},"featured_media":0,"template":"","meta":{"site-sidebar-layout":"default","site-content-layout":"default","ast-global-header-display":"","ast-main-header-display":"","ast-hfb-above-header-display":"","ast-hfb-below-header-display":"","ast-hfb-mobile-header-display":"","site-post-title":"","ast-breadcrumbs-content":"","ast-featured-img":"","footer-sml-layout":"","theme-transparent-header-meta":"","adv-header-id-meta":"","stick-header-meta":"","header-above-stick-meta":"","header-main-stick-meta":"","header-below-stick-meta":""},"pwb-brand":[153],"product_cat":[30],"product_tag":[],"class_list":{"0":"post-22101","1":"product","2":"type-product","3":"status-publish","5":"pwb-brand-mahle-original","6":"product_cat-oljynsuodatin","7":"desktop-align-left","8":"tablet-align-left","9":"mobile-align-left","11":"first","12":"instock","13":"product-type-external"},"brands":[{"id":153,"name":"MAHLE ORIGINAL","slug":"mahle-original"}],"_links":{"self":[{"href":"https:\/\/www.autonvaraosahaku.fi\/index.php?rest_route=\/wp\/v2\/product\/22101","targetHints":{"allow":["GET"]}}],"collection":[{"href":"https:\/\/www.autonvaraosahaku.fi\/index.php?rest_route=\/wp\/v2\/product"}],"about":[{"href":"https:\/\/www.autonvaraosahaku.fi\/index.php?rest_route=\/wp\/v2\/types\/product"}],"wp:attachment":[{"href":"https:\/\/www.autonvaraosahaku.fi\/index.php?rest_route=%2Fwp%2Fv2%2Fmedia&parent=22101"}],"wp:term":[{"taxonomy":"pwb-brand","embeddable":true,"href":"https:\/\/www.autonvaraosahaku.fi\/index.php?rest_route=%2Fwp%2Fv2%2Fpwb-brand&post=22101"},{"taxonomy":"product_cat","embeddable":true,"href":"https:\/\/www.autonvaraosahaku.fi\/index.php?rest_route=%2Fwp%2Fv2%2Fproduct_cat&post=22101"},{"taxonomy":"product_tag","embeddable":true,"href":"https:\/\/www.autonvaraosahaku.fi\/index.php?rest_route=%2Fwp%2Fv2%2Fproduct_tag&post=22101"}],"curies":[{"name":"wp","href":"https:\/\/api.w.org\/{rel}","templated":true}]}}