{"id":22105,"date":"2021-02-21T14:46:02","date_gmt":"2021-02-21T14:46:02","guid":{"rendered":"https:\/\/www.autonvaraosahaku.fi\/?product=tedgum-ted43646-tukivarren-hela"},"modified":"2021-02-21T14:46:03","modified_gmt":"2021-02-21T14:46:03","slug":"tedgum-ted43646-tukivarren-hela","status":"publish","type":"product","link":"https:\/\/www.autonvaraosahaku.fi\/?product=tedgum-ted43646-tukivarren-hela","title":{"rendered":"TEDGUM TED43646 Tukivarren hela"},"content":{"rendered":"<p>Asennuspuoli: Etuakseli, Yl\u00e4puolella, Edess\u00e4, Takana; Kiinnitysmalli: Kumimetallilaakeri; Ohjausmalli: Poikittaistukivarrelle; Materiaali: Kumi-metalli; Lukum\u00e4\u00e4r\u00e4 akselille: 4; NISSAN: CABSTAR E Pick-up US; 545249X502, 545259X502, 545429X500<\/p>\n","protected":false},"excerpt":{"rendered":"<p>TEDGUM Tukivarren Hela TED43646  NISSAN,CABSTAR E Pick-up US<\/p>\n","protected":false},"featured_media":0,"template":"","meta":{"site-sidebar-layout":"default","site-content-layout":"default","ast-global-header-display":"","ast-main-header-display":"","ast-hfb-above-header-display":"","ast-hfb-below-header-display":"","ast-hfb-mobile-header-display":"","site-post-title":"","ast-breadcrumbs-content":"","ast-featured-img":"","footer-sml-layout":"","theme-transparent-header-meta":"","adv-header-id-meta":"","stick-header-meta":"","header-above-stick-meta":"","header-main-stick-meta":"","header-below-stick-meta":""},"pwb-brand":[155],"product_cat":[115],"product_tag":[],"class_list":{"0":"post-22105","1":"product","2":"type-product","3":"status-publish","5":"pwb-brand-tedgum","6":"product_cat-tukivarren-hela","7":"desktop-align-left","8":"tablet-align-left","9":"mobile-align-left","11":"first","12":"instock","13":"product-type-external"},"brands":[{"id":155,"name":"TEDGUM","slug":"tedgum"}],"_links":{"self":[{"href":"https:\/\/www.autonvaraosahaku.fi\/index.php?rest_route=\/wp\/v2\/product\/22105","targetHints":{"allow":["GET"]}}],"collection":[{"href":"https:\/\/www.autonvaraosahaku.fi\/index.php?rest_route=\/wp\/v2\/product"}],"about":[{"href":"https:\/\/www.autonvaraosahaku.fi\/index.php?rest_route=\/wp\/v2\/types\/product"}],"wp:attachment":[{"href":"https:\/\/www.autonvaraosahaku.fi\/index.php?rest_route=%2Fwp%2Fv2%2Fmedia&parent=22105"}],"wp:term":[{"taxonomy":"pwb-brand","embeddable":true,"href":"https:\/\/www.autonvaraosahaku.fi\/index.php?rest_route=%2Fwp%2Fv2%2Fpwb-brand&post=22105"},{"taxonomy":"product_cat","embeddable":true,"href":"https:\/\/www.autonvaraosahaku.fi\/index.php?rest_route=%2Fwp%2Fv2%2Fproduct_cat&post=22105"},{"taxonomy":"product_tag","embeddable":true,"href":"https:\/\/www.autonvaraosahaku.fi\/index.php?rest_route=%2Fwp%2Fv2%2Fproduct_tag&post=22105"}],"curies":[{"name":"wp","href":"https:\/\/api.w.org\/{rel}","templated":true}]}}