{"id":22121,"date":"2021-02-21T14:46:07","date_gmt":"2021-02-21T14:46:07","guid":{"rendered":"https:\/\/www.autonvaraosahaku.fi\/?product=topran-114-986-painemuunnin"},"modified":"2021-02-21T14:46:07","modified_gmt":"2021-02-21T14:46:07","slug":"topran-114-986-painemuunnin","status":"publish","type":"product","link":"https:\/\/www.autonvaraosahaku.fi\/?product=topran-114-986-painemuunnin","title":{"rendered":"TOPRAN 114 986 Painemuunnin"},"content":{"rendered":"<p>K\u00e4ytt\u00f6: Pneumaattinen; Kotelomateriaali: Lasikuitu-muovi; OE-numerolle: 06A 145 710P; Moottorinumero: ANB; VW: POLO 9N_,PASSAT Variant 3B6,SHARAN 7M8, 7M9, 7M6,PASSAT Variant 3B5,PASSAT 3B2,NEW BEETLE 9C1, 1C1,PASSAT 3B3,NEW BEETLE Cabriolet 1Y7; AUDI: A4 8D2, B5,A4 Avant 8ED, B7,A4 Avant 8E5, B6,A4 Avant 8D5, B5,A4 8E2, B6,A4 8EC, B7,TT 8N3,TT Roadster 8N9; SKODA: SUPERB 3U4; SEAT: IBIZA IV 6L1,LEON 1M1,ALHAMBRA 7V8, 7V9,EXEO ST 3R5,TOLEDO II 1M2,EXEO 3R2; 06A145710E, 06A145710G, 06A145710H, 06A145710N, 06A145710P, 06A145710E, 06A145710G, 06A145710H, 06A145710N, 06A145710P, 06A145710E, 06A145710G, 06A145710H, 06A145710N, 06A145710P, 06A145710E, 06A145710G, 06A145710H, 06A145710N, 06A145710P<\/p>\n","protected":false},"excerpt":{"rendered":"<p>TOPRAN S\u00e4\u00e4t\u00f6venttiili, Ahtopaine 114 986  VW,AUDI,SKODA,POLO 9N_,PASSAT Variant 3B6,SHARAN 7M8, 7M9, 7M6,PASSAT Variant 3B5,PASSAT 3B2<\/p>\n","protected":false},"featured_media":0,"template":"","meta":{"site-sidebar-layout":"default","site-content-layout":"default","ast-global-header-display":"","ast-main-header-display":"","ast-hfb-above-header-display":"","ast-hfb-below-header-display":"","ast-hfb-mobile-header-display":"","site-post-title":"","ast-breadcrumbs-content":"","ast-featured-img":"","footer-sml-layout":"","theme-transparent-header-meta":"","adv-header-id-meta":"","stick-header-meta":"","header-above-stick-meta":"","header-main-stick-meta":"","header-below-stick-meta":""},"pwb-brand":[18],"product_cat":[205],"product_tag":[],"class_list":{"0":"post-22121","1":"product","2":"type-product","3":"status-publish","5":"pwb-brand-topran","6":"product_cat-painemuunnin","7":"desktop-align-left","8":"tablet-align-left","9":"mobile-align-left","11":"first","12":"instock","13":"product-type-external"},"brands":[{"id":18,"name":"TOPRAN","slug":"topran"}],"_links":{"self":[{"href":"https:\/\/www.autonvaraosahaku.fi\/index.php?rest_route=\/wp\/v2\/product\/22121","targetHints":{"allow":["GET"]}}],"collection":[{"href":"https:\/\/www.autonvaraosahaku.fi\/index.php?rest_route=\/wp\/v2\/product"}],"about":[{"href":"https:\/\/www.autonvaraosahaku.fi\/index.php?rest_route=\/wp\/v2\/types\/product"}],"wp:attachment":[{"href":"https:\/\/www.autonvaraosahaku.fi\/index.php?rest_route=%2Fwp%2Fv2%2Fmedia&parent=22121"}],"wp:term":[{"taxonomy":"pwb-brand","embeddable":true,"href":"https:\/\/www.autonvaraosahaku.fi\/index.php?rest_route=%2Fwp%2Fv2%2Fpwb-brand&post=22121"},{"taxonomy":"product_cat","embeddable":true,"href":"https:\/\/www.autonvaraosahaku.fi\/index.php?rest_route=%2Fwp%2Fv2%2Fproduct_cat&post=22121"},{"taxonomy":"product_tag","embeddable":true,"href":"https:\/\/www.autonvaraosahaku.fi\/index.php?rest_route=%2Fwp%2Fv2%2Fproduct_tag&post=22121"}],"curies":[{"name":"wp","href":"https:\/\/api.w.org\/{rel}","templated":true}]}}