{"id":22125,"date":"2021-02-21T14:46:07","date_gmt":"2021-02-21T14:46:07","guid":{"rendered":"https:\/\/www.autonvaraosahaku.fi\/?product=mapco-7571-hehkutulppa"},"modified":"2021-02-21T14:46:08","modified_gmt":"2021-02-21T14:46:08","slug":"mapco-7571-hehkutulppa","status":"publish","type":"product","link":"https:\/\/www.autonvaraosahaku.fi\/?product=mapco-7571-hehkutulppa","title":{"rendered":"MAPCO 7571 Hehkutulppa"},"content":{"rendered":"<p>J\u00e4nnite (V): 11; Liittimet: M4 \/ 2 Nm; Kartionousu: 119; Kierremitta: M10x1,25; Kokonaispituus (mm): 95; Avainv\u00e4li: 12 mm; Kiristysmomentti: 15; Hehkutulppatyyppi: j\u00e4lkihehkutuksenkest\u00e4v\u00e4, Hehkutulppa, puikko; Asennussyvyys (mm): 22; Katkeamismomentti [Nm]: 35; Tarvittava kappalem\u00e4\u00e4r\u00e4: 4; HYUNDAI: TERRACAN HP,H-1 Kasten,H-1 \/ STAREX,H100 Bus P,H100 Kasten,H-1 Pritsche\/Fahrgestell,PORTER Pritsche\/Fahrgestell,H100 Pick-up,H100 Pritsche\/Fahrgestell,PORTER Pick-up; NISSAN: PICK UP D21,URVAN Bus E24,URVAN Kasten E24,CABSTAR Pritsche\/Fahrgestell F22, H40; KIA: PREGIO Kasten TB,PREGIO Bus,K2500 SD,BONGO Pritsche\/Fahrgestell; 3671042000, 3671042010, 3671042020, 3671042021, 3671042060, 3671042510, 3671042000, 3671042010, 3671042020, 3671042021, 3671042060, 3671042500, 1106543G01, 1106563G00<\/p>\n","protected":false},"excerpt":{"rendered":"<p>MAPCO Hehkutulppa 7571  HYUNDAI,NISSAN,KIA,TERRACAN HP,H-1 Kasten,H-1 \/ STAREX,H100 Bus P,H100 Kasten,H-1 Pritsche\/Fahrgestell<\/p>\n","protected":false},"featured_media":0,"template":"","meta":{"site-sidebar-layout":"default","site-content-layout":"default","ast-global-header-display":"","ast-main-header-display":"","ast-hfb-above-header-display":"","ast-hfb-below-header-display":"","ast-hfb-mobile-header-display":"","site-post-title":"","ast-breadcrumbs-content":"","ast-featured-img":"","footer-sml-layout":"","theme-transparent-header-meta":"","adv-header-id-meta":"","stick-header-meta":"","header-above-stick-meta":"","header-main-stick-meta":"","header-below-stick-meta":""},"pwb-brand":[36],"product_cat":[52],"product_tag":[],"class_list":{"0":"post-22125","1":"product","2":"type-product","3":"status-publish","5":"pwb-brand-mapco","6":"product_cat-hehkutulppa","7":"desktop-align-left","8":"tablet-align-left","9":"mobile-align-left","11":"first","12":"instock","13":"product-type-external"},"brands":[{"id":36,"name":"MAPCO","slug":"mapco"}],"_links":{"self":[{"href":"https:\/\/www.autonvaraosahaku.fi\/index.php?rest_route=\/wp\/v2\/product\/22125","targetHints":{"allow":["GET"]}}],"collection":[{"href":"https:\/\/www.autonvaraosahaku.fi\/index.php?rest_route=\/wp\/v2\/product"}],"about":[{"href":"https:\/\/www.autonvaraosahaku.fi\/index.php?rest_route=\/wp\/v2\/types\/product"}],"wp:attachment":[{"href":"https:\/\/www.autonvaraosahaku.fi\/index.php?rest_route=%2Fwp%2Fv2%2Fmedia&parent=22125"}],"wp:term":[{"taxonomy":"pwb-brand","embeddable":true,"href":"https:\/\/www.autonvaraosahaku.fi\/index.php?rest_route=%2Fwp%2Fv2%2Fpwb-brand&post=22125"},{"taxonomy":"product_cat","embeddable":true,"href":"https:\/\/www.autonvaraosahaku.fi\/index.php?rest_route=%2Fwp%2Fv2%2Fproduct_cat&post=22125"},{"taxonomy":"product_tag","embeddable":true,"href":"https:\/\/www.autonvaraosahaku.fi\/index.php?rest_route=%2Fwp%2Fv2%2Fproduct_tag&post=22125"}],"curies":[{"name":"wp","href":"https:\/\/api.w.org\/{rel}","templated":true}]}}