{"id":22135,"date":"2021-02-21T14:46:07","date_gmt":"2021-02-21T14:46:07","guid":{"rendered":"https:\/\/www.autonvaraosahaku.fi\/?product=nissens-606255-jaahdytin"},"modified":"2021-02-21T14:46:09","modified_gmt":"2021-02-21T14:46:09","slug":"nissens-606255-jaahdytin","status":"publish","type":"product","link":"https:\/\/www.autonvaraosahaku.fi\/?product=nissens-606255-jaahdytin","title":{"rendered":"NISSENS 606255 J\u00e4\u00e4hdytin"},"content":{"rendered":"<p>Verkon pituus [mm]: 673; Verkon leveys [mm]: 502; Verkon syvyys [mm]: 34; J\u00e4hdytysripamateriaali: Alumiini; Korvaava tuote\/korvaava tiedote 2: ilman runkoa; Matriaali j\u00e4\u00e4hdyttimen s\u00e4ili\u00f6: Muovi; J\u00e4\u00e4hdytintyyppi: J\u00e4\u00e4hdytysrivat juotetut; Vaihteistomalli: Schaltgetriebe; OPEL: ANTARA; CHEVROLET: CAPTIVA C100, C140; VAUXHALL: ANTARA J26, H26; 20982434, 4818253, 4819739, 95192591, 20982434, 4818253, 4819739, 95192591, 20982434, 4818253, 4819739, 95192591; Syyl\u00e4ri,J\u00e4\u00e4hdytin,Moottorin J\u00e4\u00e4hdytys<\/p>\n","protected":false},"excerpt":{"rendered":"<p>NISSENS J\u00e4\u00e4hdytin 606255 Syyl\u00e4ri,J\u00e4\u00e4hdytin,Moottorin J\u00e4\u00e4hdytys OPEL,CHEVROLET,VAUXHALL,ANTARA,CAPTIVA C100, C140,ANTARA J26, H26<\/p>\n","protected":false},"featured_media":0,"template":"","meta":{"site-sidebar-layout":"default","site-content-layout":"default","ast-global-header-display":"","ast-main-header-display":"","ast-hfb-above-header-display":"","ast-hfb-below-header-display":"","ast-hfb-mobile-header-display":"","site-post-title":"","ast-breadcrumbs-content":"","ast-featured-img":"","footer-sml-layout":"","theme-transparent-header-meta":"","adv-header-id-meta":"","stick-header-meta":"","header-above-stick-meta":"","header-main-stick-meta":"","header-below-stick-meta":""},"pwb-brand":[315],"product_cat":[421],"product_tag":[],"class_list":{"0":"post-22135","1":"product","2":"type-product","3":"status-publish","5":"pwb-brand-nissens","6":"product_cat-jaahdytin","7":"desktop-align-left","8":"tablet-align-left","9":"mobile-align-left","11":"first","12":"instock","13":"product-type-external"},"brands":[{"id":315,"name":"NISSENS","slug":"nissens"}],"_links":{"self":[{"href":"https:\/\/www.autonvaraosahaku.fi\/index.php?rest_route=\/wp\/v2\/product\/22135","targetHints":{"allow":["GET"]}}],"collection":[{"href":"https:\/\/www.autonvaraosahaku.fi\/index.php?rest_route=\/wp\/v2\/product"}],"about":[{"href":"https:\/\/www.autonvaraosahaku.fi\/index.php?rest_route=\/wp\/v2\/types\/product"}],"wp:attachment":[{"href":"https:\/\/www.autonvaraosahaku.fi\/index.php?rest_route=%2Fwp%2Fv2%2Fmedia&parent=22135"}],"wp:term":[{"taxonomy":"pwb-brand","embeddable":true,"href":"https:\/\/www.autonvaraosahaku.fi\/index.php?rest_route=%2Fwp%2Fv2%2Fpwb-brand&post=22135"},{"taxonomy":"product_cat","embeddable":true,"href":"https:\/\/www.autonvaraosahaku.fi\/index.php?rest_route=%2Fwp%2Fv2%2Fproduct_cat&post=22135"},{"taxonomy":"product_tag","embeddable":true,"href":"https:\/\/www.autonvaraosahaku.fi\/index.php?rest_route=%2Fwp%2Fv2%2Fproduct_tag&post=22135"}],"curies":[{"name":"wp","href":"https:\/\/api.w.org\/{rel}","templated":true}]}}