{"id":22141,"date":"2021-02-21T14:46:11","date_gmt":"2021-02-21T14:46:11","guid":{"rendered":"https:\/\/www.autonvaraosahaku.fi\/?product=eibach-s90-4-15-018-b-muut-luokat"},"modified":"2021-02-21T14:46:12","modified_gmt":"2021-02-21T14:46:12","slug":"eibach-s90-4-15-018-b-muut-luokat","status":"publish","type":"product","link":"https:\/\/www.autonvaraosahaku.fi\/?product=eibach-s90-4-15-018-b-muut-luokat","title":{"rendered":"EIBACH S90-4-15-018-B Muut luokat"},"content":{"rendered":"<p>Paksuus [mm]: 15; Raidev\u00e4lin suurennus per akseli: 30; keskitt\u00e4misl\u00e4pimitta [mm]: 67; Kierremitta: M12x1,5; Reik\u00e4ympyr\u00e4-\u00d8 [mm]: 114,3; Reikien m\u00e4\u00e4r\u00e4: 5; Pinta: eloksoitu; V\u00e4ri: Musta; Huomioi asennusohje: ; Tuotelinja: Pro-Spacer; Tuning: 1; Huomioi huolto-ohjeet: ; PEUGEOT: 4007 GP_; HYUNDAI: i30 FD,i30 CW FD,i40 CW VF,i30 GD,ix20 JC,i30 CW GD,i30 Coupe,GENESIS Coupe,i40 VF,i30 PDE,IONIQ AE,i30 Kombi PDE,KONA OS,i30 FASTBACK PDE; CITRO\u00cbN: C-CROSSER EP_,C-CROSSER ENTERPRISE; MAZDA: CX-5 KE, GH,6 Kombi GJ, GH,6 Stufenheck GJ, GH,CX-3 DK,CX-5 KF; KIA: CEE&#8217;D SW ED,CEE&#8217;D Schr\u00e4gheck ED,SORENTO II XM,CEE&#8217;D JD,CEE`D Sportswagon JD,PRO CEE&#8217;D ED,PRO CEE\u00b4D JD,OPTIMA,SORENTO III,NIRO,OPTIMA Sportswagon,CEE&#8217;D Combi Van JD; MITSUBISHI: OUTLANDER XL II CW_W; JEEP: COMPASS MK49; DODGE: CALIBER; Raidev\u00e4lilevennys<\/p>\n","protected":false},"excerpt":{"rendered":"<p>EIBACH Levikepalat S90-4-15-018-B Raidev\u00e4lilevennys PEUGEOT,HYUNDAI,CITRO\u00cbN,4007 GP_,i30 FD,i30 CW FD,i40 CW VF,i30 GD,ix20 JC,i30 CW GD,i30 Coupe<\/p>\n","protected":false},"featured_media":0,"template":"","meta":{"site-sidebar-layout":"default","site-content-layout":"default","ast-global-header-display":"","ast-main-header-display":"","ast-hfb-above-header-display":"","ast-hfb-below-header-display":"","ast-hfb-mobile-header-display":"","site-post-title":"","ast-breadcrumbs-content":"","ast-featured-img":"","footer-sml-layout":"","theme-transparent-header-meta":"","adv-header-id-meta":"","stick-header-meta":"","header-above-stick-meta":"","header-main-stick-meta":"","header-below-stick-meta":""},"pwb-brand":[328],"product_cat":[37],"product_tag":[],"class_list":{"0":"post-22141","1":"product","2":"type-product","3":"status-publish","5":"pwb-brand-eibach","6":"product_cat-muut-luokat","7":"desktop-align-left","8":"tablet-align-left","9":"mobile-align-left","11":"first","12":"instock","13":"product-type-external"},"brands":[{"id":328,"name":"EIBACH","slug":"eibach"}],"_links":{"self":[{"href":"https:\/\/www.autonvaraosahaku.fi\/index.php?rest_route=\/wp\/v2\/product\/22141","targetHints":{"allow":["GET"]}}],"collection":[{"href":"https:\/\/www.autonvaraosahaku.fi\/index.php?rest_route=\/wp\/v2\/product"}],"about":[{"href":"https:\/\/www.autonvaraosahaku.fi\/index.php?rest_route=\/wp\/v2\/types\/product"}],"wp:attachment":[{"href":"https:\/\/www.autonvaraosahaku.fi\/index.php?rest_route=%2Fwp%2Fv2%2Fmedia&parent=22141"}],"wp:term":[{"taxonomy":"pwb-brand","embeddable":true,"href":"https:\/\/www.autonvaraosahaku.fi\/index.php?rest_route=%2Fwp%2Fv2%2Fpwb-brand&post=22141"},{"taxonomy":"product_cat","embeddable":true,"href":"https:\/\/www.autonvaraosahaku.fi\/index.php?rest_route=%2Fwp%2Fv2%2Fproduct_cat&post=22141"},{"taxonomy":"product_tag","embeddable":true,"href":"https:\/\/www.autonvaraosahaku.fi\/index.php?rest_route=%2Fwp%2Fv2%2Fproduct_tag&post=22141"}],"curies":[{"name":"wp","href":"https:\/\/api.w.org\/{rel}","templated":true}]}}