{"id":22155,"date":"2021-02-21T14:46:11","date_gmt":"2021-02-21T14:46:11","guid":{"rendered":"https:\/\/www.autonvaraosahaku.fi\/?product=gates-09-0121-ahdinletku"},"modified":"2021-02-21T14:46:13","modified_gmt":"2021-02-21T14:46:13","slug":"gates-09-0121-ahdinletku","status":"publish","type":"product","link":"https:\/\/www.autonvaraosahaku.fi\/?product=gates-09-0121-ahdinletku","title":{"rendered":"GATES 09-0121 Ahdinletku"},"content":{"rendered":"<p>Materiaali: Silikoni; V\u00e4ri: Oranssi; Letkupituus [mm]: 130; Sis\u00e4l\u00e4pimitta 1 [mm]: 48; Sis\u00e4l\u00e4pimitta 2 [mm]: 48; Valmistusvuosi alkaen: 09\/2010; OPEL: CROSSLAND X; PEUGEOT: 207 WA_, WC_,207 CC WD_,207 SW WK_,208,1007 KM_,2008,301,207 Van,208 Kasten; CITRO\u00cbN: DS3,C3 Picasso,C3 II,DS3 Cabriolet,C-ELYSEE,C4 CACTUS,C3 III SX,C3 AIRCROSS II; DS: DS 3,DS 4 \/ DS 4 CROSSBACK,DS 3 Cabriolet; VAUXHALL: CROSSLAND X; 0382GV, 0382PK, 9801280580, 0382GV, 0382PK, 9801280580, 3638400, 9801280580, 0382GV, 0382PK, 9801280580, 3638400; Turbon Letkut,Turbon Putket<\/p>\n","protected":false},"excerpt":{"rendered":"<p>GATES Ahdinletku 09-0121 Turbon Letkut,Turbon Putket OPEL,PEUGEOT,CITRO\u00cbN,CROSSLAND X,207 WA_, WC_,207 CC WD_,207 SW WK_,208,1007 KM_,2008,301,207 Van<\/p>\n","protected":false},"featured_media":0,"template":"","meta":{"site-sidebar-layout":"default","site-content-layout":"default","ast-global-header-display":"","ast-main-header-display":"","ast-hfb-above-header-display":"","ast-hfb-below-header-display":"","ast-hfb-mobile-header-display":"","site-post-title":"","ast-breadcrumbs-content":"","ast-featured-img":"","footer-sml-layout":"","theme-transparent-header-meta":"","adv-header-id-meta":"","stick-header-meta":"","header-above-stick-meta":"","header-main-stick-meta":"","header-below-stick-meta":""},"pwb-brand":[22],"product_cat":[113],"product_tag":[],"class_list":{"0":"post-22155","1":"product","2":"type-product","3":"status-publish","5":"pwb-brand-gates","6":"product_cat-ahdinletku","7":"desktop-align-left","8":"tablet-align-left","9":"mobile-align-left","11":"first","12":"instock","13":"product-type-external"},"brands":[{"id":22,"name":"GATES","slug":"gates"}],"_links":{"self":[{"href":"https:\/\/www.autonvaraosahaku.fi\/index.php?rest_route=\/wp\/v2\/product\/22155","targetHints":{"allow":["GET"]}}],"collection":[{"href":"https:\/\/www.autonvaraosahaku.fi\/index.php?rest_route=\/wp\/v2\/product"}],"about":[{"href":"https:\/\/www.autonvaraosahaku.fi\/index.php?rest_route=\/wp\/v2\/types\/product"}],"wp:attachment":[{"href":"https:\/\/www.autonvaraosahaku.fi\/index.php?rest_route=%2Fwp%2Fv2%2Fmedia&parent=22155"}],"wp:term":[{"taxonomy":"pwb-brand","embeddable":true,"href":"https:\/\/www.autonvaraosahaku.fi\/index.php?rest_route=%2Fwp%2Fv2%2Fpwb-brand&post=22155"},{"taxonomy":"product_cat","embeddable":true,"href":"https:\/\/www.autonvaraosahaku.fi\/index.php?rest_route=%2Fwp%2Fv2%2Fproduct_cat&post=22155"},{"taxonomy":"product_tag","embeddable":true,"href":"https:\/\/www.autonvaraosahaku.fi\/index.php?rest_route=%2Fwp%2Fv2%2Fproduct_tag&post=22155"}],"curies":[{"name":"wp","href":"https:\/\/api.w.org\/{rel}","templated":true}]}}