{"id":22174,"date":"2021-02-21T14:46:15","date_gmt":"2021-02-21T14:46:15","guid":{"rendered":"https:\/\/www.autonvaraosahaku.fi\/?product=hella-8eg-008-498-231-hehkutulppa"},"modified":"2021-02-21T14:46:18","modified_gmt":"2021-02-21T14:46:18","slug":"hella-8eg-008-498-231-hehkutulppa","status":"publish","type":"product","link":"https:\/\/www.autonvaraosahaku.fi\/?product=hella-8eg-008-498-231-hehkutulppa","title":{"rendered":"HELLA 8EG 008 498-231 Hehkutulppa"},"content":{"rendered":"<p>Hehkutulppatyyppi: j\u00e4lkihehkutuksenkest\u00e4v\u00e4, Hehkutulppa, puikko; Avainv\u00e4li: 10mm; Nimellisj\u00e4nnite (V): 11; Pistokemalli: Ruuviliitin; Valmistusvuosi alkaen: 07\/2003; TOYOTA: COROLLA Liftback _E11_,COROLLA Compact _E11_,COROLLA _E11_,COROLLA Wagon __E11_; FIAT: SCUDO Kasten 220L,SCUDO Combinato 220P,SCUDO Pritsche\/Fahrgestell 220_; CITRO\u00cbN: BERLINGO MF,SAXO S0, S1,BERLINGO Kasten M_,XSARA N1,XSARA Break N2,XSARA Coupe N0,JUMPY U6U,JUMPY Kasten BS_, BT_, BY_, BZ_,XSARA Kasten,SAXO Hatchback van S3_,XSARA Kasten\/Schr\u00e4gheck; PEUGEOT: 206 Schr\u00e4gheck 2A\/C,106 II 1,PARTNER Combispace 5F,PARTNER Kasten 5,EXPERT Kasten 222,206 Van,EXPERT 224,106 Van 1_,EXPERT Pritsche\/Fahrgestell 223,PARTNER Pritsche\/Fahrgestell; 5962W3, 9631658980, 9651029880, 110656F900, SU00100351<\/p>\n","protected":false},"excerpt":{"rendered":"<p>HELLA Hehkutulppa 8EG 008 498-231  TOYOTA,FIAT,CITRO\u00cbN,COROLLA Liftback _E11_,COROLLA Compact _E11_,COROLLA _E11_,COROLLA Wagon __E11_<\/p>\n","protected":false},"featured_media":0,"template":"","meta":{"site-sidebar-layout":"default","site-content-layout":"default","ast-global-header-display":"","ast-main-header-display":"","ast-hfb-above-header-display":"","ast-hfb-below-header-display":"","ast-hfb-mobile-header-display":"","site-post-title":"","ast-breadcrumbs-content":"","ast-featured-img":"","footer-sml-layout":"","theme-transparent-header-meta":"","adv-header-id-meta":"","stick-header-meta":"","header-above-stick-meta":"","header-main-stick-meta":"","header-below-stick-meta":""},"pwb-brand":[24],"product_cat":[52],"product_tag":[],"class_list":{"0":"post-22174","1":"product","2":"type-product","3":"status-publish","5":"pwb-brand-hella","6":"product_cat-hehkutulppa","7":"desktop-align-left","8":"tablet-align-left","9":"mobile-align-left","11":"first","12":"instock","13":"product-type-external"},"brands":[{"id":24,"name":"HELLA","slug":"hella"}],"_links":{"self":[{"href":"https:\/\/www.autonvaraosahaku.fi\/index.php?rest_route=\/wp\/v2\/product\/22174","targetHints":{"allow":["GET"]}}],"collection":[{"href":"https:\/\/www.autonvaraosahaku.fi\/index.php?rest_route=\/wp\/v2\/product"}],"about":[{"href":"https:\/\/www.autonvaraosahaku.fi\/index.php?rest_route=\/wp\/v2\/types\/product"}],"wp:attachment":[{"href":"https:\/\/www.autonvaraosahaku.fi\/index.php?rest_route=%2Fwp%2Fv2%2Fmedia&parent=22174"}],"wp:term":[{"taxonomy":"pwb-brand","embeddable":true,"href":"https:\/\/www.autonvaraosahaku.fi\/index.php?rest_route=%2Fwp%2Fv2%2Fpwb-brand&post=22174"},{"taxonomy":"product_cat","embeddable":true,"href":"https:\/\/www.autonvaraosahaku.fi\/index.php?rest_route=%2Fwp%2Fv2%2Fproduct_cat&post=22174"},{"taxonomy":"product_tag","embeddable":true,"href":"https:\/\/www.autonvaraosahaku.fi\/index.php?rest_route=%2Fwp%2Fv2%2Fproduct_tag&post=22174"}],"curies":[{"name":"wp","href":"https:\/\/api.w.org\/{rel}","templated":true}]}}