{"id":22179,"date":"2021-02-21T14:46:19","date_gmt":"2021-02-21T14:46:19","guid":{"rendered":"https:\/\/www.autonvaraosahaku.fi\/?product=spidan-36174-vetonivelen-suojakumi"},"modified":"2021-02-21T14:46:20","modified_gmt":"2021-02-21T14:46:20","slug":"spidan-36174-vetonivelen-suojakumi","status":"publish","type":"product","link":"https:\/\/www.autonvaraosahaku.fi\/?product=spidan-36174-vetonivelen-suojakumi","title":{"rendered":"SPIDAN 36174 Vetonivelen suojakumi"},"content":{"rendered":"<p>Sis\u00e4l\u00e4pimitta 1 [mm]: 24; Sis\u00e4l\u00e4pimitta 2 [mm]: 92; Korkeus (mm): 88,00; Paljekumin materiaali: NBR (nitriili-butadi-kumi); Uusi osa: ; Valmistusvuosi alkaen: 06\/1994; VW: PASSAT Variant 3B6,PASSAT Variant 3B5,PASSAT 3B2,PASSAT 3B3; AUDI: A4 8D2, B5,A6 Avant 4B5, C5,A4 Avant 8D5, B5,A6 4B2, C5,A8 4D2, 4D8,ALLROAD 4BH, C5; SKODA: SUPERB 3U4; 3B0498203B, 3B0498203C, 3B0498203F, 441498203A, 8D0498203C, 3B0498203B, 3B0498203C, 3B0498203F, 441498203A, 8D0498203C, 3B0498203B, 3B0498203C, 3B0498203F, 441498203A, 8D0498203C, 3B0498203B, 3B0498203C, 3B0498203F, 441498203A, 8D0498203C<\/p>\n","protected":false},"excerpt":{"rendered":"<p>SPIDAN Paljekumisarja, Vetoakseli 36174  VW,AUDI,SKODA,PASSAT Variant 3B6,PASSAT Variant 3B5,PASSAT 3B2,PASSAT 3B3,A4 8D2, B5,A6 Avant 4B5, C5<\/p>\n","protected":false},"featured_media":0,"template":"","meta":{"site-sidebar-layout":"default","site-content-layout":"default","ast-global-header-display":"","ast-main-header-display":"","ast-hfb-above-header-display":"","ast-hfb-below-header-display":"","ast-hfb-mobile-header-display":"","site-post-title":"","ast-breadcrumbs-content":"","ast-featured-img":"","footer-sml-layout":"","theme-transparent-header-meta":"","adv-header-id-meta":"","stick-header-meta":"","header-above-stick-meta":"","header-main-stick-meta":"","header-below-stick-meta":""},"pwb-brand":[411],"product_cat":[42],"product_tag":[],"class_list":{"0":"post-22179","1":"product","2":"type-product","3":"status-publish","5":"pwb-brand-spidan","6":"product_cat-vetonivelen-suojakumi","7":"desktop-align-left","8":"tablet-align-left","9":"mobile-align-left","11":"first","12":"instock","13":"product-type-external"},"brands":[{"id":411,"name":"SPIDAN","slug":"spidan"}],"_links":{"self":[{"href":"https:\/\/www.autonvaraosahaku.fi\/index.php?rest_route=\/wp\/v2\/product\/22179","targetHints":{"allow":["GET"]}}],"collection":[{"href":"https:\/\/www.autonvaraosahaku.fi\/index.php?rest_route=\/wp\/v2\/product"}],"about":[{"href":"https:\/\/www.autonvaraosahaku.fi\/index.php?rest_route=\/wp\/v2\/types\/product"}],"wp:attachment":[{"href":"https:\/\/www.autonvaraosahaku.fi\/index.php?rest_route=%2Fwp%2Fv2%2Fmedia&parent=22179"}],"wp:term":[{"taxonomy":"pwb-brand","embeddable":true,"href":"https:\/\/www.autonvaraosahaku.fi\/index.php?rest_route=%2Fwp%2Fv2%2Fpwb-brand&post=22179"},{"taxonomy":"product_cat","embeddable":true,"href":"https:\/\/www.autonvaraosahaku.fi\/index.php?rest_route=%2Fwp%2Fv2%2Fproduct_cat&post=22179"},{"taxonomy":"product_tag","embeddable":true,"href":"https:\/\/www.autonvaraosahaku.fi\/index.php?rest_route=%2Fwp%2Fv2%2Fproduct_tag&post=22179"}],"curies":[{"name":"wp","href":"https:\/\/api.w.org\/{rel}","templated":true}]}}