{"id":22195,"date":"2021-02-21T14:46:19","date_gmt":"2021-02-21T14:46:19","guid":{"rendered":"https:\/\/www.autonvaraosahaku.fi\/?product=dayco-941128-jakohihna"},"modified":"2021-02-21T14:46:22","modified_gmt":"2021-02-21T14:46:22","slug":"dayco-941128-jakohihna","status":"publish","type":"product","link":"https:\/\/www.autonvaraosahaku.fi\/?product=dayco-941128-jakohihna","title":{"rendered":"DAYCO 941128 Jakohihna"},"content":{"rendered":"<p>Moottorinumero: EP6C; OPEL: CROSSLAND X,GRANDLAND X A18; PEUGEOT: 208,5008,3008,PARTNER Tepee,2008,308 II,301,108,3008 SUV,208 Kasten; CITRO\u00cbN: BERLINGO B9,DS3,C3 Picasso,C3 II,C4 II B7,C4 Grand Picasso II,C4 Picasso II,DS4,DS3 Cabriolet,C-ELYSEE,C1 II,C4 CACTUS,C3 III SX,C3 AIRCROSS II; DS: DS 3,DS7 Crossback,DS 4 \/ DS 4 CROSSBACK,DS 3 Cabriolet; VAUXHALL: CROSSLAND X,GRANDLAND X A18; 1608887580, 1610870580, 9688815780, 9807527380, 3639548, 1608887580, 1610870580, 9688815780, 9807527380; Jakop\u00e4\u00e4n Hihna,Hammashihna,Hammashihnat<\/p>\n","protected":false},"excerpt":{"rendered":"<p>DAYCO Jakohihna 941128 Jakop\u00e4\u00e4n Hihna,Hammashihna OPEL,PEUGEOT,CITRO\u00cbN,CROSSLAND X,GRANDLAND X A18,208,5008,3008,PARTNER Tepee,2008,308 II,301,108<\/p>\n","protected":false},"featured_media":0,"template":"","meta":{"site-sidebar-layout":"default","site-content-layout":"default","ast-global-header-display":"","ast-main-header-display":"","ast-hfb-above-header-display":"","ast-hfb-below-header-display":"","ast-hfb-mobile-header-display":"","site-post-title":"","ast-breadcrumbs-content":"","ast-featured-img":"","footer-sml-layout":"","theme-transparent-header-meta":"","adv-header-id-meta":"","stick-header-meta":"","header-above-stick-meta":"","header-main-stick-meta":"","header-below-stick-meta":""},"pwb-brand":[305],"product_cat":[266],"product_tag":[],"class_list":{"0":"post-22195","1":"product","2":"type-product","3":"status-publish","5":"pwb-brand-dayco","6":"product_cat-jakohihna","7":"desktop-align-left","8":"tablet-align-left","9":"mobile-align-left","11":"first","12":"instock","13":"product-type-external"},"brands":[{"id":305,"name":"DAYCO","slug":"dayco"}],"_links":{"self":[{"href":"https:\/\/www.autonvaraosahaku.fi\/index.php?rest_route=\/wp\/v2\/product\/22195","targetHints":{"allow":["GET"]}}],"collection":[{"href":"https:\/\/www.autonvaraosahaku.fi\/index.php?rest_route=\/wp\/v2\/product"}],"about":[{"href":"https:\/\/www.autonvaraosahaku.fi\/index.php?rest_route=\/wp\/v2\/types\/product"}],"wp:attachment":[{"href":"https:\/\/www.autonvaraosahaku.fi\/index.php?rest_route=%2Fwp%2Fv2%2Fmedia&parent=22195"}],"wp:term":[{"taxonomy":"pwb-brand","embeddable":true,"href":"https:\/\/www.autonvaraosahaku.fi\/index.php?rest_route=%2Fwp%2Fv2%2Fpwb-brand&post=22195"},{"taxonomy":"product_cat","embeddable":true,"href":"https:\/\/www.autonvaraosahaku.fi\/index.php?rest_route=%2Fwp%2Fv2%2Fproduct_cat&post=22195"},{"taxonomy":"product_tag","embeddable":true,"href":"https:\/\/www.autonvaraosahaku.fi\/index.php?rest_route=%2Fwp%2Fv2%2Fproduct_tag&post=22195"}],"curies":[{"name":"wp","href":"https:\/\/api.w.org\/{rel}","templated":true}]}}