{"id":22245,"date":"2021-02-21T14:46:32","date_gmt":"2021-02-21T14:46:32","guid":{"rendered":"https:\/\/www.autonvaraosahaku.fi\/?product=elring-261-460-kampiakselin-tiiviste"},"modified":"2021-02-21T14:46:33","modified_gmt":"2021-02-21T14:46:33","slug":"elring-261-460-kampiakselin-tiiviste","status":"publish","type":"product","link":"https:\/\/www.autonvaraosahaku.fi\/?product=elring-261-460-kampiakselin-tiiviste","title":{"rendered":"ELRING 261.460 Kampiakselin tiiviste"},"content":{"rendered":"<p>Sis\u00e4l\u00e4pimitta [mm]: 36,5; Ulkol\u00e4pimitta [mm]: 50,5; Korkeus (mm): 7; Akselitiivisteen malli: AS; Rihlamalli: Oikea kierre; Materiaali: ACM (polyakryyli-kautsu); Suojavaippa: Suojakumilla; Asennuspuoli: stirnseitig; MAZDA: 3 BK,MX-5 II NB,323 F VI BJ,MX-5 I NA,DEMIO DW,626 V GF,323 P V BA,MX-3 EC,FAMILIA VI BJ,XEDOS 6 CA,323 C IV BG,FAMILIA IV BF,FAMILIA V BA,FAMILIA V BG8,121 II DB,FAMILIA IV BG,323 III Station Wagon BW; KIA: CARENS II FJ,RIO Kombi DC,RIO Stufenheck DC_,SHUMA II FB,CARENS I FC,SHUMA FB,PRIDE DA,CLARUS K9A,CLARUS Kombi GC,SEPHIA Stufenheck FA,SEPHIA FA,PRIDE Kombi,SEPHIA FB,CERATO Stufenheck,AVELLA,PRIDE Van DA; 0B3C710602A, KKY0110602, B3C710602A; Akselitiiviste, Kampiakseli<\/p>\n","protected":false},"excerpt":{"rendered":"<p>ELRING Kampiakselin Tiiviste 261.460 Akselitiiviste, Kampiakseli MAZDA,KIA,3 BK,MX-5 II NB,323 F VI BJ,MX-5 I NA,DEMIO DW,626 V GF,323 P V BA,MX-3 EC<\/p>\n","protected":false},"featured_media":0,"template":"","meta":{"site-sidebar-layout":"default","site-content-layout":"default","ast-global-header-display":"","ast-main-header-display":"","ast-hfb-above-header-display":"","ast-hfb-below-header-display":"","ast-hfb-mobile-header-display":"","site-post-title":"","ast-breadcrumbs-content":"","ast-featured-img":"","footer-sml-layout":"","theme-transparent-header-meta":"","adv-header-id-meta":"","stick-header-meta":"","header-above-stick-meta":"","header-main-stick-meta":"","header-below-stick-meta":""},"pwb-brand":[26],"product_cat":[88],"product_tag":[],"class_list":{"0":"post-22245","1":"product","2":"type-product","3":"status-publish","5":"pwb-brand-elring","6":"product_cat-kampiakselin-tiiviste","7":"desktop-align-left","8":"tablet-align-left","9":"mobile-align-left","11":"first","12":"instock","13":"product-type-external"},"brands":[{"id":26,"name":"ELRING","slug":"elring"}],"_links":{"self":[{"href":"https:\/\/www.autonvaraosahaku.fi\/index.php?rest_route=\/wp\/v2\/product\/22245","targetHints":{"allow":["GET"]}}],"collection":[{"href":"https:\/\/www.autonvaraosahaku.fi\/index.php?rest_route=\/wp\/v2\/product"}],"about":[{"href":"https:\/\/www.autonvaraosahaku.fi\/index.php?rest_route=\/wp\/v2\/types\/product"}],"wp:attachment":[{"href":"https:\/\/www.autonvaraosahaku.fi\/index.php?rest_route=%2Fwp%2Fv2%2Fmedia&parent=22245"}],"wp:term":[{"taxonomy":"pwb-brand","embeddable":true,"href":"https:\/\/www.autonvaraosahaku.fi\/index.php?rest_route=%2Fwp%2Fv2%2Fpwb-brand&post=22245"},{"taxonomy":"product_cat","embeddable":true,"href":"https:\/\/www.autonvaraosahaku.fi\/index.php?rest_route=%2Fwp%2Fv2%2Fproduct_cat&post=22245"},{"taxonomy":"product_tag","embeddable":true,"href":"https:\/\/www.autonvaraosahaku.fi\/index.php?rest_route=%2Fwp%2Fv2%2Fproduct_tag&post=22245"}],"curies":[{"name":"wp","href":"https:\/\/api.w.org\/{rel}","templated":true}]}}