{"id":22264,"date":"2021-02-21T14:46:36","date_gmt":"2021-02-21T14:46:36","guid":{"rendered":"https:\/\/www.autonvaraosahaku.fi\/?product=fte-3100819-kytkimen-tyosylinteri"},"modified":"2021-02-21T14:46:37","modified_gmt":"2021-02-21T14:46:37","slug":"fte-3100819-kytkimen-tyosylinteri","status":"publish","type":"product","link":"https:\/\/www.autonvaraosahaku.fi\/?product=fte-3100819-kytkimen-tyosylinteri","title":{"rendered":"FTE 3100819 Kytkimen ty\u00f6sylinteri"},"content":{"rendered":"<p>Tuotenumerolle: KN19020B1, KN19020B1; Paino [kg]: 0,21; Valmistusvuosi alkaen: 09\/2005; SUZUKI: LIANA Schr\u00e4gheck,LIANA ER; LANCIA: PHEDRA 179; FIAT: ULYSSE 179AX,ULYSSE 220,SCUDO Kasten 220L,SCUDO Combinato 220P,SCUDO Pritsche\/Fahrgestell 220_; CITRO\u00cbN: BERLINGO MF,XSARA PICASSO N68,C2 JM_,C3 I FC_,C8 EA_, EB_,C4 I LC_,BERLINGO Kasten M_,C5 II Break RE_,C5 I DC_,C5 I Break DE_,XSARA N1,C4 Coupe LA_,C5 II RC_,XSARA Break N2,JUMPY,JUMPY Kasten,XSARA Coupe N0,C4 Stufenheck L,JUMPY U6U,JUMPY Kasten BS_, BT_, BY_, BZ_,JUMPY Pritsche\/Fahrgestell BU_, BV_, BW_, BX_,XSARA Kasten,XSARA Kasten\/Schr\u00e4gheck; PEUGEOT: 206 Schr\u00e4gheck 2A\/C,206 CC 2D,307 SW 3H,307 CC 3B,407 SW 6E_,307 3A\/C,308 SW,206 SW 2E\/K,807 E,308 4A_, 4C_,307 Break 3E,607 9D, 9U,407 6D_,406 Break 8E\/F,308 CC,PARTNER Combispace 5F,PARTNER Kasten 5,406 Coupe 8C,406 8B,407 Coupe 6C_,EXPERT Tepee VF3V_,EXPERT Kasten VF3A_, VF3U_, VF3X_,EXPERT Kasten 222,EXPERT 224,EXPERT Pritsche\/Fahrgestell 223,408; 218203, 218217, 218222, 218295, 9635975480, 9639573580, 9682650080, 9635975480, 9639573580, 9682650080, 218203, 218217, 218222, 218289, 218295, 9626813180, 9635975480, 9682650080, 2382073J00, 2382073J00000; Ty\u00f6sylinteri, Kytkin<\/p>\n","protected":false},"excerpt":{"rendered":"<p>FTE Kytkimen Ty\u00f6sylinteri 3100819 Ty\u00f6sylinteri, Kytkin SUZUKI,LANCIA,FIAT,LIANA Schr\u00e4gheck,LIANA ER,PHEDRA 179,ULYSSE 179AX,ULYSSE 220<\/p>\n","protected":false},"featured_media":0,"template":"","meta":{"site-sidebar-layout":"default","site-content-layout":"default","ast-global-header-display":"","ast-main-header-display":"","ast-hfb-above-header-display":"","ast-hfb-below-header-display":"","ast-hfb-mobile-header-display":"","site-post-title":"","ast-breadcrumbs-content":"","ast-featured-img":"","footer-sml-layout":"","theme-transparent-header-meta":"","adv-header-id-meta":"","stick-header-meta":"","header-above-stick-meta":"","header-main-stick-meta":"","header-below-stick-meta":""},"pwb-brand":[260],"product_cat":[310],"product_tag":[],"class_list":{"0":"post-22264","1":"product","2":"type-product","3":"status-publish","5":"pwb-brand-fte","6":"product_cat-kytkimen-tyosylinteri","7":"desktop-align-left","8":"tablet-align-left","9":"mobile-align-left","11":"first","12":"instock","13":"product-type-external"},"brands":[{"id":260,"name":"FTE","slug":"fte"}],"_links":{"self":[{"href":"https:\/\/www.autonvaraosahaku.fi\/index.php?rest_route=\/wp\/v2\/product\/22264","targetHints":{"allow":["GET"]}}],"collection":[{"href":"https:\/\/www.autonvaraosahaku.fi\/index.php?rest_route=\/wp\/v2\/product"}],"about":[{"href":"https:\/\/www.autonvaraosahaku.fi\/index.php?rest_route=\/wp\/v2\/types\/product"}],"wp:attachment":[{"href":"https:\/\/www.autonvaraosahaku.fi\/index.php?rest_route=%2Fwp%2Fv2%2Fmedia&parent=22264"}],"wp:term":[{"taxonomy":"pwb-brand","embeddable":true,"href":"https:\/\/www.autonvaraosahaku.fi\/index.php?rest_route=%2Fwp%2Fv2%2Fpwb-brand&post=22264"},{"taxonomy":"product_cat","embeddable":true,"href":"https:\/\/www.autonvaraosahaku.fi\/index.php?rest_route=%2Fwp%2Fv2%2Fproduct_cat&post=22264"},{"taxonomy":"product_tag","embeddable":true,"href":"https:\/\/www.autonvaraosahaku.fi\/index.php?rest_route=%2Fwp%2Fv2%2Fproduct_tag&post=22264"}],"curies":[{"name":"wp","href":"https:\/\/api.w.org\/{rel}","templated":true}]}}