{"id":22281,"date":"2021-02-21T14:46:40","date_gmt":"2021-02-21T14:46:40","guid":{"rendered":"https:\/\/www.autonvaraosahaku.fi\/?product=pascal-g5u002pc-vetonivelen-suojakumi"},"modified":"2021-02-21T14:46:40","modified_gmt":"2021-02-21T14:46:40","slug":"pascal-g5u002pc-vetonivelen-suojakumi","status":"publish","type":"product","link":"https:\/\/www.autonvaraosahaku.fi\/?product=pascal-g5u002pc-vetonivelen-suojakumi","title":{"rendered":"PASCAL G5U002PC Vetonivelen suojakumi"},"content":{"rendered":"<p>Korkeus (mm): 156; Sis\u00e4l\u00e4pimitta 1 [mm]: 22; Sis\u00e4l\u00e4pimitta 2 [mm]: 112; Asennuspuoli: Py\u00f6r\u00e4n puoli, Hinterachse; VW: TRANSPORTER IV Bus 70XB, 70XC, 7DB, 7DW,TIGUAN 5N_,CADDY III Kombi 2KB, 2KJ, 2CB, 2CJ,TRANSPORTER V Bus 7HB, 7HJ, 7EB, 7EJ, 7EF,TOUAREG 7LA, 7L6, 7L7,MULTIVAN V 7HM, 7HN, 7HF, 7EF, 7EM, 7EN,CADDY III Kasten 2KA, 2KH, 2CA, 2CH,TRANSPORTER IV Kasten 70XA,TRANSPORTER V Kasten 7HA, 7HH, 7EA, 7EH,TOUAREG 7P5,TRANSPORTER III Bus,CRAFTER 30-50 Kasten 2E_,CADDY II Kasten 9K9A,TRANSPORTER IV Pritsche\/Fahrgestell 70XD,AMAROK 2H_, S1B,LT 28-35 I Kasten 281-363,LT 28-35 I Bus 281-363,CADDY I 14,LT 28-46 II Kasten 2DA, 2DD, 2DH,CRAFTER 30-35 Bus 2E_,TRANSPORTER V Pritsche\/Fahrgestell 7JD, 7JE, 7JL, 7JY, 7JZ,,TRANSPORTER III Kasten,TARO,LT 28-35 II Bus 2DB, 2DE, 2DK,LT 28-46 II Pritsche\/Fahrgestell 2DC, 2DF, 2DG, 2DL, 2DM,TRANSPORTER II Bus,LT 28-35 I Pritsche\/Fahrgestell 281-363,CADDY II Kombi 9K9B,TRANSPORTER III Pritsche\/Fahrgestell,CRAFTER 30-50 Pritsche\/Fahrgestell 2F_,LT 40-55 I Pritsche\/Fahrgestell 293-909,CADDY II Pick-up 9U7,ILTIS 183,LT 40-55 I Kasten 291-512,TRANSPORTER I Bus 22; AUDI: Q5 8R,Q7 4L,Q3 8U,Q7 4M; MAZDA: CX-5 KE, GH,CX-7 ER,TRIBUTE EP,B-SERIE UN,BT-50 CD, UN,E-SERIE Kasten SR2,B-SERIE UF,CX-3 DK,E-SERIE Kasten,B-SERIE PE,B-SERIE UD; NISSAN: X-TRAIL T30,NAVARA D40,JUKE F15,PATHFINDER R51,X-TRAIL T31,NV200 EVALIA,TERRANO II R20,MURANO Z50,NAVARA Pritsche\/Fahrgestell D40,PATROL GR II Wagon Y61,NV200 Kasten,MURANO Z51,PICK UP D22,PATHFINDER R50,PRIMASTAR Bus X83,PICK UP D21,PATROL GR I Y60, GR,PRIMASTAR Kasten X83,TERRANO I WD21,PATROL Hardtop K160,INTERSTAR Kasten X70,PATROL Station Wagon W260,PATROL Hardtop K260,NP300,VANETTE Bus C22,NV400 Kasten,PATROL Station Wagon W160,KUBISTAR Kasten X80,INTERSTAR Bus X70,VANETTE CARGO Kasten HC 23,PICK UP 720,VANETTE CARGO Bus HC 23,X-TRAIL T32,NV400 Bus,SUNNY Kasten Y10,VANETTE Kasten C22,NAVARA Pick-up D23,INTERSTAR Pritsche\/Fahrgestell,NV400 Pritsche\/Fahrgestell,URVAN Bus E24,URVAN Kasten E23,CABSTAR E Pick-up US,URVAN Kasten E24,VANETTE Bus KC120,PATHFINDER,URVAN Bus E23,VANETTE Kasten C120,CABSTAR Pick-up,NT400 CABSTAR F24F; JEEP: GRAND CHEROKEE III WH, WK,GRAND CHEROKEE II WJ, WG,COMPASS MK49,GRAND CHEROKEE IV WK, WK2,WRANGLER III JK,CHEROKEE KJ,GRAND CHEROKEE I ZJ,CHEROKEE XJ,COMMANDER XK,WRANGLER II TJ,PATRIOT MK74,WRANGLER I YJ, SJ_,CHEROKEE KK,CJ5 &#8211; CJ8,RENEGADE Gel\u00e4ndewagen geschlossen BU,CHEROKEE KL; DAEWOO: MUSSO FJ,KORANDO KJ,KORANDO Cabrio KJ; LADA: NIVA 2121,NIVA II 2123; SKODA: YETI 5L,FELICIA I Fun 797,FAVORIT Pick-up 787; SUZUKI: JIMNY FJ,GRAND VITARA II JT,SX4 EY, GY,SAMURAI SJ,GRAND VITARA I FT,VITARA ET, TA,VITARA Cabrio ET, TA,SX4 S-Cross,SJ 413,LJ 80,SJ 410 Cabrio,SJ 410,VITARA ET,CARRY Kasten FD,SUPER CARRY Bus ED,VITARA Cabrio ET,VITARA LY,CARRY Kasten ST90V,GRAND VITARA I Cabriolet GT,CARRY Kasten; SEAT: INCA 6K9,TERRA Kasten 024A,TERRA 24<\/p>\n","protected":false},"excerpt":{"rendered":"<p>PASCAL Paljekumisarja, Vetoakseli G5U002PC  VW,AUDI,MAZDA,TRANSPORTER IV Bus 70XB, 70XC, 7DB, 7DW,TIGUAN 5N_,CADDY III Kombi 2KB, 2KJ, 2CB, 2CJ<\/p>\n","protected":false},"featured_media":0,"template":"","meta":{"site-sidebar-layout":"default","site-content-layout":"default","ast-global-header-display":"","ast-main-header-display":"","ast-hfb-above-header-display":"","ast-hfb-below-header-display":"","ast-hfb-mobile-header-display":"","site-post-title":"","ast-breadcrumbs-content":"","ast-featured-img":"","footer-sml-layout":"","theme-transparent-header-meta":"","adv-header-id-meta":"","stick-header-meta":"","header-above-stick-meta":"","header-main-stick-meta":"","header-below-stick-meta":""},"pwb-brand":[358],"product_cat":[42],"product_tag":[],"class_list":{"0":"post-22281","1":"product","2":"type-product","3":"status-publish","5":"pwb-brand-pascal","6":"product_cat-vetonivelen-suojakumi","7":"desktop-align-left","8":"tablet-align-left","9":"mobile-align-left","11":"first","12":"instock","13":"product-type-external"},"brands":[{"id":358,"name":"PASCAL","slug":"pascal"}],"_links":{"self":[{"href":"https:\/\/www.autonvaraosahaku.fi\/index.php?rest_route=\/wp\/v2\/product\/22281","targetHints":{"allow":["GET"]}}],"collection":[{"href":"https:\/\/www.autonvaraosahaku.fi\/index.php?rest_route=\/wp\/v2\/product"}],"about":[{"href":"https:\/\/www.autonvaraosahaku.fi\/index.php?rest_route=\/wp\/v2\/types\/product"}],"wp:attachment":[{"href":"https:\/\/www.autonvaraosahaku.fi\/index.php?rest_route=%2Fwp%2Fv2%2Fmedia&parent=22281"}],"wp:term":[{"taxonomy":"pwb-brand","embeddable":true,"href":"https:\/\/www.autonvaraosahaku.fi\/index.php?rest_route=%2Fwp%2Fv2%2Fpwb-brand&post=22281"},{"taxonomy":"product_cat","embeddable":true,"href":"https:\/\/www.autonvaraosahaku.fi\/index.php?rest_route=%2Fwp%2Fv2%2Fproduct_cat&post=22281"},{"taxonomy":"product_tag","embeddable":true,"href":"https:\/\/www.autonvaraosahaku.fi\/index.php?rest_route=%2Fwp%2Fv2%2Fproduct_tag&post=22281"}],"curies":[{"name":"wp","href":"https:\/\/api.w.org\/{rel}","templated":true}]}}