{"id":22317,"date":"2021-02-21T14:46:44","date_gmt":"2021-02-21T14:46:44","guid":{"rendered":"https:\/\/www.autonvaraosahaku.fi\/?product=daco-germany-531935-iskunvaimennin"},"modified":"2021-02-21T14:46:46","modified_gmt":"2021-02-21T14:46:46","slug":"daco-germany-531935-iskunvaimennin","status":"publish","type":"product","link":"https:\/\/www.autonvaraosahaku.fi\/?product=daco-germany-531935-iskunvaimennin","title":{"rendered":"DACO Germany 531935 Iskunvaimennin"},"content":{"rendered":"<p>Iskunvaimennin tyyppi: Kaasupaine; Iskunvaimennusj\u00e4rjestelm\u00e4: Kaksiputki; Iskunvaimennin asennustapa: Silmukka ylh\u00e4\u00e4ll\u00e4, Silmukka alhaalla; Paino [kg]: 2,300; Reik\u00e4-\u00d8 [mm]: 35; suurin pituus [mm]: 489; v\u00e4h. pituus [mm]: 316; Tappil\u00e4pimitta [mm]: 15,8; Valmistusvuosi alkaen: 06\/1994; FIAT: DUCATO Pritsche\/Fahrgestell 230,DUCATO Bus 230,DUCATO Kasten 244,DUCATO Kasten 230L,DUCATO Bus 244, Z_; PEUGEOT: BOXER Kasten 230L,BOXER Kasten 244,BOXER Pritsche\/Fahrgestell ZCT_,BOXER Pritsche\/Fahrgestell 244; CITRO\u00cbN: JUMPER Kasten 244,JUMPER Kasten 230L,JUMPER Pritsche\/Fahrgestell 244,JUMPER Pritsche\/Fahrgestell 230; 00005206C3, 1611272180, 5206AT, 5206C3, 5206HX, 5206Q1, 5206WF, 5206WV, 5206Y9, 1303682080, 1318946080, 1327436080, 1329683080, 1329684080, 1346464080, 1347238080, 1351064080, 59232009, 5206A9, 5206AS, 5206HW, 5206P8, 5206Y8, 5206YL; Iskarit,Iskunvaimennin<\/p>\n","protected":false},"excerpt":{"rendered":"<p>DACO Germany Iskunvaimentimet 531935 Iskarit,Iskunvaimennin FIAT,PEUGEOT,CITRO\u00cbN,DUCATO Pritsche\/Fahrgestell 230,DUCATO Bus 230,DUCATO Kasten 244<\/p>\n","protected":false},"featured_media":0,"template":"","meta":{"site-sidebar-layout":"default","site-content-layout":"default","ast-global-header-display":"","ast-main-header-display":"","ast-hfb-above-header-display":"","ast-hfb-below-header-display":"","ast-hfb-mobile-header-display":"","site-post-title":"","ast-breadcrumbs-content":"","ast-featured-img":"","footer-sml-layout":"","theme-transparent-header-meta":"","adv-header-id-meta":"","stick-header-meta":"","header-above-stick-meta":"","header-main-stick-meta":"","header-below-stick-meta":""},"pwb-brand":[349],"product_cat":[80],"product_tag":[],"class_list":{"0":"post-22317","1":"product","2":"type-product","3":"status-publish","5":"pwb-brand-daco-germany","6":"product_cat-iskunvaimennin","7":"desktop-align-left","8":"tablet-align-left","9":"mobile-align-left","11":"first","12":"instock","13":"product-type-external"},"brands":[{"id":349,"name":"DACO Germany","slug":"daco-germany"}],"_links":{"self":[{"href":"https:\/\/www.autonvaraosahaku.fi\/index.php?rest_route=\/wp\/v2\/product\/22317","targetHints":{"allow":["GET"]}}],"collection":[{"href":"https:\/\/www.autonvaraosahaku.fi\/index.php?rest_route=\/wp\/v2\/product"}],"about":[{"href":"https:\/\/www.autonvaraosahaku.fi\/index.php?rest_route=\/wp\/v2\/types\/product"}],"wp:attachment":[{"href":"https:\/\/www.autonvaraosahaku.fi\/index.php?rest_route=%2Fwp%2Fv2%2Fmedia&parent=22317"}],"wp:term":[{"taxonomy":"pwb-brand","embeddable":true,"href":"https:\/\/www.autonvaraosahaku.fi\/index.php?rest_route=%2Fwp%2Fv2%2Fpwb-brand&post=22317"},{"taxonomy":"product_cat","embeddable":true,"href":"https:\/\/www.autonvaraosahaku.fi\/index.php?rest_route=%2Fwp%2Fv2%2Fproduct_cat&post=22317"},{"taxonomy":"product_tag","embeddable":true,"href":"https:\/\/www.autonvaraosahaku.fi\/index.php?rest_route=%2Fwp%2Fv2%2Fproduct_tag&post=22317"}],"curies":[{"name":"wp","href":"https:\/\/api.w.org\/{rel}","templated":true}]}}