{"id":22328,"date":"2021-02-21T14:46:48","date_gmt":"2021-02-21T14:46:48","guid":{"rendered":"https:\/\/www.autonvaraosahaku.fi\/?product=maxgear-39-8650-pyyhkijansulat"},"modified":"2021-02-21T14:46:50","modified_gmt":"2021-02-21T14:46:50","slug":"maxgear-39-8650-pyyhkijansulat","status":"publish","type":"product","link":"https:\/\/www.autonvaraosahaku.fi\/?product=maxgear-39-8650-pyyhkijansulat","title":{"rendered":"MAXGEAR 39-8650 Pyyhkij\u00e4nsulat"},"content":{"rendered":"<p>Asennuspuoli: Edess\u00e4; Pituus (mm): 650; Pyyhkij\u00e4nsulkatyyppi: Flatblade-pyyhinsulka (rungoton); Valmistusvuoteen: 02\/2013; MAZDA: 5 CR19,CX-7 ER,5 CW,CX-9 TB; JEEP: CHEROKEE KL; NISSAN: ALMERA TINO V10,PRIMERA Kombi WP12,PRIMERA P12,MURANO Z50,NOTE E12,PRIMERA Hatchback P12,MURANO Z51,MAXIMA QX A33,LEAF,QASHQAI J11, J11_,NV400 Kasten,X-TRAIL T32,NV400 Bus,ALTIMA,NV400 Pritsche\/Fahrgestell,SERENA C24,MICRA V K14; KIA: RIO III UB,CEE&#8217;D JD,CARENS III UN,CARNIVAL \/ GRAND CARNIVAL III VQ,CEE`D Sportswagon JD,PRO CEE\u00b4D JD,RIO III Stufenheck UB,SPORTAGE QL,SORENTO III,NIRO,OPTIMA Sportswagon,STINGER CK,RIO IV YB,OPTIMA,STONIC YB; LEXUS: RX MHU3_, GSU3_, MCU3_,RX GYL1_, GGL15, AGL10,CT ZWA1_,GS GRL1_, GWL1_,ES AVV6_, GSV6_, ASV6_,LC; HONDA: JAZZ II GD,CR-V III RE,JAZZ III GE,FR-V BE,CR-V IV RE,CIVIC IX FK,CIVIC VIII Stufenheck FD, FA,INSIGHT ZE_,CR-Z ZF1,CIVIC IX Tourer FK,HR-V RU,CIVIC X Schr\u00e4gheck FC_, FK,JAZZ IV GK,CIVIC X Stufenheck FC_; LAND ROVER: DISCOVERY SPORT LC; HYUNDAI: i40 CW VF,i30 GD,i30 CW GD,TRAJET FO,SANTA F\u00c9 III DM,i30 Coupe,VELOSTER FS,i40 VF,H-1 Kasten,H-1 \/ STAREX,GRAND SANTA F\u00c9,TUCSON,ELANTRA Stufenheck MD, UD,SONATA VI YF,ACCENT IV Stufenheck RB,i30 PDE,IONIQ AE,H350 Bus,i30 Kombi PDE,H350 Kasten,KONA OS,GENESIS DH,i30 FASTBACK PDE,ELANTRA Stufenheck AD,H350 Pritsche\/Fahrgestell; INFINITI: Q50,G Stufenheck,G Coupe,Q70 Y51; SUZUKI: SX4 EY, GY,SX4 S-Cross,SX4 Stufenheck GY; Tuulilasinpyyhkimet,Pyyhkij\u00e4t,Pyyhkij\u00e4nsulka<\/p>\n","protected":false},"excerpt":{"rendered":"<p>MAXGEAR Pyyhkij\u00e4nsulat 39-8650 Tuulilasinpyyhkimet,Pyyhkij\u00e4t MAZDA,JEEP,NISSAN,5 CR19,CX-7 ER,5 CW,CX-9 TB,CHEROKEE KL,ALMERA TINO V10<\/p>\n","protected":false},"featured_media":0,"template":"","meta":{"site-sidebar-layout":"default","site-content-layout":"default","ast-global-header-display":"","ast-main-header-display":"","ast-hfb-above-header-display":"","ast-hfb-below-header-display":"","ast-hfb-mobile-header-display":"","site-post-title":"","ast-breadcrumbs-content":"","ast-featured-img":"","footer-sml-layout":"","theme-transparent-header-meta":"","adv-header-id-meta":"","stick-header-meta":"","header-above-stick-meta":"","header-main-stick-meta":"","header-below-stick-meta":""},"pwb-brand":[48],"product_cat":[33],"product_tag":[],"class_list":{"0":"post-22328","1":"product","2":"type-product","3":"status-publish","5":"pwb-brand-maxgear","6":"product_cat-pyyhkijansulat","7":"desktop-align-left","8":"tablet-align-left","9":"mobile-align-left","11":"first","12":"instock","13":"product-type-external"},"brands":[{"id":48,"name":"MAXGEAR","slug":"maxgear"}],"_links":{"self":[{"href":"https:\/\/www.autonvaraosahaku.fi\/index.php?rest_route=\/wp\/v2\/product\/22328","targetHints":{"allow":["GET"]}}],"collection":[{"href":"https:\/\/www.autonvaraosahaku.fi\/index.php?rest_route=\/wp\/v2\/product"}],"about":[{"href":"https:\/\/www.autonvaraosahaku.fi\/index.php?rest_route=\/wp\/v2\/types\/product"}],"wp:attachment":[{"href":"https:\/\/www.autonvaraosahaku.fi\/index.php?rest_route=%2Fwp%2Fv2%2Fmedia&parent=22328"}],"wp:term":[{"taxonomy":"pwb-brand","embeddable":true,"href":"https:\/\/www.autonvaraosahaku.fi\/index.php?rest_route=%2Fwp%2Fv2%2Fpwb-brand&post=22328"},{"taxonomy":"product_cat","embeddable":true,"href":"https:\/\/www.autonvaraosahaku.fi\/index.php?rest_route=%2Fwp%2Fv2%2Fproduct_cat&post=22328"},{"taxonomy":"product_tag","embeddable":true,"href":"https:\/\/www.autonvaraosahaku.fi\/index.php?rest_route=%2Fwp%2Fv2%2Fproduct_tag&post=22328"}],"curies":[{"name":"wp","href":"https:\/\/api.w.org\/{rel}","templated":true}]}}