{"id":22337,"date":"2021-02-21T14:46:48","date_gmt":"2021-02-21T14:46:48","guid":{"rendered":"https:\/\/www.autonvaraosahaku.fi\/?product=nrf-34179-lammityslaitteen-puhallin"},"modified":"2021-02-21T14:46:51","modified_gmt":"2021-02-21T14:46:51","slug":"nrf-34179-lammityslaitteen-puhallin","status":"publish","type":"product","link":"https:\/\/www.autonvaraosahaku.fi\/?product=nrf-34179-lammityslaitteen-puhallin","title":{"rendered":"NRF 34179 L\u00e4mmityslaitteen puhallin"},"content":{"rendered":"<p>Py\u00f6rimissuunta: Py\u00f6rimissuunta vastap\u00e4iv\u00e4\u00e4n; J\u00e4nnite (V): 12; L\u00e4pimitta 1\/l\u00e4pimitta 2 [mm]: 150; Puhallinsiipen lukum\u00e4\u00e4r\u00e4: 41; Muoto: L-muoto; Napojen m\u00e4\u00e4r\u00e4: 2; Rakennemalli: Sportage; KIA: SPORTAGE JE_, KM_; HYUNDAI: TUCSON JM; 971132E200, 971132E300, 971132E200, 971132E300; Sis\u00e4tilan Puhallin,Sis\u00e4tilapuhallin<\/p>\n","protected":false},"excerpt":{"rendered":"<p>NRF L\u00e4mmityslaitteen Puhallin 34179 Sis\u00e4tilan Puhallin,Sis\u00e4tilapuhallin KIA,HYUNDAI,SPORTAGE JE_, KM_,TUCSON JM<\/p>\n","protected":false},"featured_media":0,"template":"","meta":{"site-sidebar-layout":"default","site-content-layout":"default","ast-global-header-display":"","ast-main-header-display":"","ast-hfb-above-header-display":"","ast-hfb-below-header-display":"","ast-hfb-mobile-header-display":"","site-post-title":"","ast-breadcrumbs-content":"","ast-featured-img":"","footer-sml-layout":"","theme-transparent-header-meta":"","adv-header-id-meta":"","stick-header-meta":"","header-above-stick-meta":"","header-main-stick-meta":"","header-below-stick-meta":""},"pwb-brand":[85],"product_cat":[86],"product_tag":[],"class_list":{"0":"post-22337","1":"product","2":"type-product","3":"status-publish","5":"pwb-brand-nrf","6":"product_cat-lammityslaitteen-puhallin","7":"desktop-align-left","8":"tablet-align-left","9":"mobile-align-left","11":"first","12":"instock","13":"product-type-external"},"brands":[{"id":85,"name":"NRF","slug":"nrf"}],"_links":{"self":[{"href":"https:\/\/www.autonvaraosahaku.fi\/index.php?rest_route=\/wp\/v2\/product\/22337","targetHints":{"allow":["GET"]}}],"collection":[{"href":"https:\/\/www.autonvaraosahaku.fi\/index.php?rest_route=\/wp\/v2\/product"}],"about":[{"href":"https:\/\/www.autonvaraosahaku.fi\/index.php?rest_route=\/wp\/v2\/types\/product"}],"wp:attachment":[{"href":"https:\/\/www.autonvaraosahaku.fi\/index.php?rest_route=%2Fwp%2Fv2%2Fmedia&parent=22337"}],"wp:term":[{"taxonomy":"pwb-brand","embeddable":true,"href":"https:\/\/www.autonvaraosahaku.fi\/index.php?rest_route=%2Fwp%2Fv2%2Fpwb-brand&post=22337"},{"taxonomy":"product_cat","embeddable":true,"href":"https:\/\/www.autonvaraosahaku.fi\/index.php?rest_route=%2Fwp%2Fv2%2Fproduct_cat&post=22337"},{"taxonomy":"product_tag","embeddable":true,"href":"https:\/\/www.autonvaraosahaku.fi\/index.php?rest_route=%2Fwp%2Fv2%2Fproduct_tag&post=22337"}],"curies":[{"name":"wp","href":"https:\/\/api.w.org\/{rel}","templated":true}]}}