{"id":22344,"date":"2021-02-21T14:46:52","date_gmt":"2021-02-21T14:46:52","guid":{"rendered":"https:\/\/www.autonvaraosahaku.fi\/?product=mahle-original-cr-330-000s-jaahdytin"},"modified":"2021-02-21T14:46:53","modified_gmt":"2021-02-21T14:46:53","slug":"mahle-original-cr-330-000s-jaahdytin","status":"publish","type":"product","link":"https:\/\/www.autonvaraosahaku.fi\/?product=mahle-original-cr-330-000s-jaahdytin","title":{"rendered":"MAHLE ORIGINAL CR 330 000S J\u00e4\u00e4hdytin"},"content":{"rendered":"<p>Verkon pituus [mm]: 440; Verkon leveys [mm]: 438; Verkon syvyys [mm]: 32; J\u00e4\u00e4hdytintyyppi: J\u00e4\u00e4hdytysrivat mekaan. kiinnitetyt, J\u00e4\u00e4hdytysrivat juotetut; L\u00e4mmityslaite \/ j\u00e4\u00e4hdytys: Termokatkaisijan liittimell\u00e4; Lis\u00e4ksi tarvittavat tuotteet (tuotenumero): CRB 22 000P; J\u00e4hdytysripamateriaali: Alumiini; Matriaali j\u00e4\u00e4hdyttimen s\u00e4ili\u00f6: Muovi; Vaihteistomalli: Schaltgetriebe; BMW: 3 Compact E36,3 E36,3 E30,3 Coupe E36,Z3 E36,3 Cabriolet E30,3 Cabriolet E36,3 Touring E36,3 Touring E30; 1247145, 17101247145, 17111719263, 17111723990, 17111728905, 17111728907, 1719263, 1723990, 1728905, 1728907; Syyl\u00e4ri,J\u00e4\u00e4hdytin,Moottorin J\u00e4\u00e4hdytys<\/p>\n","protected":false},"excerpt":{"rendered":"<p>MAHLE ORIGINAL J\u00e4\u00e4hdytin CR 330 000S Syyl\u00e4ri,J\u00e4\u00e4hdytin,Moottorin J\u00e4\u00e4hdytys BMW,3 Compact E36,3 E36,3 E30,3 Coupe E36,Z3 E36,3 Cabriolet E30<\/p>\n","protected":false},"featured_media":0,"template":"","meta":{"site-sidebar-layout":"default","site-content-layout":"default","ast-global-header-display":"","ast-main-header-display":"","ast-hfb-above-header-display":"","ast-hfb-below-header-display":"","ast-hfb-mobile-header-display":"","site-post-title":"","ast-breadcrumbs-content":"","ast-featured-img":"","footer-sml-layout":"","theme-transparent-header-meta":"","adv-header-id-meta":"","stick-header-meta":"","header-above-stick-meta":"","header-main-stick-meta":"","header-below-stick-meta":""},"pwb-brand":[153],"product_cat":[421],"product_tag":[],"class_list":{"0":"post-22344","1":"product","2":"type-product","3":"status-publish","5":"pwb-brand-mahle-original","6":"product_cat-jaahdytin","7":"desktop-align-left","8":"tablet-align-left","9":"mobile-align-left","11":"first","12":"instock","13":"product-type-external"},"brands":[{"id":153,"name":"MAHLE ORIGINAL","slug":"mahle-original"}],"_links":{"self":[{"href":"https:\/\/www.autonvaraosahaku.fi\/index.php?rest_route=\/wp\/v2\/product\/22344","targetHints":{"allow":["GET"]}}],"collection":[{"href":"https:\/\/www.autonvaraosahaku.fi\/index.php?rest_route=\/wp\/v2\/product"}],"about":[{"href":"https:\/\/www.autonvaraosahaku.fi\/index.php?rest_route=\/wp\/v2\/types\/product"}],"wp:attachment":[{"href":"https:\/\/www.autonvaraosahaku.fi\/index.php?rest_route=%2Fwp%2Fv2%2Fmedia&parent=22344"}],"wp:term":[{"taxonomy":"pwb-brand","embeddable":true,"href":"https:\/\/www.autonvaraosahaku.fi\/index.php?rest_route=%2Fwp%2Fv2%2Fpwb-brand&post=22344"},{"taxonomy":"product_cat","embeddable":true,"href":"https:\/\/www.autonvaraosahaku.fi\/index.php?rest_route=%2Fwp%2Fv2%2Fproduct_cat&post=22344"},{"taxonomy":"product_tag","embeddable":true,"href":"https:\/\/www.autonvaraosahaku.fi\/index.php?rest_route=%2Fwp%2Fv2%2Fproduct_tag&post=22344"}],"curies":[{"name":"wp","href":"https:\/\/api.w.org\/{rel}","templated":true}]}}