{"id":22373,"date":"2021-02-21T14:46:57","date_gmt":"2021-02-21T14:46:57","guid":{"rendered":"https:\/\/www.autonvaraosahaku.fi\/?product=sasic-8700007-muut-luokat"},"modified":"2021-02-21T14:46:59","modified_gmt":"2021-02-21T14:46:59","slug":"sasic-8700007-muut-luokat","status":"publish","type":"product","link":"https:\/\/www.autonvaraosahaku.fi\/?product=sasic-8700007-muut-luokat","title":{"rendered":"SASIC 8700007 Muut luokat"},"content":{"rendered":"<p>Pituus (mm): 79; Ulkokierre [mm]: M14x1,5; Ruuvin pituus ilman p\u00e4\u00e4t\u00e4: 70; OE-numerolle: 051660; CITRO\u00cbN: BERLINGO MF,XSARA PICASSO N68,C2 JM_,C3 I FC_,BERLINGO B9,C5 III Break TD_,C4 Picasso I UD_,C4 Grand Picasso I UA_,C8 EA_, EB_,C4 I LC_,JUMPER Kasten,SAXO S0, S1,BERLINGO Kasten M_,C5 II Break RE_,C5 I DC_,C5 I Break DE_,C5 III RD_,C3 II,XSARA N1,C4 Coupe LA_,C3 Pluriel HB_,C4 II B7,C5 II RC_,C-CROSSER EP_,XSARA Break N2,JUMPY,BERLINGO Kasten B9,JUMPER Kasten 244,C6 TD_,JUMPY Kasten,C4 Grand Picasso II,C4 Picasso II,XM Y4,XANTIA X2,DS4,XSARA Coupe N0,XANTIA X1,AX ZA-_,NEMO Kasten AA_,JUMPER Bus,DS5,EVASION 22, U6,C4 Stufenheck L,XANTIA Break X2,JUMPER Pritsche\/Fahrgestell,ZX N2,BX XB-_,NEMO Kombi,C25 Bus 280_, 290_,JUMPY U6U,JUMPY Kasten BS_, BT_, BY_, BZ_,JUMPER Kasten 230L,JUMPER Bus 244, Z_,XM Y3,XANTIA Break X1,JUMPER Bus 230P,ZX Break N2,JUMPER Pritsche\/Fahrgestell 244,XM Break Y4,JUMPER Pritsche\/Fahrgestell 230,BX Break XB-_,C25 Kasten 280_, 290_,C15 VD-_,JUMPY Pritsche\/Fahrgestell BU_, BV_, BW_, BX_,C-ELYSEE,XM Break Y3,C15 Kombi,SPACET; PEUGEOT: 206 Schr\u00e4gheck 2A\/C,206 CC 2D,207 WA_, WC_,307 SW 3H,307 CC 3B,407 SW 6E_,307 3A\/C,207 SW WK_,308 SW,206 SW 2E\/K,807 E,106 II 1,206+ T3E,308 4A_, 4C_,BOXER Kasten,5008,307 Break 3E,508 SW,306 Schr\u00e4gheck 7A, 7C, N3, N5,607 9D, 9U,306 Cabriolet 7D, N3, N5,407 6D_,3008,406 Break 8E\/F,RCZ,308 CC,1007 KM_,PARTNER Combispace 5F,106 I 1A, 1C,205 II 20A\/C,4007 GP_,PARTNER Kasten 5,406 Coupe 8C,306 Break 7E, N3, N5,406 8B,806 221,508,407 Coupe 6C_,EXPERT Tepee VF3V_,BOXER Kasten 230L,EXPERT Kasten VF3A_, VF3U_, VF3X_,BOXER Kasten 244,306 7B, N3, N5,J5 Kasten 280L,205 I Cabriolet 741B, 20D,PARTNER Kasten,BOXER Bus,EXPERT Kasten 222,206 Stufenheck,BOXER Pritsche\/Fahrgestell,BIPPER AA_,308 II,309 II 3C, 3A,205 I 741A\/C,BIPPER Tepee,J5 Kasten 290L,405 I 15B,BOXER Bus 230P,BOXER Bus 244, Z_,BOXER Pritsche\/Fahrgestell ZCT_,206 Van,605 6B,EXPERT 224,405 II 4B,309 I 10C, 10A,BOXER Pritsche\/Fahrgestell 244,405 II Break 4E,405 I Break 15E,301,EXPERT Pritsche; DS: DS5; 051660, 0516A4, 051660, 0516A4, 051660, 0516A4<\/p>\n","protected":false},"excerpt":{"rendered":"<p>SASIC Hihnapy\u00f6r\u00e4n Ruuvi 8700007  CITRO\u00cbN,PEUGEOT,DS,BERLINGO MF,XSARA PICASSO N68,C2 JM_,C3 I FC_,BERLINGO B9,C5 III Break TD_,C4 Picasso I UD_<\/p>\n","protected":false},"featured_media":0,"template":"","meta":{"site-sidebar-layout":"default","site-content-layout":"default","ast-global-header-display":"","ast-main-header-display":"","ast-hfb-above-header-display":"","ast-hfb-below-header-display":"","ast-hfb-mobile-header-display":"","site-post-title":"","ast-breadcrumbs-content":"","ast-featured-img":"","footer-sml-layout":"","theme-transparent-header-meta":"","adv-header-id-meta":"","stick-header-meta":"","header-above-stick-meta":"","header-main-stick-meta":"","header-below-stick-meta":""},"pwb-brand":[110],"product_cat":[37],"product_tag":[],"class_list":{"0":"post-22373","1":"product","2":"type-product","3":"status-publish","5":"pwb-brand-sasic","6":"product_cat-muut-luokat","7":"desktop-align-left","8":"tablet-align-left","9":"mobile-align-left","11":"first","12":"instock","13":"product-type-external"},"brands":[{"id":110,"name":"SASIC","slug":"sasic"}],"_links":{"self":[{"href":"https:\/\/www.autonvaraosahaku.fi\/index.php?rest_route=\/wp\/v2\/product\/22373","targetHints":{"allow":["GET"]}}],"collection":[{"href":"https:\/\/www.autonvaraosahaku.fi\/index.php?rest_route=\/wp\/v2\/product"}],"about":[{"href":"https:\/\/www.autonvaraosahaku.fi\/index.php?rest_route=\/wp\/v2\/types\/product"}],"wp:attachment":[{"href":"https:\/\/www.autonvaraosahaku.fi\/index.php?rest_route=%2Fwp%2Fv2%2Fmedia&parent=22373"}],"wp:term":[{"taxonomy":"pwb-brand","embeddable":true,"href":"https:\/\/www.autonvaraosahaku.fi\/index.php?rest_route=%2Fwp%2Fv2%2Fpwb-brand&post=22373"},{"taxonomy":"product_cat","embeddable":true,"href":"https:\/\/www.autonvaraosahaku.fi\/index.php?rest_route=%2Fwp%2Fv2%2Fproduct_cat&post=22373"},{"taxonomy":"product_tag","embeddable":true,"href":"https:\/\/www.autonvaraosahaku.fi\/index.php?rest_route=%2Fwp%2Fv2%2Fproduct_tag&post=22373"}],"curies":[{"name":"wp","href":"https:\/\/api.w.org\/{rel}","templated":true}]}}