{"id":22383,"date":"2021-02-21T14:47:01","date_gmt":"2021-02-21T14:47:01","guid":{"rendered":"https:\/\/www.autonvaraosahaku.fi\/?product=metzger-0892528-painemuunnin"},"modified":"2021-02-21T14:47:02","modified_gmt":"2021-02-21T14:47:02","slug":"metzger-0892528-painemuunnin","status":"publish","type":"product","link":"https:\/\/www.autonvaraosahaku.fi\/?product=metzger-0892528-painemuunnin","title":{"rendered":"METZGER 0892528 Painemuunnin"},"content":{"rendered":"<p>Venttiilimalli: Magneettiventtiili; K\u00e4ytt\u00f6: S\u00e4hk\u00f6inen; J\u00e4nnite (V): 12; Napojen m\u00e4\u00e4r\u00e4: 2; Liittimi\u00e4: 3; Alustanumerosta: 8H-7-000 001; VW: POLO 9N_,NEW BEETLE 9C1, 1C1,NEW BEETLE Cabriolet 1Y7; AUDI: A4 Cabriolet 8H7, B6, 8HE, B7; SKODA: OCTAVIA Combi 1U5,OCTAVIA 1U2,SUPERB 3U4; SEAT: IBIZA IV 6L1<\/p>\n","protected":false},"excerpt":{"rendered":"<p>METZGER S\u00e4\u00e4t\u00f6venttiili, Ahtopaine 0892528  VW,AUDI,SKODA,POLO 9N_,NEW BEETLE 9C1, 1C1,NEW BEETLE Cabriolet 1Y7,A4 Cabriolet 8H7, B6, 8HE, B7<\/p>\n","protected":false},"featured_media":0,"template":"","meta":{"site-sidebar-layout":"default","site-content-layout":"default","ast-global-header-display":"","ast-main-header-display":"","ast-hfb-above-header-display":"","ast-hfb-below-header-display":"","ast-hfb-mobile-header-display":"","site-post-title":"","ast-breadcrumbs-content":"","ast-featured-img":"","footer-sml-layout":"","theme-transparent-header-meta":"","adv-header-id-meta":"","stick-header-meta":"","header-above-stick-meta":"","header-main-stick-meta":"","header-below-stick-meta":""},"pwb-brand":[69],"product_cat":[205],"product_tag":[],"class_list":{"0":"post-22383","1":"product","2":"type-product","3":"status-publish","5":"pwb-brand-metzger","6":"product_cat-painemuunnin","7":"desktop-align-left","8":"tablet-align-left","9":"mobile-align-left","11":"first","12":"instock","13":"product-type-external"},"brands":[{"id":69,"name":"METZGER","slug":"metzger"}],"_links":{"self":[{"href":"https:\/\/www.autonvaraosahaku.fi\/index.php?rest_route=\/wp\/v2\/product\/22383","targetHints":{"allow":["GET"]}}],"collection":[{"href":"https:\/\/www.autonvaraosahaku.fi\/index.php?rest_route=\/wp\/v2\/product"}],"about":[{"href":"https:\/\/www.autonvaraosahaku.fi\/index.php?rest_route=\/wp\/v2\/types\/product"}],"wp:attachment":[{"href":"https:\/\/www.autonvaraosahaku.fi\/index.php?rest_route=%2Fwp%2Fv2%2Fmedia&parent=22383"}],"wp:term":[{"taxonomy":"pwb-brand","embeddable":true,"href":"https:\/\/www.autonvaraosahaku.fi\/index.php?rest_route=%2Fwp%2Fv2%2Fpwb-brand&post=22383"},{"taxonomy":"product_cat","embeddable":true,"href":"https:\/\/www.autonvaraosahaku.fi\/index.php?rest_route=%2Fwp%2Fv2%2Fproduct_cat&post=22383"},{"taxonomy":"product_tag","embeddable":true,"href":"https:\/\/www.autonvaraosahaku.fi\/index.php?rest_route=%2Fwp%2Fv2%2Fproduct_tag&post=22383"}],"curies":[{"name":"wp","href":"https:\/\/api.w.org\/{rel}","templated":true}]}}