{"id":22428,"date":"2021-02-21T14:47:09","date_gmt":"2021-02-21T14:47:09","guid":{"rendered":"https:\/\/www.autonvaraosahaku.fi\/?product=master-sport-612-3-kf-pcs-ms-polttoainesuodatin"},"modified":"2021-02-21T14:47:11","modified_gmt":"2021-02-21T14:47:11","slug":"master-sport-612-3-kf-pcs-ms-polttoainesuodatin","status":"publish","type":"product","link":"https:\/\/www.autonvaraosahaku.fi\/?product=master-sport-612-3-kf-pcs-ms-polttoainesuodatin","title":{"rendered":"MASTER-SPORT 612\/3-KF-PCS-MS Polttoainesuodatin"},"content":{"rendered":"<p>Ulkol\u00e4pimitta [mm]: 55; Ulkol\u00e4pimitta 1 [mm]: 56; Kierre sis\u00e4\u00e4ntulo: M 14 X 1.5; Kierre ulostulo: M 14 X 1.5; Korkeus (mm): 114; Nettopaino [kg]: 0,19; Bruttopaino [kg]: 0,21; Valmistusvuosi alkaen: 11\/1995; LAND ROVER: FREELANDER LN,FREELANDER Soft Top; OPEL: SPEEDSTER; TOYOTA: CRESSIDA Stufenheck _X6_; ROVER: MINI,25 RF,200 RF,45 Stufenheck RT,45 RT,400 RT,CABRIOLET XW,400 Hatchback RT,STREETWISE,200 Hatchback XW,MINI Cabriolet XN,200 Coupe XW,100 \/ METRO XP,100 Cabriolet XP,COUPE; MG: MGF RD,MG TF,MG ZR,MG ZS,MG ZS Hatchback; LOTUS: ELISE,EXIGE SCC_,ELISE 340 R; VAUXHALL: VX220; 8251211500, A111L6037S, 4801358, GFE7057, NTC6936, WJN101190, WJN101191, WJN101192, 2330079045, 2330079046<\/p>\n","protected":false},"excerpt":{"rendered":"<p>MASTER-SPORT Polttoainesuodatin 612\/3-KF-PCS-MS  LAND ROVER,OPEL,TOYOTA,FREELANDER LN,FREELANDER Soft Top,SPEEDSTER,CRESSIDA Stufenheck _X6_,MINI<\/p>\n","protected":false},"featured_media":0,"template":"","meta":{"site-sidebar-layout":"default","site-content-layout":"default","ast-global-header-display":"","ast-main-header-display":"","ast-hfb-above-header-display":"","ast-hfb-below-header-display":"","ast-hfb-mobile-header-display":"","site-post-title":"","ast-breadcrumbs-content":"","ast-featured-img":"","footer-sml-layout":"","theme-transparent-header-meta":"","adv-header-id-meta":"","stick-header-meta":"","header-above-stick-meta":"","header-main-stick-meta":"","header-below-stick-meta":""},"pwb-brand":[61],"product_cat":[29],"product_tag":[],"class_list":{"0":"post-22428","1":"product","2":"type-product","3":"status-publish","5":"pwb-brand-master-sport","6":"product_cat-polttoainesuodatin","7":"desktop-align-left","8":"tablet-align-left","9":"mobile-align-left","11":"first","12":"instock","13":"product-type-external"},"brands":[{"id":61,"name":"MASTER-SPORT","slug":"master-sport"}],"_links":{"self":[{"href":"https:\/\/www.autonvaraosahaku.fi\/index.php?rest_route=\/wp\/v2\/product\/22428","targetHints":{"allow":["GET"]}}],"collection":[{"href":"https:\/\/www.autonvaraosahaku.fi\/index.php?rest_route=\/wp\/v2\/product"}],"about":[{"href":"https:\/\/www.autonvaraosahaku.fi\/index.php?rest_route=\/wp\/v2\/types\/product"}],"wp:attachment":[{"href":"https:\/\/www.autonvaraosahaku.fi\/index.php?rest_route=%2Fwp%2Fv2%2Fmedia&parent=22428"}],"wp:term":[{"taxonomy":"pwb-brand","embeddable":true,"href":"https:\/\/www.autonvaraosahaku.fi\/index.php?rest_route=%2Fwp%2Fv2%2Fpwb-brand&post=22428"},{"taxonomy":"product_cat","embeddable":true,"href":"https:\/\/www.autonvaraosahaku.fi\/index.php?rest_route=%2Fwp%2Fv2%2Fproduct_cat&post=22428"},{"taxonomy":"product_tag","embeddable":true,"href":"https:\/\/www.autonvaraosahaku.fi\/index.php?rest_route=%2Fwp%2Fv2%2Fproduct_tag&post=22428"}],"curies":[{"name":"wp","href":"https:\/\/api.w.org\/{rel}","templated":true}]}}