{"id":22434,"date":"2021-02-21T14:47:09","date_gmt":"2021-02-21T14:47:09","guid":{"rendered":"https:\/\/www.autonvaraosahaku.fi\/?product=gates-th58183g1-termostaatti"},"modified":"2021-02-21T14:47:12","modified_gmt":"2021-02-21T14:47:12","slug":"gates-th58183g1-termostaatti","status":"publish","type":"product","link":"https:\/\/www.autonvaraosahaku.fi\/?product=gates-th58183g1-termostaatti","title":{"rendered":"GATES TH58183G1 Termostaatti"},"content":{"rendered":"<p>Kotelomalli: Kopalla; Avausl\u00e4mp\u00f6tila [\u00b0C]: 83; Valmistusvuoteen: 12\/2014; FIAT: SCUDO 270_,SCUDO Kasten 270_; CITRO\u00cbN: BERLINGO B9,C5 III Break TD_,C4 Picasso I UD_,C4 Grand Picasso I UA_,DS3,BERLINGO Kasten M_,C3 Picasso,C5 III RD_,C3 II,C4 II B7,JUMPY,BERLINGO Kasten B9,JUMPY Kasten,C4 Grand Picasso II,C4 Picasso II,DS4,DS5,C4 AIRCROSS,DS3 Cabriolet,BERLINGO Pritsche\/Fahrgestell B9,C-ELYSEE,C4 CACTUS,SPACETOURER,C3 III SX,C3 AIRCROSS II,C4 Stufenheck N,JUMPY Pritsche\/Fahrgestell; PEUGEOT: 207 WA_, WC_,207 CC WD_,207 SW WK_,308 SW,208,206+ T3E,308 4A_, 4C_,5008,508 SW,3008,PARTNER Tepee,308 CC,2008,PARTNER Kasten 5,508,EXPERT Tepee VF3V_,EXPERT Kasten VF3A_, VF3U_, VF3X_,PARTNER Kasten,308 II,4008,301,308 SW II,207 Van,EXPERT Pritsche\/Fahrgestell,PARTNER Pritsche\/Fahrgestell,408,208 Kasten; DS: DS 3,DS5,DS 4 \/ DS 4 CROSSBACK; 1336AX, 1336AX, 9684588980, 1336AX; Termostaatti, J\u00e4\u00e4hdytysneste<\/p>\n","protected":false},"excerpt":{"rendered":"<p>GATES Termostaatti TH58183G1 Termostaatti, J\u00e4\u00e4hdytysneste FIAT,CITRO\u00cbN,PEUGEOT,SCUDO 270_,SCUDO Kasten 270_,BERLINGO B9,C5 III Break TD_<\/p>\n","protected":false},"featured_media":0,"template":"","meta":{"site-sidebar-layout":"default","site-content-layout":"default","ast-global-header-display":"","ast-main-header-display":"","ast-hfb-above-header-display":"","ast-hfb-below-header-display":"","ast-hfb-mobile-header-display":"","site-post-title":"","ast-breadcrumbs-content":"","ast-featured-img":"","footer-sml-layout":"","theme-transparent-header-meta":"","adv-header-id-meta":"","stick-header-meta":"","header-above-stick-meta":"","header-main-stick-meta":"","header-below-stick-meta":""},"pwb-brand":[22],"product_cat":[174],"product_tag":[],"class_list":{"0":"post-22434","1":"product","2":"type-product","3":"status-publish","5":"pwb-brand-gates","6":"product_cat-termostaatti","7":"desktop-align-left","8":"tablet-align-left","9":"mobile-align-left","11":"first","12":"instock","13":"product-type-external"},"brands":[{"id":22,"name":"GATES","slug":"gates"}],"_links":{"self":[{"href":"https:\/\/www.autonvaraosahaku.fi\/index.php?rest_route=\/wp\/v2\/product\/22434","targetHints":{"allow":["GET"]}}],"collection":[{"href":"https:\/\/www.autonvaraosahaku.fi\/index.php?rest_route=\/wp\/v2\/product"}],"about":[{"href":"https:\/\/www.autonvaraosahaku.fi\/index.php?rest_route=\/wp\/v2\/types\/product"}],"wp:attachment":[{"href":"https:\/\/www.autonvaraosahaku.fi\/index.php?rest_route=%2Fwp%2Fv2%2Fmedia&parent=22434"}],"wp:term":[{"taxonomy":"pwb-brand","embeddable":true,"href":"https:\/\/www.autonvaraosahaku.fi\/index.php?rest_route=%2Fwp%2Fv2%2Fpwb-brand&post=22434"},{"taxonomy":"product_cat","embeddable":true,"href":"https:\/\/www.autonvaraosahaku.fi\/index.php?rest_route=%2Fwp%2Fv2%2Fproduct_cat&post=22434"},{"taxonomy":"product_tag","embeddable":true,"href":"https:\/\/www.autonvaraosahaku.fi\/index.php?rest_route=%2Fwp%2Fv2%2Fproduct_tag&post=22434"}],"curies":[{"name":"wp","href":"https:\/\/api.w.org\/{rel}","templated":true}]}}