{"id":22442,"date":"2021-02-21T14:47:14","date_gmt":"2021-02-21T14:47:14","guid":{"rendered":"https:\/\/www.autonvaraosahaku.fi\/?product=daco-germany-452540-iskunvaimennin"},"modified":"2021-02-21T14:47:15","modified_gmt":"2021-02-21T14:47:15","slug":"daco-germany-452540-iskunvaimennin","status":"publish","type":"product","link":"https:\/\/www.autonvaraosahaku.fi\/?product=daco-germany-452540-iskunvaimennin","title":{"rendered":"DACO Germany 452540 Iskunvaimennin"},"content":{"rendered":"<p>Asennuspuoli: Etuakseli; Iskunvaimennin tyyppi: Kaasupaine; Iskunvaimennin malli: Joustintuki; Iskunvaimennusj\u00e4rjestelm\u00e4: Kaksiputki; Alustarakenne: f\u00fcr Fahrzeuge ohne Sportfahrwerk; FORD: MONDEO III Kombi BWY,MONDEO III B5Y,MONDEO III Stufenheck B4Y; RENAULT: CLIO Grandtour KR0\/1_; SKODA: SUPERB 3T4; CITRO\u00cbN: C4 Grand Picasso I UA_; 11211987, 1121987, 1121988, 1121989, 1130115, 1130116, 1130117, 1132365, 1138239, 1148960, 1149522, 1149523, 1149524, 1204547, 1205282, 1212110, 1219068, 1219705, 1219706, 1220095, 1220107, 1220115, 1231610, 1232134, 1232135, 1305640, 1305642, 1305644, 1305646, 1305647, 1305648, 1305649, 1S7118045AB, 1S7118045AE, 1S7118045AK, 1S7118045BB, 1S7118045BE, 1S7118045BK, 1S7118045CA, 1S7118045CK, 1S7118045EC, 1S7118A076AA, 1S7118A076AC, 1S7118A076AD, 1S7118A076AF, 1S7118A076BB, 1S7118A076BF, 1S7118A076DA, 1S7118A076FB, 1S7118K045AA, 1S7118K045AB, 1S7118K045AC, 1S7118K045AD, 1S7118K045AE, 1S7118K045AK, 1S7118K045BA, 1S7118K045BB, 1S7118K045BC, 1S7118K045BD, 1S7118K045BE, 1S7118K045BK, 1S7118K045CA, 1S7118K045CB, 1S7118K045CC, 1S7118K045CD, 1S7118K045CE, 1S7118K045CK, 1S7118K045DA, 1S7118K045DB, 1S7118K045EA, 1S7118K045EB, 1S7118K076AD, 1S7118K076AF, 1S7118K076AG, 1S7118K076AJ, 1S7118K076BA, 1S7118K076BF, 1S7118K076BG, 1S7118K076BJ, 1S7118K076DA, 1S7118K076DB, 1S7118K076EA, 1S7118K076EB, 1S71&#8230;; Iskarit,Iskunvaimennin<\/p>\n","protected":false},"excerpt":{"rendered":"<p>DACO Germany Iskunvaimentimet 452540 Iskarit,Iskunvaimennin FORD,RENAULT,SKODA,MONDEO III Kombi BWY,MONDEO III B5Y,MONDEO III Stufenheck B4Y<\/p>\n","protected":false},"featured_media":0,"template":"","meta":{"site-sidebar-layout":"default","site-content-layout":"default","ast-global-header-display":"","ast-main-header-display":"","ast-hfb-above-header-display":"","ast-hfb-below-header-display":"","ast-hfb-mobile-header-display":"","site-post-title":"","ast-breadcrumbs-content":"","ast-featured-img":"","footer-sml-layout":"","theme-transparent-header-meta":"","adv-header-id-meta":"","stick-header-meta":"","header-above-stick-meta":"","header-main-stick-meta":"","header-below-stick-meta":""},"pwb-brand":[349],"product_cat":[80],"product_tag":[],"class_list":{"0":"post-22442","1":"product","2":"type-product","3":"status-publish","5":"pwb-brand-daco-germany","6":"product_cat-iskunvaimennin","7":"desktop-align-left","8":"tablet-align-left","9":"mobile-align-left","11":"first","12":"instock","13":"product-type-external"},"brands":[{"id":349,"name":"DACO Germany","slug":"daco-germany"}],"_links":{"self":[{"href":"https:\/\/www.autonvaraosahaku.fi\/index.php?rest_route=\/wp\/v2\/product\/22442","targetHints":{"allow":["GET"]}}],"collection":[{"href":"https:\/\/www.autonvaraosahaku.fi\/index.php?rest_route=\/wp\/v2\/product"}],"about":[{"href":"https:\/\/www.autonvaraosahaku.fi\/index.php?rest_route=\/wp\/v2\/types\/product"}],"wp:attachment":[{"href":"https:\/\/www.autonvaraosahaku.fi\/index.php?rest_route=%2Fwp%2Fv2%2Fmedia&parent=22442"}],"wp:term":[{"taxonomy":"pwb-brand","embeddable":true,"href":"https:\/\/www.autonvaraosahaku.fi\/index.php?rest_route=%2Fwp%2Fv2%2Fpwb-brand&post=22442"},{"taxonomy":"product_cat","embeddable":true,"href":"https:\/\/www.autonvaraosahaku.fi\/index.php?rest_route=%2Fwp%2Fv2%2Fproduct_cat&post=22442"},{"taxonomy":"product_tag","embeddable":true,"href":"https:\/\/www.autonvaraosahaku.fi\/index.php?rest_route=%2Fwp%2Fv2%2Fproduct_tag&post=22442"}],"curies":[{"name":"wp","href":"https:\/\/api.w.org\/{rel}","templated":true}]}}