{"id":22452,"date":"2021-02-21T14:47:14","date_gmt":"2021-02-21T14:47:14","guid":{"rendered":"https:\/\/www.autonvaraosahaku.fi\/?product=ridex-4272s0023-anturit-sensorit"},"modified":"2021-02-21T14:47:16","modified_gmt":"2021-02-21T14:47:16","slug":"ridex-4272s0023-anturit-sensorit","status":"publish","type":"product","link":"https:\/\/www.autonvaraosahaku.fi\/?product=ridex-4272s0023-anturit-sensorit","title":{"rendered":"RIDEX 4272S0023 Anturit (sensorit)"},"content":{"rendered":"<p>Napojen m\u00e4\u00e4r\u00e4: 3; TECDOC-moottorinumero: 23985; FORD: FIESTA VI,TRANSIT MK-7 Kasten,RANGER TKE,TRANSIT MK-7 Bus,TRANSIT CONNECT P65_, P70_, P80_,TOURNEO CONNECT,TRANSIT MK-7 Pritsche\/Fahrgestell,TRANSIT TOURNEO FB,FIESTA VI Van; PEUGEOT: BOXER Kasten,BOXER Bus,BOXER Pritsche\/Fahrgestell; CITRO\u00cbN: JUMPER Kasten,JUMPER Bus,JUMPER Pritsche\/Fahrgestell; MAZDA: 2 DE; VOLVO: V50 MW,XC60,V70 III BW,C30,V60,S40 II MS,C70 II Cabriolet,XC70 II,S80 II AS,S60 II; 1606610880, 1545549, 1546997, 1573374, 1600077, 1607486, 1674896, 1693102, 1722675, 1722679, 1725470, 1768391, 6G9N5L200AB, 8C115H209AD, 8C115H209BD, 8V215H209CB, 8V215H209CC, 8V215H209CD, 9V215H209AB, AB395L224AA, AV215H209AA, AV215H209AB, CC115H209CA, Y64518215, Y64518215A, Y64518215B, Y66018215A, 1606610880, 30713750, 30785486, 30785486AA, 6G9N5L200AA; Sensori Pakokaasupaine<\/p>\n","protected":false},"excerpt":{"rendered":"<p>RIDEX DPF Paine-Eroanturi 4272S0023 Sensori Pakokaasupaine FORD,PEUGEOT,CITRO\u00cbN,FIESTA VI,TRANSIT MK-7 Kasten,RANGER TKE,TRANSIT MK-7 Bus<\/p>\n","protected":false},"featured_media":0,"template":"","meta":{"site-sidebar-layout":"default","site-content-layout":"default","ast-global-header-display":"","ast-main-header-display":"","ast-hfb-above-header-display":"","ast-hfb-below-header-display":"","ast-hfb-mobile-header-display":"","site-post-title":"","ast-breadcrumbs-content":"","ast-featured-img":"","footer-sml-layout":"","theme-transparent-header-meta":"","adv-header-id-meta":"","stick-header-meta":"","header-above-stick-meta":"","header-main-stick-meta":"","header-below-stick-meta":""},"pwb-brand":[157],"product_cat":[98],"product_tag":[],"class_list":{"0":"post-22452","1":"product","2":"type-product","3":"status-publish","5":"pwb-brand-ridex","6":"product_cat-anturit-sensorit","7":"desktop-align-left","8":"tablet-align-left","9":"mobile-align-left","11":"first","12":"instock","13":"product-type-external"},"brands":[{"id":157,"name":"RIDEX","slug":"ridex"}],"_links":{"self":[{"href":"https:\/\/www.autonvaraosahaku.fi\/index.php?rest_route=\/wp\/v2\/product\/22452","targetHints":{"allow":["GET"]}}],"collection":[{"href":"https:\/\/www.autonvaraosahaku.fi\/index.php?rest_route=\/wp\/v2\/product"}],"about":[{"href":"https:\/\/www.autonvaraosahaku.fi\/index.php?rest_route=\/wp\/v2\/types\/product"}],"wp:attachment":[{"href":"https:\/\/www.autonvaraosahaku.fi\/index.php?rest_route=%2Fwp%2Fv2%2Fmedia&parent=22452"}],"wp:term":[{"taxonomy":"pwb-brand","embeddable":true,"href":"https:\/\/www.autonvaraosahaku.fi\/index.php?rest_route=%2Fwp%2Fv2%2Fpwb-brand&post=22452"},{"taxonomy":"product_cat","embeddable":true,"href":"https:\/\/www.autonvaraosahaku.fi\/index.php?rest_route=%2Fwp%2Fv2%2Fproduct_cat&post=22452"},{"taxonomy":"product_tag","embeddable":true,"href":"https:\/\/www.autonvaraosahaku.fi\/index.php?rest_route=%2Fwp%2Fv2%2Fproduct_tag&post=22452"}],"curies":[{"name":"wp","href":"https:\/\/api.w.org\/{rel}","templated":true}]}}