{"id":22455,"date":"2021-02-21T14:47:14","date_gmt":"2021-02-21T14:47:14","guid":{"rendered":"https:\/\/www.autonvaraosahaku.fi\/?product=oximo-wr880290-pyyhkijansulat"},"modified":"2021-02-21T14:47:16","modified_gmt":"2021-02-21T14:47:16","slug":"oximo-wr880290-pyyhkijansulat","status":"publish","type":"product","link":"https:\/\/www.autonvaraosahaku.fi\/?product=oximo-wr880290-pyyhkijansulat","title":{"rendered":"OXIMO WR880290 Pyyhkij\u00e4nsulat"},"content":{"rendered":"<p>Asennuspuoli: Takana; Pituus (mm): 290; Pyyhkij\u00e4nsulkatyyppi: Pyyhkij\u00e4nsulka,perinteinen runko; Valmistusvuosi alkaen: 03\/2013; MERCEDES-BENZ: B-CLASS W245,C-CLASS T-Model S204,GLE W166; BMW: i3 I01; OPEL: ASTRA G Stufenheck F69_; FORD: KA RU8; RENAULT: CAPTUR,ZOE,DUSTER,SANDERO\/STEPWAY II; FIAT: 500 312,BRAVO II 198,PANDA 312,500L,500X; PEUGEOT: 407 SW 6E_,308 SW,5008,2008,EXPERT Kasten,TRAVELLER; TOYOTA: PROACE Kasten\/Kombi,PROACE Bus MPY_,PROACE Kasten MDZ_,PROACE Pritsche\/Fahrgestell MDZ_; CITRO\u00cbN: C2 JM_,DS3,C5 II Break RE_,C3 Picasso,C5 I Break DE_,C4 II B7,JUMPY,JUMPY Kasten,SPACETOURER,C3 III SX,JUMPY Pritsche\/Fahrgestell; DACIA: DUSTER,SANDERO II,LODGY,LOGAN MCV II,DUSTER Kasten; Tuulilasinpyyhkimet,Pyyhkij\u00e4t,Pyyhkij\u00e4nsulka<\/p>\n","protected":false},"excerpt":{"rendered":"<p>OXIMO Pyyhkij\u00e4nsulat WR880290 Tuulilasinpyyhkimet,Pyyhkij\u00e4t MERCEDES-BENZ,BMW,OPEL,B-CLASS W245,C-CLASS T-Model S204,GLE W166,i3 I01<\/p>\n","protected":false},"featured_media":0,"template":"","meta":{"site-sidebar-layout":"default","site-content-layout":"default","ast-global-header-display":"","ast-main-header-display":"","ast-hfb-above-header-display":"","ast-hfb-below-header-display":"","ast-hfb-mobile-header-display":"","site-post-title":"","ast-breadcrumbs-content":"","ast-featured-img":"","footer-sml-layout":"","theme-transparent-header-meta":"","adv-header-id-meta":"","stick-header-meta":"","header-above-stick-meta":"","header-main-stick-meta":"","header-below-stick-meta":""},"pwb-brand":[382],"product_cat":[33],"product_tag":[],"class_list":{"0":"post-22455","1":"product","2":"type-product","3":"status-publish","5":"pwb-brand-oximo","6":"product_cat-pyyhkijansulat","7":"desktop-align-left","8":"tablet-align-left","9":"mobile-align-left","11":"first","12":"instock","13":"product-type-external"},"brands":[{"id":382,"name":"OXIMO","slug":"oximo"}],"_links":{"self":[{"href":"https:\/\/www.autonvaraosahaku.fi\/index.php?rest_route=\/wp\/v2\/product\/22455","targetHints":{"allow":["GET"]}}],"collection":[{"href":"https:\/\/www.autonvaraosahaku.fi\/index.php?rest_route=\/wp\/v2\/product"}],"about":[{"href":"https:\/\/www.autonvaraosahaku.fi\/index.php?rest_route=\/wp\/v2\/types\/product"}],"wp:attachment":[{"href":"https:\/\/www.autonvaraosahaku.fi\/index.php?rest_route=%2Fwp%2Fv2%2Fmedia&parent=22455"}],"wp:term":[{"taxonomy":"pwb-brand","embeddable":true,"href":"https:\/\/www.autonvaraosahaku.fi\/index.php?rest_route=%2Fwp%2Fv2%2Fpwb-brand&post=22455"},{"taxonomy":"product_cat","embeddable":true,"href":"https:\/\/www.autonvaraosahaku.fi\/index.php?rest_route=%2Fwp%2Fv2%2Fproduct_cat&post=22455"},{"taxonomy":"product_tag","embeddable":true,"href":"https:\/\/www.autonvaraosahaku.fi\/index.php?rest_route=%2Fwp%2Fv2%2Fproduct_tag&post=22455"}],"curies":[{"name":"wp","href":"https:\/\/api.w.org\/{rel}","templated":true}]}}