{"id":22469,"date":"2021-02-21T14:47:18","date_gmt":"2021-02-21T14:47:18","guid":{"rendered":"https:\/\/www.autonvaraosahaku.fi\/?product=mapco-191754-takaluukun-kaasujousi"},"modified":"2021-02-21T14:47:20","modified_gmt":"2021-02-21T14:47:20","slug":"mapco-191754-takaluukun-kaasujousi","status":"publish","type":"product","link":"https:\/\/www.autonvaraosahaku.fi\/?product=mapco-191754-takaluukun-kaasujousi","title":{"rendered":"MAPCO 191754 Takaluukun kaasujousi"},"content":{"rendered":"<p>Vaihdettava pareittain: ; M\u00e4nn\u00e4nvarren l\u00e4pimitta [mm]: 8; Kopan l\u00e4pimitta (mm): 18; Ty\u00f6nt\u00f6voima [N]: 640; Isku (mm): 276; Pituus (mm): 640; Tarvittava kappalem\u00e4\u00e4r\u00e4: 2; SKODA: OCTAVIA Combi 5E5; 5E9827550, 5E9827550A, 5E9827550C, 5E9827550D; Kaasujousi, Tavaratila<\/p>\n","protected":false},"excerpt":{"rendered":"<p>MAPCO Takaluukun Kaasujousi 191754 Kaasujousi, Tavaratila SKODA,OCTAVIA Combi 5E5<\/p>\n","protected":false},"featured_media":0,"template":"","meta":{"site-sidebar-layout":"default","site-content-layout":"default","ast-global-header-display":"","ast-main-header-display":"","ast-hfb-above-header-display":"","ast-hfb-below-header-display":"","ast-hfb-mobile-header-display":"","site-post-title":"","ast-breadcrumbs-content":"","ast-featured-img":"","footer-sml-layout":"","theme-transparent-header-meta":"","adv-header-id-meta":"","stick-header-meta":"","header-above-stick-meta":"","header-main-stick-meta":"","header-below-stick-meta":""},"pwb-brand":[36],"product_cat":[59],"product_tag":[],"class_list":{"0":"post-22469","1":"product","2":"type-product","3":"status-publish","5":"pwb-brand-mapco","6":"product_cat-takaluukun-kaasujousi","7":"desktop-align-left","8":"tablet-align-left","9":"mobile-align-left","11":"first","12":"instock","13":"product-type-external"},"brands":[{"id":36,"name":"MAPCO","slug":"mapco"}],"_links":{"self":[{"href":"https:\/\/www.autonvaraosahaku.fi\/index.php?rest_route=\/wp\/v2\/product\/22469","targetHints":{"allow":["GET"]}}],"collection":[{"href":"https:\/\/www.autonvaraosahaku.fi\/index.php?rest_route=\/wp\/v2\/product"}],"about":[{"href":"https:\/\/www.autonvaraosahaku.fi\/index.php?rest_route=\/wp\/v2\/types\/product"}],"wp:attachment":[{"href":"https:\/\/www.autonvaraosahaku.fi\/index.php?rest_route=%2Fwp%2Fv2%2Fmedia&parent=22469"}],"wp:term":[{"taxonomy":"pwb-brand","embeddable":true,"href":"https:\/\/www.autonvaraosahaku.fi\/index.php?rest_route=%2Fwp%2Fv2%2Fpwb-brand&post=22469"},{"taxonomy":"product_cat","embeddable":true,"href":"https:\/\/www.autonvaraosahaku.fi\/index.php?rest_route=%2Fwp%2Fv2%2Fproduct_cat&post=22469"},{"taxonomy":"product_tag","embeddable":true,"href":"https:\/\/www.autonvaraosahaku.fi\/index.php?rest_route=%2Fwp%2Fv2%2Fproduct_tag&post=22469"}],"curies":[{"name":"wp","href":"https:\/\/api.w.org\/{rel}","templated":true}]}}