{"id":22473,"date":"2021-02-21T14:47:18","date_gmt":"2021-02-21T14:47:18","guid":{"rendered":"https:\/\/www.autonvaraosahaku.fi\/?product=aks-dasis-852972n-magneettikytkin"},"modified":"2021-02-21T14:47:20","modified_gmt":"2021-02-21T14:47:20","slug":"aks-dasis-852972n-magneettikytkin","status":"publish","type":"product","link":"https:\/\/www.autonvaraosahaku.fi\/?product=aks-dasis-852972n-magneettikytkin","title":{"rendered":"AKS DASIS 852972N Magneettikytkin"},"content":{"rendered":"<p>Valmistaja rajaus: ZEXEL; Kompressorin tunnus: DKS15CH, DKS17CH; K\u00e4ytt\u00f6j\u00e4nnite [V]: 12; Rihloja (kpl): 6; Hihnapy\u00f6r\u00e4-\u00d8[mm]: 118; VOLVO: V70 II SW,V70 I LV,S60 I,850 Kombi LW,S80 I TS, XY,XC70 CROSS COUNTRY,C70 I Cabriolet,C70 I Coupe,850 LS,S70 LS; 3545088, 6849647, 8600889, 8601533, 8601632, 8601633, 8602278, 8602621, 8684286, 9144039, 9166045, 9166103, 9171344, 9171345, 9171397, 9171437, 9171446, 9171995, 9171996, 9971344; Ilmastoinnin Kompressorin Kytkin,Magneettikytkin, Ilmastointikompressori<\/p>\n","protected":false},"excerpt":{"rendered":"<p>AKS DASIS Magneettikytkin 852972N Ilmastoinnin Kompressorin Kytkin,Magneettikytkin, Ilmastointikompressori VOLVO,V70 II SW,V70 I LV,S60 I,850 Kombi LW<\/p>\n","protected":false},"featured_media":0,"template":"","meta":{"site-sidebar-layout":"default","site-content-layout":"default","ast-global-header-display":"","ast-main-header-display":"","ast-hfb-above-header-display":"","ast-hfb-below-header-display":"","ast-hfb-mobile-header-display":"","site-post-title":"","ast-breadcrumbs-content":"","ast-featured-img":"","footer-sml-layout":"","theme-transparent-header-meta":"","adv-header-id-meta":"","stick-header-meta":"","header-above-stick-meta":"","header-main-stick-meta":"","header-below-stick-meta":""},"pwb-brand":[461],"product_cat":[435],"product_tag":[],"class_list":{"0":"post-22473","1":"product","2":"type-product","3":"status-publish","5":"pwb-brand-aks-dasis","6":"product_cat-magneettikytkin","7":"desktop-align-left","8":"tablet-align-left","9":"mobile-align-left","11":"first","12":"instock","13":"product-type-external"},"brands":[{"id":461,"name":"AKS DASIS","slug":"aks-dasis"}],"_links":{"self":[{"href":"https:\/\/www.autonvaraosahaku.fi\/index.php?rest_route=\/wp\/v2\/product\/22473","targetHints":{"allow":["GET"]}}],"collection":[{"href":"https:\/\/www.autonvaraosahaku.fi\/index.php?rest_route=\/wp\/v2\/product"}],"about":[{"href":"https:\/\/www.autonvaraosahaku.fi\/index.php?rest_route=\/wp\/v2\/types\/product"}],"wp:attachment":[{"href":"https:\/\/www.autonvaraosahaku.fi\/index.php?rest_route=%2Fwp%2Fv2%2Fmedia&parent=22473"}],"wp:term":[{"taxonomy":"pwb-brand","embeddable":true,"href":"https:\/\/www.autonvaraosahaku.fi\/index.php?rest_route=%2Fwp%2Fv2%2Fpwb-brand&post=22473"},{"taxonomy":"product_cat","embeddable":true,"href":"https:\/\/www.autonvaraosahaku.fi\/index.php?rest_route=%2Fwp%2Fv2%2Fproduct_cat&post=22473"},{"taxonomy":"product_tag","embeddable":true,"href":"https:\/\/www.autonvaraosahaku.fi\/index.php?rest_route=%2Fwp%2Fv2%2Fproduct_tag&post=22473"}],"curies":[{"name":"wp","href":"https:\/\/api.w.org\/{rel}","templated":true}]}}