{"id":22481,"date":"2021-02-21T14:47:22","date_gmt":"2021-02-21T14:47:22","guid":{"rendered":"https:\/\/www.autonvaraosahaku.fi\/?product=master-sport-36865-kit-ms-alatukivarsi"},"modified":"2021-02-21T14:47:23","modified_gmt":"2021-02-21T14:47:23","slug":"master-sport-36865-kit-ms-alatukivarsi","status":"publish","type":"product","link":"https:\/\/www.autonvaraosahaku.fi\/?product=master-sport-36865-kit-ms-alatukivarsi","title":{"rendered":"MASTER-SPORT 36865-KIT-MS Alatukivarsi"},"content":{"rendered":"<p>Asennuspuoli: Etuakseli; M\u00e4\u00e4r\u00e4yksikk\u00f6: Sarja; Nettopaino [kg]: 11,38; Bruttopaino [kg]: 11,49; Varusteet: f\u00fcr Fahrzeuge mit elektrischer Servolenkung; VW: GOLF V 1K1,GOLF PLUS 5M1, 521,GOLF V Variant 1K5,EOS 1F7, 1F8,GOLF VI Cabriolet 517; AUDI: A3 8P1,A3 Sportback 8PA,A3 Cabriolet 8P7; SEAT: ALTEA 5P1,ALTEA XL 5P5, 5P8,TOLEDO III 5P2; 1K0407151AA, 1K0407151AE, 1K0407151N, 1K0407151P, 1K0407152AA, 1K0407152AE, 1K0407152N, 1K0407152P, 1K0411315B, 1K0411315E, 1K0411315K, 1K0423811A, 1K0423811E, 1K0423812A, 1K0423812E, 5Q0411315A, 5Q0411315B, 1K0407151AA, 1K0407151AE, 1K0407151N, 1K0407151P, 1K0407152AA, 1K0407152AE, 1K0407152N, 1K0407152P, 1K0411315B, 1K0411315D, 1K0411315E, 1K0411315G, 1K0411315J, 1K0411315K, 1K0411315P, 1K0411315R, 1K0423811A, 1K0423811E, 1K0423812A, 1K0423812E, 1KD411315A, 5Q0411315A, 5Q0411315B, 1K0407151AA, 1K0407151AE, 1K0407151N, 1K0407151P, 1K0407152AA, 1K0407152AE, 1K0407152N, 1K0407152P, 1K0411315B, 1K0411315D, 1K0411315E, 1K0411315G, 1K0411315J, 1K0411315K, 1K0411315P, 1K0411315R, 1K0423811A, 1K0423811E, 1K0423812A, 1K0423812E, 1KD411315A, 5Q0411315A, 5Q0411315B, 1K0407151AA, 1K0407151AE, 1K0407151N, 1K0407151P, 1K0407152AA, 1K0407152AE, 1K0407152N, 1K0407152P, 1K0411315B, 1K0411315D, 1K0411315E, 1K0411315G, 1K0411315J, 1K0411315K, 1K0411315P, 1K0411315R, 1K0423811A, 1K0423811E, 1K0423812A&#8230;<\/p>\n","protected":false},"excerpt":{"rendered":"<p>MASTER-SPORT Tukivarsisarja, Py\u00f6rien Tuenta 36865-KIT-MS  VW,AUDI,SEAT,GOLF V 1K1,GOLF PLUS 5M1, 521,GOLF V Variant 1K5,EOS 1F7, 1F8<\/p>\n","protected":false},"featured_media":0,"template":"","meta":{"site-sidebar-layout":"default","site-content-layout":"default","ast-global-header-display":"","ast-main-header-display":"","ast-hfb-above-header-display":"","ast-hfb-below-header-display":"","ast-hfb-mobile-header-display":"","site-post-title":"","ast-breadcrumbs-content":"","ast-featured-img":"","footer-sml-layout":"","theme-transparent-header-meta":"","adv-header-id-meta":"","stick-header-meta":"","header-above-stick-meta":"","header-main-stick-meta":"","header-below-stick-meta":""},"pwb-brand":[61],"product_cat":[62],"product_tag":[],"class_list":{"0":"post-22481","1":"product","2":"type-product","3":"status-publish","5":"pwb-brand-master-sport","6":"product_cat-alatukivarsi","7":"desktop-align-left","8":"tablet-align-left","9":"mobile-align-left","11":"first","12":"instock","13":"product-type-external"},"brands":[{"id":61,"name":"MASTER-SPORT","slug":"master-sport"}],"_links":{"self":[{"href":"https:\/\/www.autonvaraosahaku.fi\/index.php?rest_route=\/wp\/v2\/product\/22481","targetHints":{"allow":["GET"]}}],"collection":[{"href":"https:\/\/www.autonvaraosahaku.fi\/index.php?rest_route=\/wp\/v2\/product"}],"about":[{"href":"https:\/\/www.autonvaraosahaku.fi\/index.php?rest_route=\/wp\/v2\/types\/product"}],"wp:attachment":[{"href":"https:\/\/www.autonvaraosahaku.fi\/index.php?rest_route=%2Fwp%2Fv2%2Fmedia&parent=22481"}],"wp:term":[{"taxonomy":"pwb-brand","embeddable":true,"href":"https:\/\/www.autonvaraosahaku.fi\/index.php?rest_route=%2Fwp%2Fv2%2Fpwb-brand&post=22481"},{"taxonomy":"product_cat","embeddable":true,"href":"https:\/\/www.autonvaraosahaku.fi\/index.php?rest_route=%2Fwp%2Fv2%2Fproduct_cat&post=22481"},{"taxonomy":"product_tag","embeddable":true,"href":"https:\/\/www.autonvaraosahaku.fi\/index.php?rest_route=%2Fwp%2Fv2%2Fproduct_tag&post=22481"}],"curies":[{"name":"wp","href":"https:\/\/api.w.org\/{rel}","templated":true}]}}