{"id":22483,"date":"2021-02-21T14:47:22","date_gmt":"2021-02-21T14:47:22","guid":{"rendered":"https:\/\/www.autonvaraosahaku.fi\/?product=master-sport-36812-1-set-ms-alatukivarsi"},"modified":"2021-02-21T14:47:23","modified_gmt":"2021-02-21T14:47:23","slug":"master-sport-36812-1-set-ms-alatukivarsi","status":"publish","type":"product","link":"https:\/\/www.autonvaraosahaku.fi\/?product=master-sport-36812-1-set-ms-alatukivarsi","title":{"rendered":"MASTER-SPORT 36812\/1-SET-MS Alatukivarsi"},"content":{"rendered":"<p>Asennuspuoli: etuakseli molemminpuoleinen; M\u00e4\u00e4r\u00e4yksikk\u00f6: Sarja; Tarvittava kappalem\u00e4\u00e4r\u00e4: 1; Nettopaino [kg]: 7,75; Bruttopaino [kg]: 7,9; Alustanumerosta: 8L-W-050 422; VW: GOLF IV 1J1,GOLF IV Variant 1J5,BORA 1J2,NEW BEETLE 9C1, 1C1,BORA Kombi 1J6,NEW BEETLE Cabriolet 1Y7; AUDI: A3 8L1; SKODA: OCTAVIA Combi 1U5,OCTAVIA 1U2; SEAT: LEON 1M1,TOLEDO II 1M2; 1J0407151A, 1J0407151B, 1J0407151C, 1J0407365A, 1J0407365B, 1J0407365C, 1J0407365D, 1J0407365H, 1J0407365J, 1J0407366A, 1J0407366B, 1J0407366C, 1J0407366D, 1J0407366H, 1J0407366J, 1J0411315, 1J0411315B, 1J0411315C, 1J0411315G, 1J0411315H, 1J0422811B, 1J0422812B, 1J0441315J, 1J0407151A, 1J0407151B, 1J0407151C, 1J0407365A, 1J0407365B, 1J0407365C, 1J0407365D, 1J0407365H, 1J0407365J, 1J0407366A, 1J0407366B, 1J0407366C, 1J0407366D, 1J0407366H, 1J0407366J, 1J0411315, 1J0411315B, 1J0411315C, 1J0411315G, 1J0411315H, 1J0411315J, 1J0422811B, 1J0422812B, 1J0407151A, 1J0407151B, 1J0407151C, 1J0407365A, 1J0407365B, 1J0407365C, 1J0407365D, 1J0407365H, 1J0407365J, 1J0407366A, 1J0407366B, 1J0407366C, 1J0407366D, 1J0407366H, 1J0407366J, 1J0411315, 1J0411315B, 1J0411315C, 1J0411315G, 1J0411315H, 1J0411315J, 1J0422811B, 1J0422812B, 1J0407151A, 1J0407151B, 1J0407151C, 1J0407365A, 1J0407365B, 1J0407365C, 1J0407365D, 1J0407365H, 1J0407365J, 1J0407366A, 1J0407366B, 1J0407366C, 1J0407366D, 1J0407366H, 1J040&#8230;<\/p>\n","protected":false},"excerpt":{"rendered":"<p>MASTER-SPORT Tukivarsisarja, Py\u00f6rien Tuenta 36812\/1-SET-MS  VW,AUDI,SKODA,GOLF IV 1J1,GOLF IV Variant 1J5,BORA 1J2,NEW BEETLE 9C1, 1C1,BORA Kombi 1J6<\/p>\n","protected":false},"featured_media":0,"template":"","meta":{"site-sidebar-layout":"default","site-content-layout":"default","ast-global-header-display":"","ast-main-header-display":"","ast-hfb-above-header-display":"","ast-hfb-below-header-display":"","ast-hfb-mobile-header-display":"","site-post-title":"","ast-breadcrumbs-content":"","ast-featured-img":"","footer-sml-layout":"","theme-transparent-header-meta":"","adv-header-id-meta":"","stick-header-meta":"","header-above-stick-meta":"","header-main-stick-meta":"","header-below-stick-meta":""},"pwb-brand":[61],"product_cat":[62],"product_tag":[],"class_list":{"0":"post-22483","1":"product","2":"type-product","3":"status-publish","5":"pwb-brand-master-sport","6":"product_cat-alatukivarsi","7":"desktop-align-left","8":"tablet-align-left","9":"mobile-align-left","11":"first","12":"instock","13":"product-type-external"},"brands":[{"id":61,"name":"MASTER-SPORT","slug":"master-sport"}],"_links":{"self":[{"href":"https:\/\/www.autonvaraosahaku.fi\/index.php?rest_route=\/wp\/v2\/product\/22483","targetHints":{"allow":["GET"]}}],"collection":[{"href":"https:\/\/www.autonvaraosahaku.fi\/index.php?rest_route=\/wp\/v2\/product"}],"about":[{"href":"https:\/\/www.autonvaraosahaku.fi\/index.php?rest_route=\/wp\/v2\/types\/product"}],"wp:attachment":[{"href":"https:\/\/www.autonvaraosahaku.fi\/index.php?rest_route=%2Fwp%2Fv2%2Fmedia&parent=22483"}],"wp:term":[{"taxonomy":"pwb-brand","embeddable":true,"href":"https:\/\/www.autonvaraosahaku.fi\/index.php?rest_route=%2Fwp%2Fv2%2Fpwb-brand&post=22483"},{"taxonomy":"product_cat","embeddable":true,"href":"https:\/\/www.autonvaraosahaku.fi\/index.php?rest_route=%2Fwp%2Fv2%2Fproduct_cat&post=22483"},{"taxonomy":"product_tag","embeddable":true,"href":"https:\/\/www.autonvaraosahaku.fi\/index.php?rest_route=%2Fwp%2Fv2%2Fproduct_tag&post=22483"}],"curies":[{"name":"wp","href":"https:\/\/api.w.org\/{rel}","templated":true}]}}