{"id":22484,"date":"2021-02-21T14:47:22","date_gmt":"2021-02-21T14:47:22","guid":{"rendered":"https:\/\/www.autonvaraosahaku.fi\/?product=mapco-9855-jarrukengat"},"modified":"2021-02-21T14:47:23","modified_gmt":"2021-02-21T14:47:23","slug":"mapco-9855-jarrukengat","status":"publish","type":"product","link":"https:\/\/www.autonvaraosahaku.fi\/?product=mapco-9855-jarrukengat","title":{"rendered":"MAPCO 9855 Jarrukeng\u00e4t"},"content":{"rendered":"<p>Asennuspuoli: Taka-akseli; Asennusmalli: Esiasennettu; Jarruj\u00e4rjestelm\u00e4: Volkswagen; Rumpul\u00e4pimitta: 180; Kitkapinnan leveys (mm): 31; Lis\u00e4tarvike\/lis\u00e4tieto: Py\u00f6r\u00e4n jarrun sylinterill\u00e4, Tarvikkeilla; Sylinterim\u00e4nn\u00e4n halkaisija [mm]: 15,87; Alustanumerosta: 81-A0046051; VW: LUPO 6X1, 6E1,POLO 86C, 80,POLO Coupe 86C, 80,POLO CLASSIC 86C, 80,PASSAT 32B,DERBY 86C, 80,POLO Kasten 86CF,DERBY 86,PASSAT Stufenheck 32B,SANTANA 32B; AUDI: 80 81, 85, B2; SEAT: AROSA 6H; 171609525A, 171609526A, 171609527F, 171609528F, 171698525AX, 171698525BX, 191609525, 191609526, 191609527, 191609528, 191698051, 531698525X, 867609525, 867609525A, 867609525X, 867609526, 867609526A, 867609527, 867609527A, 867609528, 867609528A, 867698520X, 867698525V, 867698525X, 171609525A, 171609526A, 171609527F, 171609528F, 171698525AX, 171698525BX, 191609525, 191609526, 191609527, 191609528, 191698051, 531698525X, 867609525, 867609525A, 867609525X, 867609526, 867609526A, 867609527, 867609527A, 867609528, 867609528A, 867698520X, 867698525V, 867698525X, 171609525A, 171609526A, 171609527F, 171609528F, 171698525AX, 171698525BX, 191609525, 191609526, 191609527, 191609528, 191698051, 531698525X, 867609525, 867609525A, 867609525X, 867609526, 867609526A, 867609527, 867609527A, 867609528, 867609528A, 867698520X, 867698525V, 867698525X, 171609525A, 171609526A, 171609527F, 171609528F, 171698525AX, 171698525BX, 191609525, 191609526, 191609527, 191609528, 191698051, 531698525X, 867609525, 867&#8230;<\/p>\n","protected":false},"excerpt":{"rendered":"<p>MAPCO Jarrukenk\u00e4sarja, Rumpujarru 9855  VW,AUDI,SEAT,LUPO 6X1, 6E1,POLO 86C, 80,POLO Coupe 86C, 80,POLO CLASSIC 86C, 80,PASSAT 32B,DERBY 86C, 80<\/p>\n","protected":false},"featured_media":0,"template":"","meta":{"site-sidebar-layout":"default","site-content-layout":"default","ast-global-header-display":"","ast-main-header-display":"","ast-hfb-above-header-display":"","ast-hfb-below-header-display":"","ast-hfb-mobile-header-display":"","site-post-title":"","ast-breadcrumbs-content":"","ast-featured-img":"","footer-sml-layout":"","theme-transparent-header-meta":"","adv-header-id-meta":"","stick-header-meta":"","header-above-stick-meta":"","header-main-stick-meta":"","header-below-stick-meta":""},"pwb-brand":[36],"product_cat":[176],"product_tag":[],"class_list":{"0":"post-22484","1":"product","2":"type-product","3":"status-publish","5":"pwb-brand-mapco","6":"product_cat-jarrukengat","7":"desktop-align-left","8":"tablet-align-left","9":"mobile-align-left","11":"first","12":"instock","13":"product-type-external"},"brands":[{"id":36,"name":"MAPCO","slug":"mapco"}],"_links":{"self":[{"href":"https:\/\/www.autonvaraosahaku.fi\/index.php?rest_route=\/wp\/v2\/product\/22484","targetHints":{"allow":["GET"]}}],"collection":[{"href":"https:\/\/www.autonvaraosahaku.fi\/index.php?rest_route=\/wp\/v2\/product"}],"about":[{"href":"https:\/\/www.autonvaraosahaku.fi\/index.php?rest_route=\/wp\/v2\/types\/product"}],"wp:attachment":[{"href":"https:\/\/www.autonvaraosahaku.fi\/index.php?rest_route=%2Fwp%2Fv2%2Fmedia&parent=22484"}],"wp:term":[{"taxonomy":"pwb-brand","embeddable":true,"href":"https:\/\/www.autonvaraosahaku.fi\/index.php?rest_route=%2Fwp%2Fv2%2Fpwb-brand&post=22484"},{"taxonomy":"product_cat","embeddable":true,"href":"https:\/\/www.autonvaraosahaku.fi\/index.php?rest_route=%2Fwp%2Fv2%2Fproduct_cat&post=22484"},{"taxonomy":"product_tag","embeddable":true,"href":"https:\/\/www.autonvaraosahaku.fi\/index.php?rest_route=%2Fwp%2Fv2%2Fproduct_tag&post=22484"}],"curies":[{"name":"wp","href":"https:\/\/api.w.org\/{rel}","templated":true}]}}