{"id":22488,"date":"2021-02-21T14:47:22","date_gmt":"2021-02-21T14:47:22","guid":{"rendered":"https:\/\/www.autonvaraosahaku.fi\/?product=topran-722-520-kampiakselin-tiiviste"},"modified":"2021-02-21T14:47:24","modified_gmt":"2021-02-21T14:47:24","slug":"topran-722-520-kampiakselin-tiiviste","status":"publish","type":"product","link":"https:\/\/www.autonvaraosahaku.fi\/?product=topran-722-520-kampiakselin-tiiviste","title":{"rendered":"TOPRAN 722 520 Kampiakselin tiiviste"},"content":{"rendered":"<p>Asennuspuoli: Etup\u00e4\u00e4; Korkeus (mm): 7; Ulkol\u00e4pimitta [mm]: 62; Sis\u00e4l\u00e4pimitta [mm]: 42; Materiaali: MVQ (silikooni\/kautsu); Suojavaippa: Suojakumilla; Rihlamalli: Oikea kierre; Vaihteistomalli: Automatikgetriebe; OPEL: GRANDLAND X A18; FORD: FOCUS II Kombi DA_,MONDEO IV Turnier BA7,FOCUS II DA_,S-MAX WA6,FOCUS III Turnier,GALAXY WA6,KUGA I,C-MAX DM2,FOCUS III,C-MAX II,MONDEO IV BA7,FOCUS III Stufenheck,MONDEO IV Stufenheck BA7; PEUGEOT: 206 Schr\u00e4gheck 2A\/C,307 SW 3H,307 CC 3B,407 SW 6E_,307 3A\/C,308 SW,206 SW 2E\/K,807 E,308 4A_, 4C_,BOXER Kasten,5008,307 Break 3E,508 SW,607 9D, 9U,407 6D_,3008,406 Break 8E\/F,RCZ,308 CC,4007 GP_,PARTNER Kasten 5,406 8B,508,EXPERT Tepee VF3V_,EXPERT Kasten VF3A_, VF3U_, VF3X_,BOXER Kasten 244,BOXER Bus,EXPERT Kasten 222,BOXER Pritsche\/Fahrgestell,308 II,BOXER Bus 244, Z_,EXPERT 224,BOXER Pritsche\/Fahrgestell 244,EXPERT Pritsche\/Fahrgestell 223,308 SW II,EXPERT Pritsche\/Fahrgestell,3008 SUV,EXPERT Kasten,5008 II,TRAVELLER; CITRO\u00cbN: BERLINGO MF,XSARA PICASSO N68,C5 III Break TD_,C8 EA_, EB_,C4 I LC_,JUMPER Kasten,BERLINGO Kasten M_,C5 II Break RE_,C5 I DC_,C5 I Break DE_,C5 III RD_,XSARA N1,C4 II B7,C5 II RC_,C-CROSSER EP_,XSARA Break N2,JUMPY,JUMPER Kasten 244,C6 TD_,JUMPY Kasten,C4 Grand Picasso II,C4 Picasso II,DS4,JUMPER Bus,DS5,JUMPER Pritsche\/Fahrgestell,JUMPY U6U,JUMPY Kasten BS_, BT_, BY_, BZ_,JUMPER Bus 244, Z_,JUMPER Pritsche\/Fahrgestell 244,JUMPY Pritsche\/Fahrgestell BU_, BV_, BW_, BX_,SPACETOURER,JUMPY Pritsche\/Fahrgestell; VOLVO: V50 MW,V70 III BW,C30,S40 II MS; LAND ROVER: FREELANDER 2 FA_,RANGE ROVER EVOQUE LV,DISCOVERY SPORT LC; DS: DS5,DS7 Crossback,DS 4 \/ DS 4 CROSSBACK; VAUXHALL: GRANDLAND X A18; 012747, 012747, 1231922, 1313822, 1350608, 1826503, 3M5Q6700BA, 3M5Q6700BB, 3M5Q6700BC, LR000673, LR052514, MN982075, 012747, 012747, 012747, 30725003, 30725876, 30757227, 8653739; Akselitiiviste, Kampiakseli<\/p>\n","protected":false},"excerpt":{"rendered":"<p>TOPRAN Kampiakselin Tiiviste 722 520 Akselitiiviste, Kampiakseli OPEL,FORD,PEUGEOT,GRANDLAND X A18,FOCUS II Kombi DA_,MONDEO IV Turnier BA7<\/p>\n","protected":false},"featured_media":0,"template":"","meta":{"site-sidebar-layout":"default","site-content-layout":"default","ast-global-header-display":"","ast-main-header-display":"","ast-hfb-above-header-display":"","ast-hfb-below-header-display":"","ast-hfb-mobile-header-display":"","site-post-title":"","ast-breadcrumbs-content":"","ast-featured-img":"","footer-sml-layout":"","theme-transparent-header-meta":"","adv-header-id-meta":"","stick-header-meta":"","header-above-stick-meta":"","header-main-stick-meta":"","header-below-stick-meta":""},"pwb-brand":[18],"product_cat":[88],"product_tag":[],"class_list":{"0":"post-22488","1":"product","2":"type-product","3":"status-publish","5":"pwb-brand-topran","6":"product_cat-kampiakselin-tiiviste","7":"desktop-align-left","8":"tablet-align-left","9":"mobile-align-left","11":"first","12":"instock","13":"product-type-external"},"brands":[{"id":18,"name":"TOPRAN","slug":"topran"}],"_links":{"self":[{"href":"https:\/\/www.autonvaraosahaku.fi\/index.php?rest_route=\/wp\/v2\/product\/22488","targetHints":{"allow":["GET"]}}],"collection":[{"href":"https:\/\/www.autonvaraosahaku.fi\/index.php?rest_route=\/wp\/v2\/product"}],"about":[{"href":"https:\/\/www.autonvaraosahaku.fi\/index.php?rest_route=\/wp\/v2\/types\/product"}],"wp:attachment":[{"href":"https:\/\/www.autonvaraosahaku.fi\/index.php?rest_route=%2Fwp%2Fv2%2Fmedia&parent=22488"}],"wp:term":[{"taxonomy":"pwb-brand","embeddable":true,"href":"https:\/\/www.autonvaraosahaku.fi\/index.php?rest_route=%2Fwp%2Fv2%2Fpwb-brand&post=22488"},{"taxonomy":"product_cat","embeddable":true,"href":"https:\/\/www.autonvaraosahaku.fi\/index.php?rest_route=%2Fwp%2Fv2%2Fproduct_cat&post=22488"},{"taxonomy":"product_tag","embeddable":true,"href":"https:\/\/www.autonvaraosahaku.fi\/index.php?rest_route=%2Fwp%2Fv2%2Fproduct_tag&post=22488"}],"curies":[{"name":"wp","href":"https:\/\/api.w.org\/{rel}","templated":true}]}}