{"id":22501,"date":"2021-02-21T14:47:26","date_gmt":"2021-02-21T14:47:26","guid":{"rendered":"https:\/\/www.autonvaraosahaku.fi\/?product=hjs-92-09-1055-anturit-sensorit"},"modified":"2021-02-21T14:47:27","modified_gmt":"2021-02-21T14:47:27","slug":"hjs-92-09-1055-anturit-sensorit","status":"publish","type":"product","link":"https:\/\/www.autonvaraosahaku.fi\/?product=hjs-92-09-1055-anturit-sensorit","title":{"rendered":"HJS 92 09 1055 Anturit (sensorit)"},"content":{"rendered":"<p>Pakoputkisto: autoille alkuper\u00e4isasennetulla noki-\/hiukkassuodattimella; Valmistajan pakokaasunormille: Euro 6; Korvaava tuote\/korvaava tiedote 2: ilman liit\u00e4nt\u00e4johtoa; lis\u00e4tieto: CST1251; Moottorinumero: K9K 626; NISSAN: NV300 Kasten X82; MERCEDES-BENZ: B-CLASS W246, W242,A-CLASS W176,CLA Coupe C117,CITAN Kasten 415,CITAN Kombi 415,CITAN Mixto 415,C-CLASS T-Model S205,C-CLASS W205,GLA-CLASS X156,VITO Tourer W447,CLA Shooting Brake X117,VITO Kasten W447,VITO Mixto W447; OPEL: MOVANO B Kasten,MOVANO B Bus,MOVANO B Pritsche\/Fahrgestell,VIVARO Combi,VIVARO Kasten; DACIA: DUSTER,SANDERO II,LODGY,LOGAN MCV II,DOKKER,DOKKER Express,LOGAN II,DUSTER Kasten; FIAT: TALENTO Kasten 296_,TALENTO Bus 296_,TALENTO Pritsche\/Fahrgestell 296_; RENAULT: MEGANE III Grandtour KZ0\/1,SC\u00c9NIC III JZ0\/1_,CLIO IV,MEGANE III Schr\u00e4gheck BZ0_,GRAND SC\u00c9NIC III JZ0\/1_,MEGANE III Coupe DZ0\/1_,KANGOO \/ GRAND KANGOO KW0\/1_,CAPTUR,MASTER III Kasten FV,KANGOO Express FW0\/1_,CLIO Grandtour IV,KANGOO BE BOP KW0\/1_,MASTER III Bus JV,FLUENCE L30_,TRAFIC III Kasten,TRAFIC III Bus,KADJAR,MEGANE IV B9A\/M_,MEGANE IV Grandtour K9A\/M_,ESPACE V,TALISMAN Grandtour KP_,TALISMAN,GRAND SC\u00c9NIC IV R9_,SC\u00c9NIC IV J9_,KOLEOS II; VAUXHALL: VIVARO Kasten,VIVARO Combi; 227701177R, 6000616924, 6269052200, A6269052200, 227701177R, 2277100Q0A, 4424052, 93455375, 93457569, 95520941, 208156551R, 208158007R, 208158341R, 227701177R, 208156551R, 227701177R; Sensori Pakokaasupaine<\/p>\n","protected":false},"excerpt":{"rendered":"<p>HJS DPF Paine-Eroanturi 92 09 1055 Sensori Pakokaasupaine NISSAN,MERCEDES-BENZ,OPEL,NV300 Kasten X82,B-CLASS W246, W242,A-CLASS W176,CLA Coupe C117<\/p>\n","protected":false},"featured_media":0,"template":"","meta":{"site-sidebar-layout":"default","site-content-layout":"default","ast-global-header-display":"","ast-main-header-display":"","ast-hfb-above-header-display":"","ast-hfb-below-header-display":"","ast-hfb-mobile-header-display":"","site-post-title":"","ast-breadcrumbs-content":"","ast-featured-img":"","footer-sml-layout":"","theme-transparent-header-meta":"","adv-header-id-meta":"","stick-header-meta":"","header-above-stick-meta":"","header-main-stick-meta":"","header-below-stick-meta":""},"pwb-brand":[344],"product_cat":[98],"product_tag":[],"class_list":{"0":"post-22501","1":"product","2":"type-product","3":"status-publish","5":"pwb-brand-hjs","6":"product_cat-anturit-sensorit","7":"desktop-align-left","8":"tablet-align-left","9":"mobile-align-left","11":"first","12":"instock","13":"product-type-external"},"brands":[{"id":344,"name":"HJS","slug":"hjs"}],"_links":{"self":[{"href":"https:\/\/www.autonvaraosahaku.fi\/index.php?rest_route=\/wp\/v2\/product\/22501","targetHints":{"allow":["GET"]}}],"collection":[{"href":"https:\/\/www.autonvaraosahaku.fi\/index.php?rest_route=\/wp\/v2\/product"}],"about":[{"href":"https:\/\/www.autonvaraosahaku.fi\/index.php?rest_route=\/wp\/v2\/types\/product"}],"wp:attachment":[{"href":"https:\/\/www.autonvaraosahaku.fi\/index.php?rest_route=%2Fwp%2Fv2%2Fmedia&parent=22501"}],"wp:term":[{"taxonomy":"pwb-brand","embeddable":true,"href":"https:\/\/www.autonvaraosahaku.fi\/index.php?rest_route=%2Fwp%2Fv2%2Fpwb-brand&post=22501"},{"taxonomy":"product_cat","embeddable":true,"href":"https:\/\/www.autonvaraosahaku.fi\/index.php?rest_route=%2Fwp%2Fv2%2Fproduct_cat&post=22501"},{"taxonomy":"product_tag","embeddable":true,"href":"https:\/\/www.autonvaraosahaku.fi\/index.php?rest_route=%2Fwp%2Fv2%2Fproduct_tag&post=22501"}],"curies":[{"name":"wp","href":"https:\/\/api.w.org\/{rel}","templated":true}]}}