{"id":22521,"date":"2021-02-21T14:47:31","date_gmt":"2021-02-21T14:47:31","guid":{"rendered":"https:\/\/www.autonvaraosahaku.fi\/?product=tedgum-ted54185-jousijalan-tukilaakeri"},"modified":"2021-02-21T14:47:31","modified_gmt":"2021-02-21T14:47:31","slug":"tedgum-ted54185-jousijalan-tukilaakeri","status":"publish","type":"product","link":"https:\/\/www.autonvaraosahaku.fi\/?product=tedgum-ted54185-jousijalan-tukilaakeri","title":{"rendered":"TEDGUM TED54185 Jousijalan tukilaakeri"},"content":{"rendered":"<p>Lukum\u00e4\u00e4r\u00e4 akselille: 2; Asennuspuoli: Taka-akseli, Yl\u00e4puolella; ABARTH: 500 \/ 595 312_; FORD: KA RU8; FIAT: 500 312,500 C 312,PANDA 312,PANDA VAN 312; 51846485, 51857841, 51860150, 51864833, 51925898, 51955345, 51957098, 1578532, 1672372, 1753050, 50710807, 9S5118125AC, BS5118125AA<\/p>\n","protected":false},"excerpt":{"rendered":"<p>TEDGUM Iskunvaimentimen Hela TED54185  ABARTH,FORD,FIAT,500 \/ 595 312_,KA RU8,500 312,500 C 312,PANDA 312,PANDA VAN 312<\/p>\n","protected":false},"featured_media":0,"template":"","meta":{"site-sidebar-layout":"default","site-content-layout":"default","ast-global-header-display":"","ast-main-header-display":"","ast-hfb-above-header-display":"","ast-hfb-below-header-display":"","ast-hfb-mobile-header-display":"","site-post-title":"","ast-breadcrumbs-content":"","ast-featured-img":"","footer-sml-layout":"","theme-transparent-header-meta":"","adv-header-id-meta":"","stick-header-meta":"","header-above-stick-meta":"","header-main-stick-meta":"","header-below-stick-meta":""},"pwb-brand":[155],"product_cat":[45],"product_tag":[],"class_list":{"0":"post-22521","1":"product","2":"type-product","3":"status-publish","5":"pwb-brand-tedgum","6":"product_cat-jousijalan-tukilaakeri","7":"desktop-align-left","8":"tablet-align-left","9":"mobile-align-left","11":"first","12":"instock","13":"product-type-external"},"brands":[{"id":155,"name":"TEDGUM","slug":"tedgum"}],"_links":{"self":[{"href":"https:\/\/www.autonvaraosahaku.fi\/index.php?rest_route=\/wp\/v2\/product\/22521","targetHints":{"allow":["GET"]}}],"collection":[{"href":"https:\/\/www.autonvaraosahaku.fi\/index.php?rest_route=\/wp\/v2\/product"}],"about":[{"href":"https:\/\/www.autonvaraosahaku.fi\/index.php?rest_route=\/wp\/v2\/types\/product"}],"wp:attachment":[{"href":"https:\/\/www.autonvaraosahaku.fi\/index.php?rest_route=%2Fwp%2Fv2%2Fmedia&parent=22521"}],"wp:term":[{"taxonomy":"pwb-brand","embeddable":true,"href":"https:\/\/www.autonvaraosahaku.fi\/index.php?rest_route=%2Fwp%2Fv2%2Fpwb-brand&post=22521"},{"taxonomy":"product_cat","embeddable":true,"href":"https:\/\/www.autonvaraosahaku.fi\/index.php?rest_route=%2Fwp%2Fv2%2Fproduct_cat&post=22521"},{"taxonomy":"product_tag","embeddable":true,"href":"https:\/\/www.autonvaraosahaku.fi\/index.php?rest_route=%2Fwp%2Fv2%2Fproduct_tag&post=22521"}],"curies":[{"name":"wp","href":"https:\/\/api.w.org\/{rel}","templated":true}]}}