{"id":22526,"date":"2021-02-21T14:47:31","date_gmt":"2021-02-21T14:47:31","guid":{"rendered":"https:\/\/www.autonvaraosahaku.fi\/?product=calorstat-by-vernet-te7250-103j-termostaatti"},"modified":"2021-02-21T14:47:32","modified_gmt":"2021-02-21T14:47:32","slug":"calorstat-by-vernet-te7250-103j-termostaatti","status":"publish","type":"product","link":"https:\/\/www.autonvaraosahaku.fi\/?product=calorstat-by-vernet-te7250-103j-termostaatti","title":{"rendered":"CALORSTAT by Vernet TE7250.103J Termostaatti"},"content":{"rendered":"<p>Avausl\u00e4mp\u00f6tila [\u00b0C]: 103; Lis\u00e4tarvike\/lis\u00e4tieto: Tiivisteill\u00e4; K\u00e4ytt\u00f6: s\u00e4hk\u00f6ohjattu; CHEVROLET: ORLANDO J309,CRUZE J300,CRUZE Station Wagon J308,AVEO Schr\u00e4gheck T300,CRUZE Schr\u00e4gheck J305,TRAX; OPEL: CORSA D,ASTRA J Sports Tourer,INSIGNIA Caravan,ASTRA J,MERIVA B,ZAFIRA TOURER C P12,MOKKA,ADAM,INSIGNIA,INSIGNIA Stufenheck,ASTRA GTC J,ASTRA J Stufenheck,CORSA D Van,CASCADA W13,CORSA E; VAUXHALL: CORSA Mk III D L_8,INSIGNIA Mk I A,ADAM,INSIGNIA Mk I A Estate,ZAFIRA Mk III P12,ASTRA Mk VI J CC,INSIGNIA Mk I A Sedan,ASTRA Mk VI J,MERIVA Mk II B,ASTRA Mk VI J Sedan,ASTRA Mk VI J Estate,MOKKA,CORSA Mk IV E; 25200455, 55579010, 55593034, 1338031, 1338251, 1338380, 25200455, 25200455, 55565336, 55579010, 55593034; Termostaatti, J\u00e4\u00e4hdytysneste<\/p>\n","protected":false},"excerpt":{"rendered":"<p>CALORSTAT by Vernet Termostaatti TE7250.103J Termostaatti, J\u00e4\u00e4hdytysneste CHEVROLET,OPEL,VAUXHALL,ORLANDO J309,CRUZE J300,CRUZE Station Wagon J308<\/p>\n","protected":false},"featured_media":0,"template":"","meta":{"site-sidebar-layout":"default","site-content-layout":"default","ast-global-header-display":"","ast-main-header-display":"","ast-hfb-above-header-display":"","ast-hfb-below-header-display":"","ast-hfb-mobile-header-display":"","site-post-title":"","ast-breadcrumbs-content":"","ast-featured-img":"","footer-sml-layout":"","theme-transparent-header-meta":"","adv-header-id-meta":"","stick-header-meta":"","header-above-stick-meta":"","header-main-stick-meta":"","header-below-stick-meta":""},"pwb-brand":[343],"product_cat":[174],"product_tag":[],"class_list":{"0":"post-22526","1":"product","2":"type-product","3":"status-publish","5":"pwb-brand-calorstat-by-vernet","6":"product_cat-termostaatti","7":"desktop-align-left","8":"tablet-align-left","9":"mobile-align-left","11":"first","12":"instock","13":"product-type-external"},"brands":[{"id":343,"name":"CALORSTAT by Vernet","slug":"calorstat-by-vernet"}],"_links":{"self":[{"href":"https:\/\/www.autonvaraosahaku.fi\/index.php?rest_route=\/wp\/v2\/product\/22526","targetHints":{"allow":["GET"]}}],"collection":[{"href":"https:\/\/www.autonvaraosahaku.fi\/index.php?rest_route=\/wp\/v2\/product"}],"about":[{"href":"https:\/\/www.autonvaraosahaku.fi\/index.php?rest_route=\/wp\/v2\/types\/product"}],"wp:attachment":[{"href":"https:\/\/www.autonvaraosahaku.fi\/index.php?rest_route=%2Fwp%2Fv2%2Fmedia&parent=22526"}],"wp:term":[{"taxonomy":"pwb-brand","embeddable":true,"href":"https:\/\/www.autonvaraosahaku.fi\/index.php?rest_route=%2Fwp%2Fv2%2Fpwb-brand&post=22526"},{"taxonomy":"product_cat","embeddable":true,"href":"https:\/\/www.autonvaraosahaku.fi\/index.php?rest_route=%2Fwp%2Fv2%2Fproduct_cat&post=22526"},{"taxonomy":"product_tag","embeddable":true,"href":"https:\/\/www.autonvaraosahaku.fi\/index.php?rest_route=%2Fwp%2Fv2%2Fproduct_tag&post=22526"}],"curies":[{"name":"wp","href":"https:\/\/api.w.org\/{rel}","templated":true}]}}